{"id":114380,"date":"2026-02-17T09:14:18","date_gmt":"2026-02-17T09:14:18","guid":{"rendered":"https:\/\/modesthanim.com\/product\/mama-2-parcali-pamuklu-set\/"},"modified":"2026-04-04T18:12:32","modified_gmt":"2026-04-04T18:12:32","slug":"mama-2-parcali-pamuklu-set","status":"publish","type":"product","link":"https:\/\/mod.wisdar.net\/tr\/urun\/mama-2-parcali-pamuklu-set\/","title":{"rendered":"MAMA 2 Par\u00e7al\u0131 Pamuklu Set"},"content":{"rendered":"<p>Pamuklu yumu\u015fak jarseden ti\u015f\u00f6rt ve k\u0131sa tayt i\u00e7eren rahat set. Karna en iyi \u015fekilde oturmas\u0131 i\u00e7in beli geni\u015f jarse panelli diz boyu \u015fort.<\/p>\n<p>\u2014 Technical Details \u2014<br \/>\nweight: 505 g<br \/>\npieces: 2<br \/>\nconcept: MAMA<br \/>\ndetailed_description: Siyah, D\u00fcz renkli<br \/>\ngarment_length: K\u0131sa<br \/>\nsleeve_length: K\u0131sa kollu<br \/>\nclothing_style: Bisiklet \u015eortu<br \/>\nneck_line_style: Yuvarlak yakal\u0131<br \/>\nquantity_sales_mode: Set<br \/>\nmaterial: Pamuk, Jarse<\/p>\n","protected":false},"excerpt":{"rendered":"<p>Pamuklu yumu\u015fak jarseden ti\u015f\u00f6rt ve k\u0131sa tayt i\u00e7eren rahat set. Karna en iyi \u015fekilde oturmas\u0131 i\u00e7in beli geni\u015f jarse panelli diz boyu \u015fort. \u2014 Technical Details \u2014 weight: 505 g pieces: 2 concept: MAMA detailed_description: Siyah, D\u00fcz renkli garment_length: K\u0131sa sleeve_length: K\u0131sa kollu clothing_style: Bisiklet \u015eortu neck_line_style: Yuvarlak yakal\u0131 quantity_sales_mode: Set material: Pamuk, Jarse<\/p>\n","protected":false},"featured_media":114374,"comment_status":"open","ping_status":"closed","template":"","meta":[],"product_brand":[],"product_cat":[8763,8772],"product_tag":[7638,7426,7444,6751],"class_list":{"0":"post-114380","1":"product","2":"type-product","3":"status-publish","4":"has-post-thumbnail","6":"product_cat-hamilelik-urunleri","7":"product_cat-pijama-takimlari","8":"product_tag-aktif-giyim","9":"product_tag-gunluk-giyim-3","10":"product_tag-jarse","11":"product_tag-rahat","12":"pa_brand-hm","13":"pa_color-siyah","14":"pa_size-l","15":"pa_size-m","16":"pa_size-s","17":"pa_size-xl","18":"pa_size-xs","19":"pa_size-xxl","21":"first","22":"outofstock","23":"shipping-taxable","24":"product-type-variable"},"_links":{"self":[{"href":"https:\/\/mod.wisdar.net\/tr\/wp-json\/wp\/v2\/product\/114380","targetHints":{"allow":["GET"]}}],"collection":[{"href":"https:\/\/mod.wisdar.net\/tr\/wp-json\/wp\/v2\/product"}],"about":[{"href":"https:\/\/mod.wisdar.net\/tr\/wp-json\/wp\/v2\/types\/product"}],"replies":[{"embeddable":true,"href":"https:\/\/mod.wisdar.net\/tr\/wp-json\/wp\/v2\/comments?post=114380"}],"wp:featuredmedia":[{"embeddable":true,"href":"https:\/\/mod.wisdar.net\/tr\/wp-json\/wp\/v2\/media\/114374"}],"wp:attachment":[{"href":"https:\/\/mod.wisdar.net\/tr\/wp-json\/wp\/v2\/media?parent=114380"}],"wp:term":[{"taxonomy":"product_brand","embeddable":true,"href":"https:\/\/mod.wisdar.net\/tr\/wp-json\/wp\/v2\/product_brand?post=114380"},{"taxonomy":"product_cat","embeddable":true,"href":"https:\/\/mod.wisdar.net\/tr\/wp-json\/wp\/v2\/product_cat?post=114380"},{"taxonomy":"product_tag","embeddable":true,"href":"https:\/\/mod.wisdar.net\/tr\/wp-json\/wp\/v2\/product_tag?post=114380"}],"curies":[{"name":"wp","href":"https:\/\/api.w.org\/{rel}","templated":true}]}}