{"id":114412,"date":"2026-02-17T09:14:37","date_gmt":"2026-02-17T09:14:37","guid":{"rendered":"https:\/\/modesthanim.com\/product\/mama-kirisik-kumasli-sargili-elbise\/"},"modified":"2026-04-02T21:28:43","modified_gmt":"2026-04-02T21:28:43","slug":"mama-kirisik-kumasli-sargili-elbise","status":"publish","type":"product","link":"https:\/\/mod.wisdar.net\/tr\/urun\/mama-kirisik-kumasli-sargili-elbise\/","title":{"rendered":"MAMA K\u0131r\u0131\u015f\u0131k Kuma\u015fl\u0131 Sarg\u0131l\u0131 Elbise"},"content":{"rendered":"<p>Bald\u0131r boyu, k\u0131sa kollu, V yakal\u0131, \u00f6nden sarg\u0131l\u0131 tasar\u0131ma sahip k\u0131r\u0131\u015f\u0131k jarse elbise. Bir yan\u0131nda ba\u011fc\u0131klar, di\u011fer yan\u0131nda gizli d\u00fc\u011fme bulunur. K\u0131smen astarl\u0131d\u0131r.<\/p>\n<p>\u2014 Teknik Detaylar \u2014<br \/>\nKonsept: MAMA<br \/>\nDetayl\u0131 A\u00e7\u0131klama: Beyaz\/K\u0131rm\u0131z\u0131, Desenli<br \/>\nModel Bedeni: Modelin boyu: 179cm\/5&#8217;10\u201d Bedeni: S<br \/>\nElbise Uzunlu\u011fu: K\u0131sa<br \/>\nKol Uzunlu\u011fu: K\u0131sa kollu<br \/>\nKesim: Normal kesim<br \/>\nStil: Sarg\u0131l\u0131<br \/>\nYaka: V yakal\u0131<br \/>\nAdet: Tek<br \/>\nKuma\u015f T\u00fcr\u00fc: Jarse<br \/>\nAstarlama: Polyester %100<br \/>\nBak\u0131m Talimatlar\u0131: [&#8216;Gerekti\u011finde a\u011fart\u0131c\u0131s\u0131z \u00e7ama\u015f\u0131r suyu kullan\u0131labilir&#8217;, &#8216;Asarak kurutma&#8217;, &#8216;\u00dct\u00fclenmez&#8217;, &#8217;40\u00b0C makinede y\u0131kama&#8217;, &#8216;Kuru temizleme yap\u0131labilir&#8217;]<\/p>\n","protected":false},"excerpt":{"rendered":"<p>Bald\u0131r boyu, k\u0131sa kollu, V yakal\u0131, \u00f6nden sarg\u0131l\u0131 tasar\u0131ma sahip k\u0131r\u0131\u015f\u0131k jarse elbise. Bir yan\u0131nda ba\u011fc\u0131klar, di\u011fer yan\u0131nda gizli d\u00fc\u011fme bulunur. K\u0131smen astarl\u0131d\u0131r. \u2014 Teknik Detaylar \u2014 Konsept: MAMA Detayl\u0131 A\u00e7\u0131klama: Beyaz\/K\u0131rm\u0131z\u0131, Desenli Model Bedeni: Modelin boyu: 179cm\/5&#8217;10\u201d Bedeni: S Elbise Uzunlu\u011fu: K\u0131sa Kol Uzunlu\u011fu: K\u0131sa kollu Kesim: Normal kesim Stil: Sarg\u0131l\u0131 Yaka: V yakal\u0131 [&hellip;]<\/p>\n","protected":false},"featured_media":114399,"comment_status":"open","ping_status":"closed","template":"","meta":[],"product_brand":[],"product_cat":[8766,8763],"product_tag":[],"class_list":{"0":"post-114412","1":"product","2":"type-product","3":"status-publish","4":"has-post-thumbnail","6":"product_cat-hamile-elbiseleri","7":"product_cat-hamilelik-urunleri","8":"pa_brand-hm","9":"pa_color-acik-bej","10":"pa_color-krem-siyah-desenli","11":"pa_size-l","12":"pa_size-m","13":"pa_size-s","14":"pa_size-xl","15":"pa_size-xs","17":"first","18":"outofstock","19":"shipping-taxable","20":"product-type-variable"},"_links":{"self":[{"href":"https:\/\/mod.wisdar.net\/tr\/wp-json\/wp\/v2\/product\/114412","targetHints":{"allow":["GET"]}}],"collection":[{"href":"https:\/\/mod.wisdar.net\/tr\/wp-json\/wp\/v2\/product"}],"about":[{"href":"https:\/\/mod.wisdar.net\/tr\/wp-json\/wp\/v2\/types\/product"}],"replies":[{"embeddable":true,"href":"https:\/\/mod.wisdar.net\/tr\/wp-json\/wp\/v2\/comments?post=114412"}],"wp:featuredmedia":[{"embeddable":true,"href":"https:\/\/mod.wisdar.net\/tr\/wp-json\/wp\/v2\/media\/114399"}],"wp:attachment":[{"href":"https:\/\/mod.wisdar.net\/tr\/wp-json\/wp\/v2\/media?parent=114412"}],"wp:term":[{"taxonomy":"product_brand","embeddable":true,"href":"https:\/\/mod.wisdar.net\/tr\/wp-json\/wp\/v2\/product_brand?post=114412"},{"taxonomy":"product_cat","embeddable":true,"href":"https:\/\/mod.wisdar.net\/tr\/wp-json\/wp\/v2\/product_cat?post=114412"},{"taxonomy":"product_tag","embeddable":true,"href":"https:\/\/mod.wisdar.net\/tr\/wp-json\/wp\/v2\/product_tag?post=114412"}],"curies":[{"name":"wp","href":"https:\/\/api.w.org\/{rel}","templated":true}]}}