{"id":11446,"date":"2025-11-07T20:16:06","date_gmt":"2025-11-01T21:09:49","guid":{"rendered":"https:\/\/modesthanim.com\/product\/ketenli-palazzo-pantolon-beyaz\/"},"modified":"2026-04-10T16:11:40","modified_gmt":"2026-04-10T16:11:40","slug":"ketenli-palazzo-pantolon-beyaz","status":"publish","type":"product","link":"https:\/\/mod.wisdar.net\/tr\/urun\/ketenli-palazzo-pantolon-beyaz\/","title":{"rendered":"Ketenli Palazzo Pantolon Beyaz"},"content":{"rendered":"<p>Keten kar\u0131\u015f\u0131ml\u0131 dokuma kuma\u015ftan \u00fcretilmi\u015f, fermuarl\u0131 ve d\u00fc\u011fmeli \u00f6n k\u0131s\u0131m, cepli, palazzo kesim pantolon. 1BEDEN (36-38): Uzunluk: 107 cm, Bel: 32 cm, Elle Geni\u015fletilmi\u015f Bel: 43 cm, Basen: 58 cm. 2BEDEN (40-42): Uzunluk: 108 cm, Bel: 34 cm, Elle Geni\u015fletilmi\u015f Bel: 45 cm, Basen: 60 cm.<\/p>\n","protected":false},"excerpt":{"rendered":"<p>Keten kar\u0131\u015f\u0131ml\u0131 dokuma kuma\u015ftan \u00fcretilmi\u015f, fermuarl\u0131 ve d\u00fc\u011fmeli \u00f6n k\u0131s\u0131m, cepli, palazzo kesim pantolon. 1BEDEN (36-38): Uzunluk: 107 cm, Bel: 32 cm, Elle Geni\u015fletilmi\u015f Bel: 43 cm, Basen: 58 cm. 2BEDEN (40-42): Uzunluk: 108 cm, Bel: 34 cm, Elle Geni\u015fletilmi\u015f Bel: 45 cm, Basen: 60 cm.<\/p>\n","protected":false},"featured_media":0,"comment_status":"open","ping_status":"closed","template":"","meta":[],"product_brand":[],"product_cat":[1882],"product_tag":[],"class_list":{"0":"post-11446","1":"product","2":"type-product","3":"status-publish","5":"product_cat-alt-giyim","6":"pa_brand-fahhar","7":"pa_color-beyaz","8":"pa_size-1-36-38","9":"pa_size-2-40-42","11":"first","12":"instock","13":"sale","14":"shipping-taxable","15":"purchasable","16":"product-type-variable"},"_links":{"self":[{"href":"https:\/\/mod.wisdar.net\/tr\/wp-json\/wp\/v2\/product\/11446","targetHints":{"allow":["GET"]}}],"collection":[{"href":"https:\/\/mod.wisdar.net\/tr\/wp-json\/wp\/v2\/product"}],"about":[{"href":"https:\/\/mod.wisdar.net\/tr\/wp-json\/wp\/v2\/types\/product"}],"replies":[{"embeddable":true,"href":"https:\/\/mod.wisdar.net\/tr\/wp-json\/wp\/v2\/comments?post=11446"}],"wp:attachment":[{"href":"https:\/\/mod.wisdar.net\/tr\/wp-json\/wp\/v2\/media?parent=11446"}],"wp:term":[{"taxonomy":"product_brand","embeddable":true,"href":"https:\/\/mod.wisdar.net\/tr\/wp-json\/wp\/v2\/product_brand?post=11446"},{"taxonomy":"product_cat","embeddable":true,"href":"https:\/\/mod.wisdar.net\/tr\/wp-json\/wp\/v2\/product_cat?post=11446"},{"taxonomy":"product_tag","embeddable":true,"href":"https:\/\/mod.wisdar.net\/tr\/wp-json\/wp\/v2\/product_tag?post=11446"}],"curies":[{"name":"wp","href":"https:\/\/api.w.org\/{rel}","templated":true}]}}