{"id":114528,"date":"2026-02-17T09:17:17","date_gmt":"2026-02-17T09:17:17","guid":{"rendered":"https:\/\/modesthanim.com\/product\/mama-duz-bilek-pacali-kot-pantolon\/"},"modified":"2026-04-04T19:43:24","modified_gmt":"2026-04-04T19:43:24","slug":"mama-duz-bilek-pacali-kot-pantolon","status":"publish","type":"product","link":"https:\/\/mod.wisdar.net\/tr\/urun\/mama-duz-bilek-pacali-kot-pantolon\/","title":{"rendered":"MAMA D\u00fcz Bilek Pa\u00e7al\u0131 Kot Pantolon"},"content":{"rendered":"<p>Pamuklu kottan \u00fcretilmi\u015f, 5 cepli, yalanc\u0131 patl\u0131 ve d\u00fc\u011fmeli tasar\u0131m\u0131yla \u00f6ne \u00e7\u0131kan bu kot pantolon, karna m\u00fckemmel oturmas\u0131 i\u00e7in bel k\u0131sm\u0131nda geni\u015f jarse panel bulundurur. Bilek boyu d\u00fcz pa\u00e7a kesimiyle \u015f\u0131k ve modern bir g\u00f6r\u00fcn\u00fcm sunar.<\/p>\n<p>\u2014 Teknik Detaylar \u2014<br \/>\na\u011f\u0131rl\u0131k: 550 g<br \/>\nkonsept: MAMA<br \/>\ntan\u0131m: A\u00e7\u0131k kot mavisi, D\u00fcz renk<br \/>\nmodel_beden: Model boyu: 179cm\/5&#8217;10\u201d Beden: S<br \/>\nbeden: \u0130\u00e7 bacak uzunlu\u011fu: 69 cm (M beden)<br \/>\nuzunluk: Bilek boyu<br \/>\nbel_y\u00fcksekli\u011fi: Ultra y\u00fcksek bel<br \/>\nkesim: Normal kesim<br \/>\nstil: D\u00fcz pa\u00e7al\u0131<br \/>\nmalzemeler: Pamuk, Kot<br \/>\ngeri_d\u00f6n\u00fc\u015ft\u00fcr\u00fclm\u00fc\u015f_i\u00e7erik: %10 Geri d\u00f6n\u00fc\u015ft\u00fcr\u00fclm\u00fc\u015f pamuk<br \/>\nbak\u0131m_talimatlar\u0131: Gerekti\u011finde a\u011fart\u0131c\u0131s\u0131z \u00e7ama\u015f\u0131r suyu kullan\u0131labilir, Asarak kurutma, Orta ayarda \u00fct\u00fclenebilir, 40\u00b0C makinede y\u0131kama, Kuru temizleme uygundur<\/p>\n","protected":false},"excerpt":{"rendered":"<p>Pamuklu kottan \u00fcretilmi\u015f, 5 cepli, yalanc\u0131 patl\u0131 ve d\u00fc\u011fmeli tasar\u0131m\u0131yla \u00f6ne \u00e7\u0131kan bu kot pantolon, karna m\u00fckemmel oturmas\u0131 i\u00e7in bel k\u0131sm\u0131nda geni\u015f jarse panel bulundurur. Bilek boyu d\u00fcz pa\u00e7a kesimiyle \u015f\u0131k ve modern bir g\u00f6r\u00fcn\u00fcm sunar. \u2014 Teknik Detaylar \u2014 a\u011f\u0131rl\u0131k: 550 g konsept: MAMA tan\u0131m: A\u00e7\u0131k kot mavisi, D\u00fcz renk model_beden: Model boyu: 179cm\/5&#8217;10\u201d [&hellip;]<\/p>\n","protected":false},"featured_media":114517,"comment_status":"open","ping_status":"closed","template":"","meta":[],"product_brand":[],"product_cat":[8769,8763],"product_tag":[],"class_list":{"0":"post-114528","1":"product","2":"type-product","3":"status-publish","4":"has-post-thumbnail","6":"product_cat-hamile-pantolonlari-ve-taytlari","7":"product_cat-hamilelik-urunleri","8":"pa_brand-hm","9":"pa_color-acik-kot-mavisi","10":"pa_size-l","11":"pa_size-m","12":"pa_size-s","13":"pa_size-xl","14":"pa_size-xs","15":"pa_size-xxl","17":"first","18":"outofstock","19":"shipping-taxable","20":"product-type-variable"},"_links":{"self":[{"href":"https:\/\/mod.wisdar.net\/tr\/wp-json\/wp\/v2\/product\/114528","targetHints":{"allow":["GET"]}}],"collection":[{"href":"https:\/\/mod.wisdar.net\/tr\/wp-json\/wp\/v2\/product"}],"about":[{"href":"https:\/\/mod.wisdar.net\/tr\/wp-json\/wp\/v2\/types\/product"}],"replies":[{"embeddable":true,"href":"https:\/\/mod.wisdar.net\/tr\/wp-json\/wp\/v2\/comments?post=114528"}],"wp:featuredmedia":[{"embeddable":true,"href":"https:\/\/mod.wisdar.net\/tr\/wp-json\/wp\/v2\/media\/114517"}],"wp:attachment":[{"href":"https:\/\/mod.wisdar.net\/tr\/wp-json\/wp\/v2\/media?parent=114528"}],"wp:term":[{"taxonomy":"product_brand","embeddable":true,"href":"https:\/\/mod.wisdar.net\/tr\/wp-json\/wp\/v2\/product_brand?post=114528"},{"taxonomy":"product_cat","embeddable":true,"href":"https:\/\/mod.wisdar.net\/tr\/wp-json\/wp\/v2\/product_cat?post=114528"},{"taxonomy":"product_tag","embeddable":true,"href":"https:\/\/mod.wisdar.net\/tr\/wp-json\/wp\/v2\/product_tag?post=114528"}],"curies":[{"name":"wp","href":"https:\/\/api.w.org\/{rel}","templated":true}]}}