{"id":114538,"date":"2026-02-17T09:17:18","date_gmt":"2026-02-17T09:17:18","guid":{"rendered":"https:\/\/modesthanim.com\/product\/mama-delik-desenli-jarse-pijama-takimi\/"},"modified":"2026-04-03T20:55:05","modified_gmt":"2026-04-03T20:55:05","slug":"mama-delik-desenli-jarse-pijama-takimi","status":"publish","type":"product","link":"https:\/\/mod.wisdar.net\/tr\/urun\/mama-delik-desenli-jarse-pijama-takimi\/","title":{"rendered":"MAMA Delik Desenli Jarse Pijama Tak\u0131m\u0131"},"content":{"rendered":"<p>Pamuklu ve delik desenli yumu\u015fak jarseden \u00fcst ve alt i\u00e7eren pijama tak\u0131m\u0131. Uzun kollu, yuvarlak yakal\u0131 \u00fcst. Beli lastikli alt.<\/p>\n<p>\u2014 Technical Details \u2014<br \/>\nmaterial: Pamuk, Jarse<br \/>\npattern: \u00c7i\u00e7ekli<br \/>\npieces: 2<br \/>\nconcept: MAMA<br \/>\ndescription: Gri k\u0131r\u00e7\u0131ll\u0131\/A\u00e7\u0131k mavi, \u00c7i\u00e7ekli<br \/>\nmodel_size: Modelin boyu: 175cm\/5&#8217;9&#8243; Bedeni: S<br \/>\nlength: Normal uzunlukta, Uzun<br \/>\nwaist_rise: Y\u00fcksek belli<br \/>\nsleeve_length: Uzun kollu<br \/>\nneck_line: Yuvarlak yakal\u0131<br \/>\nquantity: Set<br \/>\nadditional_materials: 3% LENZING\u2122 ECOVERO\u2122 viskoz<\/p>\n","protected":false},"excerpt":{"rendered":"<p>Pamuklu ve delik desenli yumu\u015fak jarseden \u00fcst ve alt i\u00e7eren pijama tak\u0131m\u0131. Uzun kollu, yuvarlak yakal\u0131 \u00fcst. Beli lastikli alt. \u2014 Technical Details \u2014 material: Pamuk, Jarse pattern: \u00c7i\u00e7ekli pieces: 2 concept: MAMA description: Gri k\u0131r\u00e7\u0131ll\u0131\/A\u00e7\u0131k mavi, \u00c7i\u00e7ekli model_size: Modelin boyu: 175cm\/5&#8217;9&#8243; Bedeni: S length: Normal uzunlukta, Uzun waist_rise: Y\u00fcksek belli sleeve_length: Uzun kollu neck_line: [&hellip;]<\/p>\n","protected":false},"featured_media":114521,"comment_status":"open","ping_status":"closed","template":"","meta":[],"product_brand":[],"product_cat":[8763,8772],"product_tag":[7444],"class_list":{"0":"post-114538","1":"product","2":"type-product","3":"status-publish","4":"has-post-thumbnail","6":"product_cat-hamilelik-urunleri","7":"product_cat-pijama-takimlari","8":"product_tag-jarse","9":"pa_brand-hm","10":"pa_color-siyah","11":"pa_size-l","12":"pa_size-m","13":"pa_size-s","14":"pa_size-xl","15":"pa_size-xs","17":"first","18":"outofstock","19":"shipping-taxable","20":"product-type-variable"},"_links":{"self":[{"href":"https:\/\/mod.wisdar.net\/tr\/wp-json\/wp\/v2\/product\/114538","targetHints":{"allow":["GET"]}}],"collection":[{"href":"https:\/\/mod.wisdar.net\/tr\/wp-json\/wp\/v2\/product"}],"about":[{"href":"https:\/\/mod.wisdar.net\/tr\/wp-json\/wp\/v2\/types\/product"}],"replies":[{"embeddable":true,"href":"https:\/\/mod.wisdar.net\/tr\/wp-json\/wp\/v2\/comments?post=114538"}],"wp:featuredmedia":[{"embeddable":true,"href":"https:\/\/mod.wisdar.net\/tr\/wp-json\/wp\/v2\/media\/114521"}],"wp:attachment":[{"href":"https:\/\/mod.wisdar.net\/tr\/wp-json\/wp\/v2\/media?parent=114538"}],"wp:term":[{"taxonomy":"product_brand","embeddable":true,"href":"https:\/\/mod.wisdar.net\/tr\/wp-json\/wp\/v2\/product_brand?post=114538"},{"taxonomy":"product_cat","embeddable":true,"href":"https:\/\/mod.wisdar.net\/tr\/wp-json\/wp\/v2\/product_cat?post=114538"},{"taxonomy":"product_tag","embeddable":true,"href":"https:\/\/mod.wisdar.net\/tr\/wp-json\/wp\/v2\/product_tag?post=114538"}],"curies":[{"name":"wp","href":"https:\/\/api.w.org\/{rel}","templated":true}]}}