{"id":114619,"date":"2026-02-17T09:20:50","date_gmt":"2026-02-17T09:20:50","guid":{"rendered":"https:\/\/modesthanim.com\/product\/mama-2-parcali-pamuklu-set-2\/"},"modified":"2026-04-04T18:13:15","modified_gmt":"2026-04-04T18:13:15","slug":"mama-2-parcali-pamuklu-set-2","status":"publish","type":"product","link":"https:\/\/mod.wisdar.net\/tr\/urun\/mama-2-parcali-pamuklu-set-2\/","title":{"rendered":"MAMA 2 Par\u00e7al\u0131 Pamuklu Set"},"content":{"rendered":"<p>Pamuklu yumu\u015fak jarseden ti\u015f\u00f6rt ve k\u0131sa tayt i\u00e7eren rahat set. Karna en iyi \u015fekilde oturmas\u0131 i\u00e7in beli geni\u015f jarse panelli diz boyu \u015fort.<\/p>\n<p>\u2014 Technical Details \u2014<br \/>\nmaterial: Pamuk, Jarse<br \/>\npattern: D\u00fcz renkli<br \/>\nweight: 505 g<br \/>\npieces: 2<br \/>\nconcept: MAMA<br \/>\ndetailed_descriptions: Tozlu mavi, D\u00fcz renkli<br \/>\ngarment_length: K\u0131sa<br \/>\nsleeve_length: K\u0131sa kollu<br \/>\nclothing_style: Bisiklet \u015eortu<br \/>\nneck_line_style: Yuvarlak yakal\u0131<br \/>\nquantity_sales_mode: Set<\/p>\n","protected":false},"excerpt":{"rendered":"<p>Pamuklu yumu\u015fak jarseden ti\u015f\u00f6rt ve k\u0131sa tayt i\u00e7eren rahat set. Karna en iyi \u015fekilde oturmas\u0131 i\u00e7in beli geni\u015f jarse panelli diz boyu \u015fort. \u2014 Technical Details \u2014 material: Pamuk, Jarse pattern: D\u00fcz renkli weight: 505 g pieces: 2 concept: MAMA detailed_descriptions: Tozlu mavi, D\u00fcz renkli garment_length: K\u0131sa sleeve_length: K\u0131sa kollu clothing_style: Bisiklet \u015eortu neck_line_style: Yuvarlak [&hellip;]<\/p>\n","protected":false},"featured_media":114613,"comment_status":"open","ping_status":"closed","template":"","meta":[],"product_brand":[],"product_cat":[8763,8772],"product_tag":[7444,6751],"class_list":{"0":"post-114619","1":"product","2":"type-product","3":"status-publish","4":"has-post-thumbnail","6":"product_cat-hamilelik-urunleri","7":"product_cat-pijama-takimlari","8":"product_tag-jarse","9":"product_tag-rahat","10":"pa_brand-hm","11":"pa_color-tozlu-mavi","12":"pa_size-l","13":"pa_size-m","14":"pa_size-s","15":"pa_size-xl","16":"pa_size-xs","17":"pa_size-xxl","19":"first","20":"outofstock","21":"shipping-taxable","22":"product-type-variable"},"_links":{"self":[{"href":"https:\/\/mod.wisdar.net\/tr\/wp-json\/wp\/v2\/product\/114619","targetHints":{"allow":["GET"]}}],"collection":[{"href":"https:\/\/mod.wisdar.net\/tr\/wp-json\/wp\/v2\/product"}],"about":[{"href":"https:\/\/mod.wisdar.net\/tr\/wp-json\/wp\/v2\/types\/product"}],"replies":[{"embeddable":true,"href":"https:\/\/mod.wisdar.net\/tr\/wp-json\/wp\/v2\/comments?post=114619"}],"wp:featuredmedia":[{"embeddable":true,"href":"https:\/\/mod.wisdar.net\/tr\/wp-json\/wp\/v2\/media\/114613"}],"wp:attachment":[{"href":"https:\/\/mod.wisdar.net\/tr\/wp-json\/wp\/v2\/media?parent=114619"}],"wp:term":[{"taxonomy":"product_brand","embeddable":true,"href":"https:\/\/mod.wisdar.net\/tr\/wp-json\/wp\/v2\/product_brand?post=114619"},{"taxonomy":"product_cat","embeddable":true,"href":"https:\/\/mod.wisdar.net\/tr\/wp-json\/wp\/v2\/product_cat?post=114619"},{"taxonomy":"product_tag","embeddable":true,"href":"https:\/\/mod.wisdar.net\/tr\/wp-json\/wp\/v2\/product_tag?post=114619"}],"curies":[{"name":"wp","href":"https:\/\/api.w.org\/{rel}","templated":true}]}}