{"id":114667,"date":"2026-02-17T09:22:28","date_gmt":"2026-02-17T09:22:28","guid":{"rendered":"https:\/\/modesthanim.com\/product\/mama-skinny-kot-pantolon\/"},"modified":"2026-04-04T20:07:56","modified_gmt":"2026-04-04T20:07:56","slug":"mama-skinny-kot-pantolon","status":"publish","type":"product","link":"https:\/\/mod.wisdar.net\/tr\/urun\/mama-skinny-kot-pantolon\/","title":{"rendered":"MAMA Skinny Kot Pantolon"},"content":{"rendered":"<p>Stre\u00e7 kottan \u00fcretilmi\u015f, belden pa\u00e7a a\u011f\u0131zlar\u0131na kadar ekstra dar kesimli skinny kot pantolon. \u00d6n k\u0131s\u0131mda yalanc\u0131 cepli, arka k\u0131s\u0131mda ger\u00e7ek cepli tasar\u0131m. Yalanc\u0131 pat detayl\u0131 ve karna m\u00fckemmel oturmas\u0131 i\u00e7in geni\u015f jarse panelli bel k\u0131sm\u0131.<\/p>\n<p>\u2014 Teknik Detaylar \u2014<br \/>\nA\u011f\u0131rl\u0131k: 520 g<br \/>\nKonsept: MAMA<br \/>\nRenk: Koyu kot mavisi, d\u00fcz renk<br \/>\nBeden: \u0130\u00e7 bacak uzunlu\u011fu: 73.5 cm (M beden)<br \/>\nUzunluk: Uzun<br \/>\nBel Y\u00fcksekli\u011fi: Y\u00fcksek belli<br \/>\nKesim: Ekstra dar kesim<br \/>\nMalzeme: Kot<br \/>\nGeri D\u00f6n\u00fc\u015ft\u00fcr\u00fclm\u00fc\u015f Pamuk Oran\u0131: %20<\/p>\n","protected":false},"excerpt":{"rendered":"<p>Stre\u00e7 kottan \u00fcretilmi\u015f, belden pa\u00e7a a\u011f\u0131zlar\u0131na kadar ekstra dar kesimli skinny kot pantolon. \u00d6n k\u0131s\u0131mda yalanc\u0131 cepli, arka k\u0131s\u0131mda ger\u00e7ek cepli tasar\u0131m. Yalanc\u0131 pat detayl\u0131 ve karna m\u00fckemmel oturmas\u0131 i\u00e7in geni\u015f jarse panelli bel k\u0131sm\u0131. \u2014 Teknik Detaylar \u2014 A\u011f\u0131rl\u0131k: 520 g Konsept: MAMA Renk: Koyu kot mavisi, d\u00fcz renk Beden: \u0130\u00e7 bacak uzunlu\u011fu: 73.5 [&hellip;]<\/p>\n","protected":false},"featured_media":114662,"comment_status":"open","ping_status":"closed","template":"","meta":[],"product_brand":[],"product_cat":[8769,8763],"product_tag":[9390,3377,9389,9379,9391],"class_list":{"0":"post-114667","1":"product","2":"type-product","3":"status-publish","4":"has-post-thumbnail","6":"product_cat-hamile-pantolonlari-ve-taytlari","7":"product_cat-hamilelik-urunleri","8":"product_tag-hamile-giyim","9":"product_tag-jean","10":"product_tag-kot","11":"product_tag-mama","12":"product_tag-skinny","13":"pa_brand-hm","14":"pa_color-koyu-kot-mavisi","15":"pa_size-l","16":"pa_size-m","17":"pa_size-s","18":"pa_size-xl","19":"pa_size-xs","20":"pa_size-xxl","22":"first","23":"outofstock","24":"shipping-taxable","25":"product-type-variable"},"_links":{"self":[{"href":"https:\/\/mod.wisdar.net\/tr\/wp-json\/wp\/v2\/product\/114667","targetHints":{"allow":["GET"]}}],"collection":[{"href":"https:\/\/mod.wisdar.net\/tr\/wp-json\/wp\/v2\/product"}],"about":[{"href":"https:\/\/mod.wisdar.net\/tr\/wp-json\/wp\/v2\/types\/product"}],"replies":[{"embeddable":true,"href":"https:\/\/mod.wisdar.net\/tr\/wp-json\/wp\/v2\/comments?post=114667"}],"wp:featuredmedia":[{"embeddable":true,"href":"https:\/\/mod.wisdar.net\/tr\/wp-json\/wp\/v2\/media\/114662"}],"wp:attachment":[{"href":"https:\/\/mod.wisdar.net\/tr\/wp-json\/wp\/v2\/media?parent=114667"}],"wp:term":[{"taxonomy":"product_brand","embeddable":true,"href":"https:\/\/mod.wisdar.net\/tr\/wp-json\/wp\/v2\/product_brand?post=114667"},{"taxonomy":"product_cat","embeddable":true,"href":"https:\/\/mod.wisdar.net\/tr\/wp-json\/wp\/v2\/product_cat?post=114667"},{"taxonomy":"product_tag","embeddable":true,"href":"https:\/\/mod.wisdar.net\/tr\/wp-json\/wp\/v2\/product_tag?post=114667"}],"curies":[{"name":"wp","href":"https:\/\/api.w.org\/{rel}","templated":true}]}}