{"id":11470,"date":"2025-11-07T20:16:06","date_gmt":"2025-11-01T21:10:09","guid":{"rendered":"https:\/\/modesthanim.com\/product\/ketenli-palazzo-pantolon-naturel\/"},"modified":"2026-03-26T02:02:06","modified_gmt":"2026-03-26T02:02:06","slug":"ketenli-palazzo-pantolon-naturel","status":"publish","type":"product","link":"https:\/\/mod.wisdar.net\/tr\/urun\/ketenli-palazzo-pantolon-naturel\/","title":{"rendered":"Ketenli Palazzo Pantolon Naturel"},"content":{"rendered":"<p>Keten kar\u0131\u015f\u0131ml\u0131 dokuma kuma\u015ftan, \u00f6n\u00fc fermuarl\u0131, d\u00fc\u011fmeli, cepli, palazzo kesim pantolon. 1BEDEN(36-38): Uzunluk: 107cm, Bel: 32cm, Elle A\u00e7\u0131lm\u0131\u015f Bel: 43cm, Basen: 58cm. 2BEDEN(40-42): Uzunluk: 108cm, Bel: 34cm, Elle A\u00e7\u0131lm\u0131\u015f Bel: 45cm, Basen: 60cm.<\/p>\n","protected":false},"excerpt":{"rendered":"<p>Keten kar\u0131\u015f\u0131ml\u0131 dokuma kuma\u015ftan, \u00f6n\u00fc fermuarl\u0131, d\u00fc\u011fmeli, cepli, palazzo kesim pantolon. 1BEDEN(36-38): Uzunluk: 107cm, Bel: 32cm, Elle A\u00e7\u0131lm\u0131\u015f Bel: 43cm, Basen: 58cm. 2BEDEN(40-42): Uzunluk: 108cm, Bel: 34cm, Elle A\u00e7\u0131lm\u0131\u015f Bel: 45cm, Basen: 60cm.<\/p>\n","protected":false},"featured_media":0,"comment_status":"open","ping_status":"closed","template":"","meta":[],"product_brand":[],"product_cat":[1882],"product_tag":[],"class_list":{"0":"post-11470","1":"product","2":"type-product","3":"status-publish","5":"product_cat-alt-giyim","6":"pa_brand-fahhar","7":"pa_color-naturel","8":"pa_size-1-36-38","9":"pa_size-2-40-42","11":"first","12":"outofstock","13":"shipping-taxable","14":"product-type-variable"},"_links":{"self":[{"href":"https:\/\/mod.wisdar.net\/tr\/wp-json\/wp\/v2\/product\/11470","targetHints":{"allow":["GET"]}}],"collection":[{"href":"https:\/\/mod.wisdar.net\/tr\/wp-json\/wp\/v2\/product"}],"about":[{"href":"https:\/\/mod.wisdar.net\/tr\/wp-json\/wp\/v2\/types\/product"}],"replies":[{"embeddable":true,"href":"https:\/\/mod.wisdar.net\/tr\/wp-json\/wp\/v2\/comments?post=11470"}],"wp:attachment":[{"href":"https:\/\/mod.wisdar.net\/tr\/wp-json\/wp\/v2\/media?parent=11470"}],"wp:term":[{"taxonomy":"product_brand","embeddable":true,"href":"https:\/\/mod.wisdar.net\/tr\/wp-json\/wp\/v2\/product_brand?post=11470"},{"taxonomy":"product_cat","embeddable":true,"href":"https:\/\/mod.wisdar.net\/tr\/wp-json\/wp\/v2\/product_cat?post=11470"},{"taxonomy":"product_tag","embeddable":true,"href":"https:\/\/mod.wisdar.net\/tr\/wp-json\/wp\/v2\/product_tag?post=11470"}],"curies":[{"name":"wp","href":"https:\/\/api.w.org\/{rel}","templated":true}]}}