{"id":114823,"date":"2026-02-17T09:24:26","date_gmt":"2026-02-17T09:24:26","guid":{"rendered":"https:\/\/modesthanim.com\/product\/mama-kot-sort\/"},"modified":"2026-04-04T20:14:19","modified_gmt":"2026-04-04T20:14:19","slug":"mama-kot-sort","status":"publish","type":"product","link":"https:\/\/mod.wisdar.net\/tr\/urun\/mama-kot-sort\/","title":{"rendered":"MAMA Kot \u015eort"},"content":{"rendered":"<p>Pamuklu kottan \u00fcretilen, 5 cepli, yanlar\u0131 kapl\u0131 lastikli, karna m\u00fckemmel oturmas\u0131 i\u00e7in geni\u015f jarse panelli bel tasar\u0131m\u0131na sahip \u015fort.<\/p>\n<p>\u2014 Teknik Detaylar \u2014<br \/>\na\u011f\u0131rl\u0131k: 300 g<br \/>\nkonsept: MAMA<br \/>\ntan\u0131m: Kot mavisi, D\u00fcz renk<br \/>\nmodel_beden: Modelin boyu: 178cm\/5&#8217;10\u201d Bedeni: S<br \/>\nbeden: \u0130\u00e7 bacak uzunlu\u011fu: 13 cm (M beden)<br \/>\nu\u0308zunluk: K\u0131sa<br \/>\nbel_yu\u0308ksekli\u011fi: Y\u00fcksek belli<br \/>\nkesim: Normal kesim<br \/>\nadet: Tek<br \/>\nmalzeme: Pamuk, Kot<br \/>\ngeri_d\u00f6n\u00fc\u015ftu\u0308ru\u0308lmu\u0308\u015f_pamuk: %16 Geri d\u00f6n\u00fc\u015ft\u00fcr\u00fclm\u00fc\u015f pamuk<\/p>\n","protected":false},"excerpt":{"rendered":"<p>Pamuklu kottan \u00fcretilen, 5 cepli, yanlar\u0131 kapl\u0131 lastikli, karna m\u00fckemmel oturmas\u0131 i\u00e7in geni\u015f jarse panelli bel tasar\u0131m\u0131na sahip \u015fort. \u2014 Teknik Detaylar \u2014 a\u011f\u0131rl\u0131k: 300 g konsept: MAMA tan\u0131m: Kot mavisi, D\u00fcz renk model_beden: Modelin boyu: 178cm\/5&#8217;10\u201d Bedeni: S beden: \u0130\u00e7 bacak uzunlu\u011fu: 13 cm (M beden) u\u0308zunluk: K\u0131sa bel_yu\u0308ksekli\u011fi: Y\u00fcksek belli kesim: Normal kesim [&hellip;]<\/p>\n","protected":false},"featured_media":114815,"comment_status":"open","ping_status":"closed","template":"","meta":[],"product_brand":[],"product_cat":[8763,8772],"product_tag":[],"class_list":{"0":"post-114823","1":"product","2":"type-product","3":"status-publish","4":"has-post-thumbnail","6":"product_cat-hamilelik-urunleri","7":"product_cat-pijama-takimlari","8":"pa_brand-hm","9":"pa_color-acik-kot-mavisi","10":"pa_color-beyaz","11":"pa_color-kot-mavisi","12":"pa_color-koyu-gri","13":"pa_size-l","14":"pa_size-m","15":"pa_size-s","16":"pa_size-xl","17":"pa_size-xxl","19":"first","20":"outofstock","21":"shipping-taxable","22":"product-type-variable"},"_links":{"self":[{"href":"https:\/\/mod.wisdar.net\/tr\/wp-json\/wp\/v2\/product\/114823","targetHints":{"allow":["GET"]}}],"collection":[{"href":"https:\/\/mod.wisdar.net\/tr\/wp-json\/wp\/v2\/product"}],"about":[{"href":"https:\/\/mod.wisdar.net\/tr\/wp-json\/wp\/v2\/types\/product"}],"replies":[{"embeddable":true,"href":"https:\/\/mod.wisdar.net\/tr\/wp-json\/wp\/v2\/comments?post=114823"}],"wp:featuredmedia":[{"embeddable":true,"href":"https:\/\/mod.wisdar.net\/tr\/wp-json\/wp\/v2\/media\/114815"}],"wp:attachment":[{"href":"https:\/\/mod.wisdar.net\/tr\/wp-json\/wp\/v2\/media?parent=114823"}],"wp:term":[{"taxonomy":"product_brand","embeddable":true,"href":"https:\/\/mod.wisdar.net\/tr\/wp-json\/wp\/v2\/product_brand?post=114823"},{"taxonomy":"product_cat","embeddable":true,"href":"https:\/\/mod.wisdar.net\/tr\/wp-json\/wp\/v2\/product_cat?post=114823"},{"taxonomy":"product_tag","embeddable":true,"href":"https:\/\/mod.wisdar.net\/tr\/wp-json\/wp\/v2\/product_tag?post=114823"}],"curies":[{"name":"wp","href":"https:\/\/api.w.org\/{rel}","templated":true}]}}