{"id":114850,"date":"2026-02-17T09:25:46","date_gmt":"2026-02-17T09:25:46","guid":{"rendered":"https:\/\/modesthanim.com\/product\/mama-2li-pamuklu-kulot-high-waist\/"},"modified":"2026-04-04T20:42:28","modified_gmt":"2026-04-04T20:42:28","slug":"mama-2li-pamuklu-kulot-high-waist","status":"publish","type":"product","link":"https:\/\/mod.wisdar.net\/tr\/urun\/mama-2li-pamuklu-kulot-high-waist\/","title":{"rendered":"MAMA 2&#8217;li Pamuklu K\u00fclot High Waist"},"content":{"rendered":"<p>Pamuklu yumu\u015fak jarse kuma\u015ftan \u00fcretilmi\u015f, y\u00fcksek belli, karna m\u00fckemmel oturmas\u0131 i\u00e7in yanlar\u0131 b\u00fczg\u00fcl\u00fc k\u00fclotlar. \u00d6n k\u0131sm\u0131 astarl\u0131, arka k\u0131sm\u0131 dar kesimli.<\/p>\n<p>\u2014 Teknik Detaylar \u2014<br \/>\nA\u011f\u0131rl\u0131k: 80 g<br \/>\nAdet: 2<br \/>\nKonsept: MAMA<br \/>\nA\u00e7\u0131klama: A\u00e7\u0131k bej k\u0131r\u00e7\u0131ll\u0131\/\u015eeftali pembesi, D\u00fcz renk<br \/>\nModel \u00d6l\u00e7\u00fcleri: Model boyu: 176cm\/5&#8217;9&#8243; Beden: M<br \/>\nBel Y\u00fcksekli\u011fi: Y\u00fcksek belli<br \/>\nStil: K\u00fclot<br \/>\nSat\u0131\u015f Modu: \u00c7oklu<br \/>\nMalzeme: Pamuk, Jarse<br \/>\nOrganik Pamuk: %87 Organik pamuk<\/p>\n","protected":false},"excerpt":{"rendered":"<p>Pamuklu yumu\u015fak jarse kuma\u015ftan \u00fcretilmi\u015f, y\u00fcksek belli, karna m\u00fckemmel oturmas\u0131 i\u00e7in yanlar\u0131 b\u00fczg\u00fcl\u00fc k\u00fclotlar. \u00d6n k\u0131sm\u0131 astarl\u0131, arka k\u0131sm\u0131 dar kesimli. \u2014 Teknik Detaylar \u2014 A\u011f\u0131rl\u0131k: 80 g Adet: 2 Konsept: MAMA A\u00e7\u0131klama: A\u00e7\u0131k bej k\u0131r\u00e7\u0131ll\u0131\/\u015eeftali pembesi, D\u00fcz renk Model \u00d6l\u00e7\u00fcleri: Model boyu: 176cm\/5&#8217;9&#8243; Beden: M Bel Y\u00fcksekli\u011fi: Y\u00fcksek belli Stil: K\u00fclot Sat\u0131\u015f Modu: \u00c7oklu [&hellip;]<\/p>\n","protected":false},"featured_media":114822,"comment_status":"open","ping_status":"closed","template":"","meta":[],"product_brand":[],"product_cat":[8763,8775],"product_tag":[],"class_list":{"0":"post-114850","1":"product","2":"type-product","3":"status-publish","4":"has-post-thumbnail","6":"product_cat-hamilelik-urunleri","7":"product_cat-ic-camasiri-ve-sutyenler","8":"pa_brand-hm","9":"pa_color-bej-kircilli-seftali-pembesi","10":"pa_size-l","11":"pa_size-m","12":"pa_size-s","13":"pa_size-xl","14":"pa_size-xxl","16":"first","17":"outofstock","18":"shipping-taxable","19":"product-type-variable"},"_links":{"self":[{"href":"https:\/\/mod.wisdar.net\/tr\/wp-json\/wp\/v2\/product\/114850","targetHints":{"allow":["GET"]}}],"collection":[{"href":"https:\/\/mod.wisdar.net\/tr\/wp-json\/wp\/v2\/product"}],"about":[{"href":"https:\/\/mod.wisdar.net\/tr\/wp-json\/wp\/v2\/types\/product"}],"replies":[{"embeddable":true,"href":"https:\/\/mod.wisdar.net\/tr\/wp-json\/wp\/v2\/comments?post=114850"}],"wp:featuredmedia":[{"embeddable":true,"href":"https:\/\/mod.wisdar.net\/tr\/wp-json\/wp\/v2\/media\/114822"}],"wp:attachment":[{"href":"https:\/\/mod.wisdar.net\/tr\/wp-json\/wp\/v2\/media?parent=114850"}],"wp:term":[{"taxonomy":"product_brand","embeddable":true,"href":"https:\/\/mod.wisdar.net\/tr\/wp-json\/wp\/v2\/product_brand?post=114850"},{"taxonomy":"product_cat","embeddable":true,"href":"https:\/\/mod.wisdar.net\/tr\/wp-json\/wp\/v2\/product_cat?post=114850"},{"taxonomy":"product_tag","embeddable":true,"href":"https:\/\/mod.wisdar.net\/tr\/wp-json\/wp\/v2\/product_tag?post=114850"}],"curies":[{"name":"wp","href":"https:\/\/api.w.org\/{rel}","templated":true}]}}