{"id":114924,"date":"2026-02-17T09:29:44","date_gmt":"2026-02-17T09:29:44","guid":{"rendered":"https:\/\/modesthanim.com\/product\/mama-dolgulu-kuplu-ve-baglanan-askili-mayo\/"},"modified":"2026-03-27T00:31:33","modified_gmt":"2026-03-27T00:31:33","slug":"mama-dolgulu-kuplu-ve-baglanan-askili-mayo","status":"publish","type":"product","link":"https:\/\/mod.wisdar.net\/tr\/urun\/mama-dolgulu-kuplu-ve-baglanan-askili-mayo\/","title":{"rendered":"MAMA Dolgulu Kuplu ve Ba\u011flanan Ask\u0131l\u0131 Mayo"},"content":{"rendered":"<p>\u00dcstten ba\u011flanan ince omuz ask\u0131l\u0131, g\u00f6\u011fse \u015fekil ve iyi destek veren \u00e7\u0131kar\u0131labilir par\u00e7al\u0131 kuplu, tamam\u0131 astarl\u0131 mayo. Karna en iyi \u015fekilde oturmas\u0131 i\u00e7in yanlar\u0131 b\u00fczg\u00fcl\u00fc, arkas\u0131 orta d\u00fczeyde kapat\u0131c\u0131.<\/p>\n<p>\u2014 Technical Details \u2014<br \/>\nweight: 120 g<br \/>\nconcept: MAMA<br \/>\ndescription: Koyu k\u0131rm\u0131z\u0131, D\u00fcz renkli<br \/>\nsleeve_length: Kolsuz<br \/>\nstyle: Drapeli<br \/>\nquantity: Tek<br \/>\nmaterials: Poliamid\/Elastan\/Polyester<br \/>\npattern: D\u00fcz renkli<br \/>\naudience: female<br \/>\nrecycled_materials: 31% Tekstil \u00fcr\u00fcnlerinden geri d\u00f6n\u00fc\u015ft\u00fcr\u00fclm\u00fc\u015f polyester<\/p>\n","protected":false},"excerpt":{"rendered":"<p>\u00dcstten ba\u011flanan ince omuz ask\u0131l\u0131, g\u00f6\u011fse \u015fekil ve iyi destek veren \u00e7\u0131kar\u0131labilir par\u00e7al\u0131 kuplu, tamam\u0131 astarl\u0131 mayo. Karna en iyi \u015fekilde oturmas\u0131 i\u00e7in yanlar\u0131 b\u00fczg\u00fcl\u00fc, arkas\u0131 orta d\u00fczeyde kapat\u0131c\u0131. \u2014 Technical Details \u2014 weight: 120 g concept: MAMA description: Koyu k\u0131rm\u0131z\u0131, D\u00fcz renkli sleeve_length: Kolsuz style: Drapeli quantity: Tek materials: Poliamid\/Elastan\/Polyester pattern: D\u00fcz renkli audience: [&hellip;]<\/p>\n","protected":false},"featured_media":114921,"comment_status":"open","ping_status":"closed","template":"","meta":[],"product_brand":[],"product_cat":[8763,8775],"product_tag":[],"class_list":{"0":"post-114924","1":"product","2":"type-product","3":"status-publish","4":"has-post-thumbnail","6":"product_cat-hamilelik-urunleri","7":"product_cat-ic-camasiri-ve-sutyenler","8":"pa_size-l","9":"pa_size-m","10":"pa_size-s","11":"pa_size-xl","13":"first","14":"outofstock","15":"shipping-taxable","16":"product-type-variable"},"_links":{"self":[{"href":"https:\/\/mod.wisdar.net\/tr\/wp-json\/wp\/v2\/product\/114924","targetHints":{"allow":["GET"]}}],"collection":[{"href":"https:\/\/mod.wisdar.net\/tr\/wp-json\/wp\/v2\/product"}],"about":[{"href":"https:\/\/mod.wisdar.net\/tr\/wp-json\/wp\/v2\/types\/product"}],"replies":[{"embeddable":true,"href":"https:\/\/mod.wisdar.net\/tr\/wp-json\/wp\/v2\/comments?post=114924"}],"wp:featuredmedia":[{"embeddable":true,"href":"https:\/\/mod.wisdar.net\/tr\/wp-json\/wp\/v2\/media\/114921"}],"wp:attachment":[{"href":"https:\/\/mod.wisdar.net\/tr\/wp-json\/wp\/v2\/media?parent=114924"}],"wp:term":[{"taxonomy":"product_brand","embeddable":true,"href":"https:\/\/mod.wisdar.net\/tr\/wp-json\/wp\/v2\/product_brand?post=114924"},{"taxonomy":"product_cat","embeddable":true,"href":"https:\/\/mod.wisdar.net\/tr\/wp-json\/wp\/v2\/product_cat?post=114924"},{"taxonomy":"product_tag","embeddable":true,"href":"https:\/\/mod.wisdar.net\/tr\/wp-json\/wp\/v2\/product_tag?post=114924"}],"curies":[{"name":"wp","href":"https:\/\/api.w.org\/{rel}","templated":true}]}}