{"id":114930,"date":"2026-02-17T09:29:44","date_gmt":"2026-02-17T09:29:44","guid":{"rendered":"https:\/\/modesthanim.com\/product\/mama-ribanali-jarse-ust\/"},"modified":"2026-04-04T20:23:19","modified_gmt":"2026-04-04T20:23:19","slug":"mama-ribanali-jarse-ust","status":"publish","type":"product","link":"https:\/\/mod.wisdar.net\/tr\/urun\/mama-ribanali-jarse-ust\/","title":{"rendered":"MAMA Ribanal\u0131 Jarse \u00dcst"},"content":{"rendered":"<p>Pamuk ve viskoz kar\u0131\u015f\u0131m\u0131ndan \u00fcretilmi\u015f ribanal\u0131 jarseden, yuvarlak yakal\u0131, uzun kollu, bedene oturan \u00fcst.<\/p>\n<p>\u2014 Technical Details \u2014<br \/>\nmaterial: Jarse<br \/>\nweight: 258 g<br \/>\nconcept: MAMA<br \/>\ndescription: Parlak k\u0131rm\u0131z\u0131, D\u00fcz renkli<br \/>\nlength: Normal uzunlukta<br \/>\nsleeve_length: Uzun kollu<br \/>\ncut: Dar kesim<br \/>\nneckline: Yuvarlak yakal\u0131<br \/>\nquantity: Tek<\/p>\n","protected":false},"excerpt":{"rendered":"<p>Pamuk ve viskoz kar\u0131\u015f\u0131m\u0131ndan \u00fcretilmi\u015f ribanal\u0131 jarseden, yuvarlak yakal\u0131, uzun kollu, bedene oturan \u00fcst. \u2014 Technical Details \u2014 material: Jarse weight: 258 g concept: MAMA description: Parlak k\u0131rm\u0131z\u0131, D\u00fcz renkli length: Normal uzunlukta sleeve_length: Uzun kollu cut: Dar kesim neckline: Yuvarlak yakal\u0131 quantity: Tek<\/p>\n","protected":false},"featured_media":114923,"comment_status":"open","ping_status":"closed","template":"","meta":[],"product_brand":[],"product_cat":[8763,8772],"product_tag":[7426,6744,7310,6768],"class_list":{"0":"post-114930","1":"product","2":"type-product","3":"status-publish","4":"has-post-thumbnail","6":"product_cat-hamilelik-urunleri","7":"product_cat-pijama-takimlari","8":"product_tag-gunluk-giyim-3","9":"product_tag-kadin-modasi","10":"product_tag-slim-fit","11":"product_tag-uzun-kol","12":"pa_brand-hm","13":"pa_color-parlak-kirmizi","14":"pa_size-l","15":"pa_size-m","16":"pa_size-s","17":"pa_size-xl","18":"pa_size-xs","20":"first","21":"outofstock","22":"shipping-taxable","23":"product-type-variable"},"_links":{"self":[{"href":"https:\/\/mod.wisdar.net\/tr\/wp-json\/wp\/v2\/product\/114930","targetHints":{"allow":["GET"]}}],"collection":[{"href":"https:\/\/mod.wisdar.net\/tr\/wp-json\/wp\/v2\/product"}],"about":[{"href":"https:\/\/mod.wisdar.net\/tr\/wp-json\/wp\/v2\/types\/product"}],"replies":[{"embeddable":true,"href":"https:\/\/mod.wisdar.net\/tr\/wp-json\/wp\/v2\/comments?post=114930"}],"wp:featuredmedia":[{"embeddable":true,"href":"https:\/\/mod.wisdar.net\/tr\/wp-json\/wp\/v2\/media\/114923"}],"wp:attachment":[{"href":"https:\/\/mod.wisdar.net\/tr\/wp-json\/wp\/v2\/media?parent=114930"}],"wp:term":[{"taxonomy":"product_brand","embeddable":true,"href":"https:\/\/mod.wisdar.net\/tr\/wp-json\/wp\/v2\/product_brand?post=114930"},{"taxonomy":"product_cat","embeddable":true,"href":"https:\/\/mod.wisdar.net\/tr\/wp-json\/wp\/v2\/product_cat?post=114930"},{"taxonomy":"product_tag","embeddable":true,"href":"https:\/\/mod.wisdar.net\/tr\/wp-json\/wp\/v2\/product_tag?post=114930"}],"curies":[{"name":"wp","href":"https:\/\/api.w.org\/{rel}","templated":true}]}}