{"id":114986,"date":"2026-02-17T09:31:23","date_gmt":"2026-02-17T09:31:23","guid":{"rendered":"https:\/\/modesthanim.com\/product\/mama-2li-kisa-tayt-super-stretch\/"},"modified":"2026-04-03T21:03:21","modified_gmt":"2026-04-03T21:03:21","slug":"mama-2li-kisa-tayt-super-stretch","status":"publish","type":"product","link":"https:\/\/mod.wisdar.net\/tr\/urun\/mama-2li-kisa-tayt-super-stretch\/","title":{"rendered":"MAMA 2&#8217;li K\u0131sa Tayt Super Stretch"},"content":{"rendered":"<p>Yumu\u015fak s\u00fcper stre\u00e7 mikrofiberden, karna rahat bir \u015fekilde oturmas\u0131 i\u00e7in kapl\u0131 lastikli y\u00fcksek belli k\u0131sa taytlar. Pe\u015fi astarl\u0131.<\/p>\n<p>\u2014 Technical Details \u2014<br \/>\nweight: 60 g<br \/>\npieces: 2<br \/>\nconcept: MAMA<br \/>\ndescription_details: Bej, D\u00fcz renkli<br \/>\nmodel_size: Modelin boyu: 178cm\/5&#8217;10\u201d Bedeni: S<br \/>\nwaist_rise: Y\u00fcksek belli<br \/>\nclothing_style: Bisiklet \u015eortu<br \/>\nquantity_sales_mode: \u00c7oklu<br \/>\nmaterial: Mikrofiber<br \/>\nrecycled_content: 86% Tekstil \u00fcr\u00fcnlerinden geri d\u00f6n\u00fc\u015ft\u00fcr\u00fclm\u00fc\u015f polyester<\/p>\n","protected":false},"excerpt":{"rendered":"<p>Yumu\u015fak s\u00fcper stre\u00e7 mikrofiberden, karna rahat bir \u015fekilde oturmas\u0131 i\u00e7in kapl\u0131 lastikli y\u00fcksek belli k\u0131sa taytlar. Pe\u015fi astarl\u0131. \u2014 Technical Details \u2014 weight: 60 g pieces: 2 concept: MAMA description_details: Bej, D\u00fcz renkli model_size: Modelin boyu: 178cm\/5&#8217;10\u201d Bedeni: S waist_rise: Y\u00fcksek belli clothing_style: Bisiklet \u015eortu quantity_sales_mode: \u00c7oklu material: Mikrofiber recycled_content: 86% Tekstil \u00fcr\u00fcnlerinden geri d\u00f6n\u00fc\u015ft\u00fcr\u00fclm\u00fc\u015f [&hellip;]<\/p>\n","protected":false},"featured_media":114979,"comment_status":"open","ping_status":"closed","template":"","meta":[],"product_brand":[],"product_cat":[8763,8775],"product_tag":[7488,7021],"class_list":{"0":"post-114986","1":"product","2":"type-product","3":"status-publish","4":"has-post-thumbnail","6":"product_cat-hamilelik-urunleri","7":"product_cat-ic-camasiri-ve-sutyenler","8":"product_tag-pamuk","9":"product_tag-polyester","10":"pa_brand-hm","11":"pa_color-siyah","12":"pa_size-l","13":"pa_size-m","14":"pa_size-s","15":"pa_size-xl","16":"pa_size-xs","18":"first","19":"outofstock","20":"shipping-taxable","21":"product-type-variable"},"_links":{"self":[{"href":"https:\/\/mod.wisdar.net\/tr\/wp-json\/wp\/v2\/product\/114986","targetHints":{"allow":["GET"]}}],"collection":[{"href":"https:\/\/mod.wisdar.net\/tr\/wp-json\/wp\/v2\/product"}],"about":[{"href":"https:\/\/mod.wisdar.net\/tr\/wp-json\/wp\/v2\/types\/product"}],"replies":[{"embeddable":true,"href":"https:\/\/mod.wisdar.net\/tr\/wp-json\/wp\/v2\/comments?post=114986"}],"wp:featuredmedia":[{"embeddable":true,"href":"https:\/\/mod.wisdar.net\/tr\/wp-json\/wp\/v2\/media\/114979"}],"wp:attachment":[{"href":"https:\/\/mod.wisdar.net\/tr\/wp-json\/wp\/v2\/media?parent=114986"}],"wp:term":[{"taxonomy":"product_brand","embeddable":true,"href":"https:\/\/mod.wisdar.net\/tr\/wp-json\/wp\/v2\/product_brand?post=114986"},{"taxonomy":"product_cat","embeddable":true,"href":"https:\/\/mod.wisdar.net\/tr\/wp-json\/wp\/v2\/product_cat?post=114986"},{"taxonomy":"product_tag","embeddable":true,"href":"https:\/\/mod.wisdar.net\/tr\/wp-json\/wp\/v2\/product_tag?post=114986"}],"curies":[{"name":"wp","href":"https:\/\/api.w.org\/{rel}","templated":true}]}}