{"id":115057,"date":"2026-02-17T09:33:20","date_gmt":"2026-02-17T09:33:20","guid":{"rendered":"https:\/\/modesthanim.com\/product\/mama-before-after-entegre-sutyenli-tulum\/"},"modified":"2026-03-26T21:45:34","modified_gmt":"2026-03-26T21:45:34","slug":"mama-before-after-entegre-sutyenli-tulum","status":"publish","type":"product","link":"https:\/\/mod.wisdar.net\/tr\/urun\/mama-before-after-entegre-sutyenli-tulum\/","title":{"rendered":"MAMA Before &amp; After Entegre S\u00fctyenli Tulum"},"content":{"rendered":"<p>T\u00fcyl\u00fc ultra yumu\u015fak mikrofiberden \u00fcretilmi\u015f, ayarlanabilir spagetti omuz ask\u0131l\u0131, alt k\u0131sm\u0131 lastikli entegre s\u00fctyenli, bedene oturan tulum. Hem gebelik d\u00f6neminde hem de do\u011fum sonras\u0131nda kullan\u0131ma uygundur.<\/p>\n<p>\u2014 Teknik Detaylar \u2014<br \/>\nA\u011f\u0131rl\u0131k: 390 g<br \/>\nKonsept: MAMA<br \/>\nTan\u0131m: Siyah, D\u00fcz renkli<br \/>\nUzunluk: Uzun<br \/>\nKol Uzunlu\u011fu: Kolsuz<br \/>\nKesim: Dar kesim<br \/>\nStil: Bedene Oturan Tulum<br \/>\nYaka: V yaka<br \/>\nAdet: Tek<br \/>\nMalzeme: Mikrofiber<\/p>\n","protected":false},"excerpt":{"rendered":"<p>T\u00fcyl\u00fc ultra yumu\u015fak mikrofiberden \u00fcretilmi\u015f, ayarlanabilir spagetti omuz ask\u0131l\u0131, alt k\u0131sm\u0131 lastikli entegre s\u00fctyenli, bedene oturan tulum. Hem gebelik d\u00f6neminde hem de do\u011fum sonras\u0131nda kullan\u0131ma uygundur. \u2014 Teknik Detaylar \u2014 A\u011f\u0131rl\u0131k: 390 g Konsept: MAMA Tan\u0131m: Siyah, D\u00fcz renkli Uzunluk: Uzun Kol Uzunlu\u011fu: Kolsuz Kesim: Dar kesim Stil: Bedene Oturan Tulum Yaka: V yaka Adet: [&hellip;]<\/p>\n","protected":false},"featured_media":115042,"comment_status":"open","ping_status":"closed","template":"","meta":[],"product_brand":[],"product_cat":[8769,8763],"product_tag":[7523],"class_list":{"0":"post-115057","1":"product","2":"type-product","3":"status-publish","4":"has-post-thumbnail","6":"product_cat-hamile-pantolonlari-ve-taytlari","7":"product_cat-hamilelik-urunleri","8":"product_tag-dress","9":"pa_color-siyah","10":"pa_size-l","11":"pa_size-m","12":"pa_size-s","13":"pa_size-xl","14":"pa_size-xs","15":"pa_size-xxl","17":"first","18":"outofstock","19":"shipping-taxable","20":"product-type-variable"},"_links":{"self":[{"href":"https:\/\/mod.wisdar.net\/tr\/wp-json\/wp\/v2\/product\/115057","targetHints":{"allow":["GET"]}}],"collection":[{"href":"https:\/\/mod.wisdar.net\/tr\/wp-json\/wp\/v2\/product"}],"about":[{"href":"https:\/\/mod.wisdar.net\/tr\/wp-json\/wp\/v2\/types\/product"}],"replies":[{"embeddable":true,"href":"https:\/\/mod.wisdar.net\/tr\/wp-json\/wp\/v2\/comments?post=115057"}],"wp:featuredmedia":[{"embeddable":true,"href":"https:\/\/mod.wisdar.net\/tr\/wp-json\/wp\/v2\/media\/115042"}],"wp:attachment":[{"href":"https:\/\/mod.wisdar.net\/tr\/wp-json\/wp\/v2\/media?parent=115057"}],"wp:term":[{"taxonomy":"product_brand","embeddable":true,"href":"https:\/\/mod.wisdar.net\/tr\/wp-json\/wp\/v2\/product_brand?post=115057"},{"taxonomy":"product_cat","embeddable":true,"href":"https:\/\/mod.wisdar.net\/tr\/wp-json\/wp\/v2\/product_cat?post=115057"},{"taxonomy":"product_tag","embeddable":true,"href":"https:\/\/mod.wisdar.net\/tr\/wp-json\/wp\/v2\/product_tag?post=115057"}],"curies":[{"name":"wp","href":"https:\/\/api.w.org\/{rel}","templated":true}]}}