{"id":115109,"date":"2026-02-17T09:33:53","date_gmt":"2026-02-17T09:33:53","guid":{"rendered":"https:\/\/modesthanim.com\/product\/mama-2li-pamuklu-emzirme-sutyeni\/"},"modified":"2026-04-04T20:11:15","modified_gmt":"2026-04-04T20:11:15","slug":"mama-2li-pamuklu-emzirme-sutyeni","status":"publish","type":"product","link":"https:\/\/mod.wisdar.net\/tr\/urun\/mama-2li-pamuklu-emzirme-sutyeni\/","title":{"rendered":"MAMA 2&#8217;li Pamuklu Emzirme S\u00fctyeni"},"content":{"rendered":"<p>Hem g\u00fcnd\u00fcz hem de gece rahat\u00e7a giyilebilen, balensiz, pamuklu yumu\u015fak emzirme s\u00fctyenleri. Geni\u015f omuz ask\u0131l\u0131, astarl\u0131 kuplu, emzirmede kolay eri\u015fim i\u00e7in \u00f6n\u00fc anvelop kesimli. Kop\u00e7as\u0131z.<\/p>\n<p>\u2014 Technical Details \u2014<br \/>\nweight: 110 g<br \/>\npieces: 2<br \/>\nconcept: MAMA<br \/>\ndetailed_descriptions: Bej\/Siyah, D\u00fcz renkli<br \/>\nclothing_style: Balensiz S\u00fctyen, Yumu\u015fak S\u00fctyen, Dolgusuz s\u00fctyen, Anvelop<br \/>\nneck_line_style: V yakal\u0131<br \/>\nquantity_sales_mode: \u00c7oklu<br \/>\nmaterial: Pamuk, Jarse<br \/>\norganic_cotton_percentage: 95%<br \/>\ncare_instructions: Benzer renklerle y\u0131kay\u0131n, Gerekti\u011finde sadece a\u011fart\u0131c\u0131s\u0131z \u00e7ama\u015f\u0131r suyu kullan\u0131labilir, Asarak kurutma, Orta ayarda \u00fct\u00fclenebilir, 40\u00b0C makinede y\u0131kama, Kuru temizleme yap\u0131labilir<\/p>\n","protected":false},"excerpt":{"rendered":"<p>Hem g\u00fcnd\u00fcz hem de gece rahat\u00e7a giyilebilen, balensiz, pamuklu yumu\u015fak emzirme s\u00fctyenleri. Geni\u015f omuz ask\u0131l\u0131, astarl\u0131 kuplu, emzirmede kolay eri\u015fim i\u00e7in \u00f6n\u00fc anvelop kesimli. Kop\u00e7as\u0131z. \u2014 Technical Details \u2014 weight: 110 g pieces: 2 concept: MAMA detailed_descriptions: Bej\/Siyah, D\u00fcz renkli clothing_style: Balensiz S\u00fctyen, Yumu\u015fak S\u00fctyen, Dolgusuz s\u00fctyen, Anvelop neck_line_style: V yakal\u0131 quantity_sales_mode: \u00c7oklu material: Pamuk, [&hellip;]<\/p>\n","protected":false},"featured_media":115100,"comment_status":"open","ping_status":"closed","template":"","meta":[],"product_brand":[],"product_cat":[8763,8775],"product_tag":[7444,7488],"class_list":{"0":"post-115109","1":"product","2":"type-product","3":"status-publish","4":"has-post-thumbnail","6":"product_cat-hamilelik-urunleri","7":"product_cat-ic-camasiri-ve-sutyenler","8":"product_tag-jarse","9":"product_tag-pamuk","10":"pa_brand-hm","11":"pa_color-bej-kircilli-acik-bej","12":"pa_color-bej-kircilli-acik-pembe","13":"pa_color-bej-siyah","14":"pa_color-krem-bej","15":"pa_size-l","16":"pa_size-m","17":"pa_size-s","18":"pa_size-xl","20":"first","21":"outofstock","22":"shipping-taxable","23":"product-type-variable"},"_links":{"self":[{"href":"https:\/\/mod.wisdar.net\/tr\/wp-json\/wp\/v2\/product\/115109","targetHints":{"allow":["GET"]}}],"collection":[{"href":"https:\/\/mod.wisdar.net\/tr\/wp-json\/wp\/v2\/product"}],"about":[{"href":"https:\/\/mod.wisdar.net\/tr\/wp-json\/wp\/v2\/types\/product"}],"replies":[{"embeddable":true,"href":"https:\/\/mod.wisdar.net\/tr\/wp-json\/wp\/v2\/comments?post=115109"}],"wp:featuredmedia":[{"embeddable":true,"href":"https:\/\/mod.wisdar.net\/tr\/wp-json\/wp\/v2\/media\/115100"}],"wp:attachment":[{"href":"https:\/\/mod.wisdar.net\/tr\/wp-json\/wp\/v2\/media?parent=115109"}],"wp:term":[{"taxonomy":"product_brand","embeddable":true,"href":"https:\/\/mod.wisdar.net\/tr\/wp-json\/wp\/v2\/product_brand?post=115109"},{"taxonomy":"product_cat","embeddable":true,"href":"https:\/\/mod.wisdar.net\/tr\/wp-json\/wp\/v2\/product_cat?post=115109"},{"taxonomy":"product_tag","embeddable":true,"href":"https:\/\/mod.wisdar.net\/tr\/wp-json\/wp\/v2\/product_tag?post=115109"}],"curies":[{"name":"wp","href":"https:\/\/api.w.org\/{rel}","templated":true}]}}