{"id":115181,"date":"2026-02-17T09:35:38","date_gmt":"2026-02-17T09:35:38","guid":{"rendered":"https:\/\/modesthanim.com\/product\/mama-2-parcali-ust-ve-etek-set\/"},"modified":"2026-03-27T00:02:54","modified_gmt":"2026-03-27T00:02:54","slug":"mama-2-parcali-ust-ve-etek-set","status":"publish","type":"product","link":"https:\/\/mod.wisdar.net\/tr\/urun\/mama-2-parcali-ust-ve-etek-set\/","title":{"rendered":"MAMA 2 Par\u00e7al\u0131 \u00dcst ve Etek Set"},"content":{"rendered":"<p>Pamuklu yumu\u015fak jarseden \u00fcst ve etek i\u00e7eren set. Bisiklet yakal\u0131, d\u00fc\u015f\u00fck omuzlu, dirseklerin hemen yukar\u0131s\u0131nda biten kollu k\u0131sa \u00fcst. Karna en iyi \u015fekilde oturmas\u0131 i\u00e7in \u00fcstte kapl\u0131 lastikli, bedene oturan diz boyu etek.<\/p>\n<p>\u2014 Technical Details \u2014<br \/>\npieces: 2<br \/>\nconcept: MAMA<br \/>\ndescription: A\u00e7\u0131k bej, D\u00fcz renkli<br \/>\nmodel_size: Modelin boyu: 176cm\/5&#8217;9&#8243; Bedeni: S<br \/>\ngarment_length: Diz boyu<br \/>\nsleeve_length: K\u0131sa kollu<br \/>\nfit: Normal kesim<br \/>\nclothing_style: Kalem Etek<br \/>\nquantity_sales_mode: Set<br \/>\nmaterial: Pamuk, Jarse<br \/>\ncare_instructions: [&#8216;Gerekti\u011finde sadece a\u011fart\u0131c\u0131s\u0131z \u00e7ama\u015f\u0131r suyu kullan\u0131labilir&#8217;, &#8216;Asarak kurutma&#8217;, &#8216;Y\u00fcksek ayarda \u00fct\u00fclenebilir&#8217;, &#8217;40\u00b0C makinede y\u0131kama&#8217;, &#8216;Kuru temizleme yap\u0131labilir&#8217;]<\/p>\n","protected":false},"excerpt":{"rendered":"<p>Pamuklu yumu\u015fak jarseden \u00fcst ve etek i\u00e7eren set. Bisiklet yakal\u0131, d\u00fc\u015f\u00fck omuzlu, dirseklerin hemen yukar\u0131s\u0131nda biten kollu k\u0131sa \u00fcst. Karna en iyi \u015fekilde oturmas\u0131 i\u00e7in \u00fcstte kapl\u0131 lastikli, bedene oturan diz boyu etek. \u2014 Technical Details \u2014 pieces: 2 concept: MAMA description: A\u00e7\u0131k bej, D\u00fcz renkli model_size: Modelin boyu: 176cm\/5&#8217;9&#8243; Bedeni: S garment_length: Diz boyu [&hellip;]<\/p>\n","protected":false},"featured_media":115175,"comment_status":"open","ping_status":"closed","template":"","meta":[],"product_brand":[],"product_cat":[8763,8772],"product_tag":[7426,6744],"class_list":{"0":"post-115181","1":"product","2":"type-product","3":"status-publish","4":"has-post-thumbnail","6":"product_cat-hamilelik-urunleri","7":"product_cat-pijama-takimlari","8":"product_tag-gunluk-giyim-3","9":"product_tag-kadin-modasi","10":"pa_color-acik-bej","11":"pa_color-siyah","12":"pa_size-l","13":"pa_size-m","14":"pa_size-s","15":"pa_size-xl","16":"pa_size-xs","18":"first","19":"outofstock","20":"shipping-taxable","21":"product-type-variable"},"_links":{"self":[{"href":"https:\/\/mod.wisdar.net\/tr\/wp-json\/wp\/v2\/product\/115181","targetHints":{"allow":["GET"]}}],"collection":[{"href":"https:\/\/mod.wisdar.net\/tr\/wp-json\/wp\/v2\/product"}],"about":[{"href":"https:\/\/mod.wisdar.net\/tr\/wp-json\/wp\/v2\/types\/product"}],"replies":[{"embeddable":true,"href":"https:\/\/mod.wisdar.net\/tr\/wp-json\/wp\/v2\/comments?post=115181"}],"wp:featuredmedia":[{"embeddable":true,"href":"https:\/\/mod.wisdar.net\/tr\/wp-json\/wp\/v2\/media\/115175"}],"wp:attachment":[{"href":"https:\/\/mod.wisdar.net\/tr\/wp-json\/wp\/v2\/media?parent=115181"}],"wp:term":[{"taxonomy":"product_brand","embeddable":true,"href":"https:\/\/mod.wisdar.net\/tr\/wp-json\/wp\/v2\/product_brand?post=115181"},{"taxonomy":"product_cat","embeddable":true,"href":"https:\/\/mod.wisdar.net\/tr\/wp-json\/wp\/v2\/product_cat?post=115181"},{"taxonomy":"product_tag","embeddable":true,"href":"https:\/\/mod.wisdar.net\/tr\/wp-json\/wp\/v2\/product_tag?post=115181"}],"curies":[{"name":"wp","href":"https:\/\/api.w.org\/{rel}","templated":true}]}}