{"id":115244,"date":"2026-02-17T09:39:45","date_gmt":"2026-02-17T09:39:45","guid":{"rendered":"https:\/\/modesthanim.com\/product\/ekru-mickey-mouse-baskili-erkek-bebek-takim\/"},"modified":"2026-04-14T01:21:49","modified_gmt":"2026-04-14T01:21:49","slug":"ekru-mickey-mouse-baskili-erkek-bebek-takim","status":"publish","type":"product","link":"https:\/\/mod.wisdar.net\/tr\/urun\/ekru-mickey-mouse-baskili-erkek-bebek-takim\/","title":{"rendered":"Ekru Mickey Mouse Bask\u0131l\u0131 Erkek Bebek Tak\u0131m"},"content":{"rendered":"<p>LCW baby Ekru Mickey Mouse Bask\u0131l\u0131 Erkek Bebek Tak\u0131m size \u00f6zel indirim, taksit ve kap\u0131da \u00f6deme avantajlar\u0131yla LCW&#8217;de! Hemen online al\u0131\u015fveri\u015f yap, \u00fcr\u00fcn kap\u0131na gelsin! \u2013 S6L616Z1-FDL<\/p>\n<p>\u2014 Technical Details \u2014<br \/>\n\u00dcr\u00fcn Tipi: Tak\u0131m<br \/>\nCinsiyet: Erkek Bebek<br \/>\nKal\u0131p: Standart &amp; Regular<br \/>\nBel Fiti: Beli Lastikli<br \/>\nDesen: Bask\u0131l\u0131<br \/>\nYaka: Bisiklet Yaka<br \/>\nPa\u00e7a Fiti: Lastikli Pa\u00e7a<br \/>\nKol Boyu: Uzun Kollu<br \/>\nLisans: Mickey Mouse<br \/>\nMalzeme: Y\u00fcksek Pamuk \u0130\u00e7erir<br \/>\nKoleksiyon: Yenido\u011fan<br \/>\nPar\u00e7a Say\u0131s\u0131: 3 Par\u00e7a<\/p>\n","protected":false},"excerpt":{"rendered":"<p>LCW baby Ekru Mickey Mouse Bask\u0131l\u0131 Erkek Bebek Tak\u0131m size \u00f6zel indirim, taksit ve kap\u0131da \u00f6deme avantajlar\u0131yla LCW&#8217;de! Hemen online al\u0131\u015fveri\u015f yap, \u00fcr\u00fcn kap\u0131na gelsin! \u2013 S6L616Z1-FDL \u2014 Technical Details \u2014 \u00dcr\u00fcn Tipi: Tak\u0131m Cinsiyet: Erkek Bebek Kal\u0131p: Standart &amp; Regular Bel Fiti: Beli Lastikli Desen: Bask\u0131l\u0131 Yaka: Bisiklet Yaka Pa\u00e7a Fiti: Lastikli Pa\u00e7a Kol [&hellip;]<\/p>\n","protected":false},"featured_media":115234,"comment_status":"open","ping_status":"closed","template":"","meta":[],"product_brand":[],"product_cat":[8703,8745,8739,8694,8697],"product_tag":[8022,6753,7488],"class_list":{"0":"post-115244","1":"product","2":"type-product","3":"status-publish","4":"has-post-thumbnail","6":"product_cat-bebek-setleri","7":"product_cat-erkek-cocuk-takimlari","8":"product_cat-erkek-cocuklar-2-14-yas","9":"product_cat-cocuklar","10":"product_cat-yenidogan-0-12-ay","11":"product_tag-baskili-2","12":"product_tag-bej","13":"product_tag-pamuk","14":"pa_brand-lcw-baby","15":"pa_color-ekru","16":"pa_size-12-18-ay","17":"pa_size-18-24-ay","18":"pa_size-2-3-yas","19":"pa_size-3-4-yas","20":"pa_size-3-6-ay","21":"pa_size-6-9-ay","22":"pa_size-9-12-ay","24":"first","25":"instock","26":"sale","27":"shipping-taxable","28":"purchasable","29":"product-type-variable"},"_links":{"self":[{"href":"https:\/\/mod.wisdar.net\/tr\/wp-json\/wp\/v2\/product\/115244","targetHints":{"allow":["GET"]}}],"collection":[{"href":"https:\/\/mod.wisdar.net\/tr\/wp-json\/wp\/v2\/product"}],"about":[{"href":"https:\/\/mod.wisdar.net\/tr\/wp-json\/wp\/v2\/types\/product"}],"replies":[{"embeddable":true,"href":"https:\/\/mod.wisdar.net\/tr\/wp-json\/wp\/v2\/comments?post=115244"}],"wp:featuredmedia":[{"embeddable":true,"href":"https:\/\/mod.wisdar.net\/tr\/wp-json\/wp\/v2\/media\/115234"}],"wp:attachment":[{"href":"https:\/\/mod.wisdar.net\/tr\/wp-json\/wp\/v2\/media?parent=115244"}],"wp:term":[{"taxonomy":"product_brand","embeddable":true,"href":"https:\/\/mod.wisdar.net\/tr\/wp-json\/wp\/v2\/product_brand?post=115244"},{"taxonomy":"product_cat","embeddable":true,"href":"https:\/\/mod.wisdar.net\/tr\/wp-json\/wp\/v2\/product_cat?post=115244"},{"taxonomy":"product_tag","embeddable":true,"href":"https:\/\/mod.wisdar.net\/tr\/wp-json\/wp\/v2\/product_tag?post=115244"}],"curies":[{"name":"wp","href":"https:\/\/api.w.org\/{rel}","templated":true}]}}