{"id":115352,"date":"2026-02-17T09:41:11","date_gmt":"2026-02-17T09:41:11","guid":{"rendered":"https:\/\/modesthanim.com\/product\/yesil-aslan-kral-baskili-erkek-bebek-tisort-ve-sort\/"},"modified":"2026-04-07T01:10:45","modified_gmt":"2026-04-07T01:10:45","slug":"yesil-aslan-kral-baskili-erkek-bebek-tisort-ve-sort","status":"publish","type":"product","link":"https:\/\/mod.wisdar.net\/tr\/urun\/yesil-aslan-kral-baskili-erkek-bebek-tisort-ve-sort\/","title":{"rendered":"Ye\u015fil Aslan Kral Bask\u0131l\u0131 Erkek Bebek Ti\u015f\u00f6rt Ve \u015eort"},"content":{"rendered":"<p>LCW baby Ye\u015fil Aslan Kral Bask\u0131l\u0131 Erkek Bebek Ti\u015f\u00f6rt ve \u015eort size \u00f6zel indirim, taksit ve kap\u0131da \u00f6deme avantajlar\u0131yla LCW&#8217;de! Hemen online al\u0131\u015fveri\u015f yap, \u00fcr\u00fcn kap\u0131na gelsin! \u2013 S6AV11Z1-LFH<\/p>\n<p>\u2014 Technical Details \u2014<br \/>\n\u00dcr\u00fcn Tipi: Tak\u0131m<br \/>\nCinsiyet: Erkek Bebek<br \/>\nKal\u0131p: Standart &amp; Regular<br \/>\nKuma\u015f: Penye<br \/>\nBel Fiti: Beli Lastikli<br \/>\nDesen: Bask\u0131l\u0131<br \/>\nYaka: Bisiklet Yaka<br \/>\nKal\u0131nl\u0131k: \u0130nce<br \/>\nKol Boyu: K\u0131sa Kollu<br \/>\nLisans: Aslan Kral<br \/>\nMalzeme: %100 Pamuk<br \/>\nKoleksiyon: Yenido\u011fan<br \/>\nPar\u00e7a Say\u0131s\u0131: 2 Par\u00e7a<\/p>\n","protected":false},"excerpt":{"rendered":"<p>LCW baby Ye\u015fil Aslan Kral Bask\u0131l\u0131 Erkek Bebek Ti\u015f\u00f6rt ve \u015eort size \u00f6zel indirim, taksit ve kap\u0131da \u00f6deme avantajlar\u0131yla LCW&#8217;de! Hemen online al\u0131\u015fveri\u015f yap, \u00fcr\u00fcn kap\u0131na gelsin! \u2013 S6AV11Z1-LFH \u2014 Technical Details \u2014 \u00dcr\u00fcn Tipi: Tak\u0131m Cinsiyet: Erkek Bebek Kal\u0131p: Standart &amp; Regular Kuma\u015f: Penye Bel Fiti: Beli Lastikli Desen: Bask\u0131l\u0131 Yaka: Bisiklet Yaka Kal\u0131nl\u0131k: [&hellip;]<\/p>\n","protected":false},"featured_media":115344,"comment_status":"open","ping_status":"closed","template":"","meta":[],"product_brand":[],"product_cat":[8703,8745,8739,8694,8697],"product_tag":[4579,4560,8022,8110,7444,6765],"class_list":{"0":"post-115352","1":"product","2":"type-product","3":"status-publish","4":"has-post-thumbnail","6":"product_cat-bebek-setleri","7":"product_cat-erkek-cocuk-takimlari","8":"product_cat-erkek-cocuklar-2-14-yas","9":"product_cat-cocuklar","10":"product_cat-yenidogan-0-12-ay","11":"product_tag-100-cotton","12":"product_tag-2-pieces","13":"product_tag-baskili-2","14":"product_tag-bisiklet-yaka-2","15":"product_tag-jarse","16":"product_tag-lastikli-bel","17":"pa_brand-lcw-baby","18":"pa_color-yesil","19":"pa_size-12-18-ay","20":"pa_size-18-24-ay","21":"pa_size-2-3-yas","22":"pa_size-3-4-yas","23":"pa_size-3-6-ay","24":"pa_size-6-9-ay","25":"pa_size-9-12-ay","27":"first","28":"instock","29":"sale","30":"shipping-taxable","31":"purchasable","32":"product-type-variable"},"_links":{"self":[{"href":"https:\/\/mod.wisdar.net\/tr\/wp-json\/wp\/v2\/product\/115352","targetHints":{"allow":["GET"]}}],"collection":[{"href":"https:\/\/mod.wisdar.net\/tr\/wp-json\/wp\/v2\/product"}],"about":[{"href":"https:\/\/mod.wisdar.net\/tr\/wp-json\/wp\/v2\/types\/product"}],"replies":[{"embeddable":true,"href":"https:\/\/mod.wisdar.net\/tr\/wp-json\/wp\/v2\/comments?post=115352"}],"wp:featuredmedia":[{"embeddable":true,"href":"https:\/\/mod.wisdar.net\/tr\/wp-json\/wp\/v2\/media\/115344"}],"wp:attachment":[{"href":"https:\/\/mod.wisdar.net\/tr\/wp-json\/wp\/v2\/media?parent=115352"}],"wp:term":[{"taxonomy":"product_brand","embeddable":true,"href":"https:\/\/mod.wisdar.net\/tr\/wp-json\/wp\/v2\/product_brand?post=115352"},{"taxonomy":"product_cat","embeddable":true,"href":"https:\/\/mod.wisdar.net\/tr\/wp-json\/wp\/v2\/product_cat?post=115352"},{"taxonomy":"product_tag","embeddable":true,"href":"https:\/\/mod.wisdar.net\/tr\/wp-json\/wp\/v2\/product_tag?post=115352"}],"curies":[{"name":"wp","href":"https:\/\/api.w.org\/{rel}","templated":true}]}}