{"id":115403,"date":"2026-02-17T09:42:25","date_gmt":"2026-02-17T09:42:25","guid":{"rendered":"https:\/\/modesthanim.com\/product\/ekru-yelek-gorunumlu-muslin-erkek-bebek-citcitli-body-ve-pantolon\/"},"modified":"2026-04-14T01:20:55","modified_gmt":"2026-04-14T01:20:55","slug":"ekru-yelek-gorunumlu-muslin-erkek-bebek-citcitli-body-ve-pantolon","status":"publish","type":"product","link":"https:\/\/mod.wisdar.net\/tr\/urun\/ekru-yelek-gorunumlu-muslin-erkek-bebek-citcitli-body-ve-pantolon\/","title":{"rendered":"Ekru Yelek G\u00f6r\u00fcn\u00fcml\u00fc M\u00fcslin Erkek Bebek \u00c7\u0131t\u00e7\u0131tl\u0131 Body ve Pantolon"},"content":{"rendered":"<p>LCW baby Ekru Yelek G\u00f6r\u00fcn\u00fcml\u00fc M\u00fcslin Erkek Bebek \u00c7\u0131t\u00e7\u0131tl\u0131 Body ve Pantolon size \u00f6zel indirim, taksit ve kap\u0131da \u00f6deme avantajlar\u0131yla LCW&#8217;de! Hemen online al\u0131\u015fveri\u015f yap, \u00fcr\u00fcn kap\u0131na gelsin! \u2013 S6BS68Z1-FDL<\/p>\n<p>\u2014 Technical Details \u2014<br \/>\n\u00dcr\u00fcn Tipi: Tak\u0131m<br \/>\nCinsiyet: Erkek Bebek<br \/>\nKal\u0131p: Standart &amp; Regular<br \/>\nKuma\u015f: M\u00fcslin<br \/>\nBel Fiti: Beli Lastikli<br \/>\nDesen: D\u00fcz<br \/>\nYaka: G\u00f6mlek Yaka<br \/>\nPa\u00e7a Fiti: Lastikli Pa\u00e7a<br \/>\nKal\u0131nl\u0131k: \u0130nce<br \/>\nKol Boyu: K\u0131sa Kollu<br \/>\nMalzeme: %100 Pamuk<br \/>\nKoleksiyon: Yenido\u011fan<br \/>\nPar\u00e7a Say\u0131s\u0131: 2 Par\u00e7a<br \/>\nPatik \u00d6zelli\u011fi: Patiksiz<\/p>\n","protected":false},"excerpt":{"rendered":"<p>LCW baby Ekru Yelek G\u00f6r\u00fcn\u00fcml\u00fc M\u00fcslin Erkek Bebek \u00c7\u0131t\u00e7\u0131tl\u0131 Body ve Pantolon size \u00f6zel indirim, taksit ve kap\u0131da \u00f6deme avantajlar\u0131yla LCW&#8217;de! Hemen online al\u0131\u015fveri\u015f yap, \u00fcr\u00fcn kap\u0131na gelsin! \u2013 S6BS68Z1-FDL \u2014 Technical Details \u2014 \u00dcr\u00fcn Tipi: Tak\u0131m Cinsiyet: Erkek Bebek Kal\u0131p: Standart &amp; Regular Kuma\u015f: M\u00fcslin Bel Fiti: Beli Lastikli Desen: D\u00fcz Yaka: G\u00f6mlek Yaka [&hellip;]<\/p>\n","protected":false},"featured_media":115396,"comment_status":"open","ping_status":"closed","template":"","meta":[],"product_brand":[],"product_cat":[8703,8694,8697],"product_tag":[4579,4560,6753,7576],"class_list":{"0":"post-115403","1":"product","2":"type-product","3":"status-publish","4":"has-post-thumbnail","6":"product_cat-bebek-setleri","7":"product_cat-cocuklar","8":"product_cat-yenidogan-0-12-ay","9":"product_tag-100-cotton","10":"product_tag-2-pieces","11":"product_tag-bej","12":"product_tag-muslin","13":"pa_brand-lcw-baby","14":"pa_color-ekru","15":"pa_size-0-1-ay","16":"pa_size-1-3-ay","17":"pa_size-12-18-ay","18":"pa_size-3-6-ay","19":"pa_size-6-9-ay","20":"pa_size-9-12-ay","22":"first","23":"instock","24":"sale","25":"shipping-taxable","26":"purchasable","27":"product-type-variable"},"_links":{"self":[{"href":"https:\/\/mod.wisdar.net\/tr\/wp-json\/wp\/v2\/product\/115403","targetHints":{"allow":["GET"]}}],"collection":[{"href":"https:\/\/mod.wisdar.net\/tr\/wp-json\/wp\/v2\/product"}],"about":[{"href":"https:\/\/mod.wisdar.net\/tr\/wp-json\/wp\/v2\/types\/product"}],"replies":[{"embeddable":true,"href":"https:\/\/mod.wisdar.net\/tr\/wp-json\/wp\/v2\/comments?post=115403"}],"wp:featuredmedia":[{"embeddable":true,"href":"https:\/\/mod.wisdar.net\/tr\/wp-json\/wp\/v2\/media\/115396"}],"wp:attachment":[{"href":"https:\/\/mod.wisdar.net\/tr\/wp-json\/wp\/v2\/media?parent=115403"}],"wp:term":[{"taxonomy":"product_brand","embeddable":true,"href":"https:\/\/mod.wisdar.net\/tr\/wp-json\/wp\/v2\/product_brand?post=115403"},{"taxonomy":"product_cat","embeddable":true,"href":"https:\/\/mod.wisdar.net\/tr\/wp-json\/wp\/v2\/product_cat?post=115403"},{"taxonomy":"product_tag","embeddable":true,"href":"https:\/\/mod.wisdar.net\/tr\/wp-json\/wp\/v2\/product_tag?post=115403"}],"curies":[{"name":"wp","href":"https:\/\/api.w.org\/{rel}","templated":true}]}}