{"id":115457,"date":"2026-02-17T09:42:50","date_gmt":"2026-02-17T09:42:50","guid":{"rendered":"https:\/\/modesthanim.com\/product\/ekru-hakim-yaka-keten-karisimli-erkek-bebek-gomlek-ve-pantolon\/"},"modified":"2026-03-31T01:11:22","modified_gmt":"2026-03-31T01:11:22","slug":"ekru-hakim-yaka-keten-karisimli-erkek-bebek-gomlek-ve-pantolon","status":"publish","type":"product","link":"https:\/\/mod.wisdar.net\/tr\/urun\/ekru-hakim-yaka-keten-karisimli-erkek-bebek-gomlek-ve-pantolon\/","title":{"rendered":"Ekru Hakim Yaka Keten Kar\u0131\u015f\u0131ml\u0131 Erkek Bebek G\u00f6mlek ve Pantolon"},"content":{"rendered":"<p>LCW baby Ekru Hakim Yaka Keten Kar\u0131\u015f\u0131ml\u0131 Erkek Bebek G\u00f6mlek ve Pantolon size \u00f6zel indirim, taksit ve kap\u0131da \u00f6deme avantajlar\u0131yla LCW&#8217;de! Hemen online al\u0131\u015fveri\u015f yap, \u00fcr\u00fcn kap\u0131na gelsin! \u2013 S6BB88Z1-LFC<\/p>\n<p>\u2014 Technical Details \u2014<br \/>\nMen\u015fei: Turk\u0131ye<br \/>\nSat\u0131c\u0131: LC Waikiki<br \/>\nMarka: LCW baby<br \/>\n\u00dcr\u00fcn Tipi: Tak\u0131m<br \/>\nCinsiyet: Erkek Bebek<br \/>\nKal\u0131p: Standart &amp; Regular<br \/>\nKuma\u015f: Keten Kar\u0131\u015f\u0131ml\u0131<br \/>\nBel Fiti: Beli Lastikli<br \/>\nDesen: \u00c7izgili<br \/>\nYaka: Hakim Yaka<br \/>\nPa\u00e7a Fiti: D\u00fcz Pa\u00e7a<br \/>\nKal\u0131nl\u0131k: \u0130nce<br \/>\nKol Boyu: Uzun Kollu<br \/>\nMalzeme: Y\u00fcksek Pamuk \u0130\u00e7erir<br \/>\nStil: \u015e\u0131k<br \/>\nKoleksiyon: Yenido\u011fan<br \/>\nPar\u00e7a Say\u0131s\u0131: 2 Par\u00e7a<br \/>\nEk \u00d6zellik: D\u00fc\u011fmeli<\/p>\n","protected":false},"excerpt":{"rendered":"<p>LCW baby Ekru Hakim Yaka Keten Kar\u0131\u015f\u0131ml\u0131 Erkek Bebek G\u00f6mlek ve Pantolon size \u00f6zel indirim, taksit ve kap\u0131da \u00f6deme avantajlar\u0131yla LCW&#8217;de! Hemen online al\u0131\u015fveri\u015f yap, \u00fcr\u00fcn kap\u0131na gelsin! \u2013 S6BB88Z1-LFC \u2014 Technical Details \u2014 Men\u015fei: Turk\u0131ye Sat\u0131c\u0131: LC Waikiki Marka: LCW baby \u00dcr\u00fcn Tipi: Tak\u0131m Cinsiyet: Erkek Bebek Kal\u0131p: Standart &amp; Regular Kuma\u015f: Keten Kar\u0131\u015f\u0131ml\u0131 [&hellip;]<\/p>\n","protected":false},"featured_media":115449,"comment_status":"open","ping_status":"closed","template":"","meta":[],"product_brand":[],"product_cat":[8703,8694,8697],"product_tag":[7912,6757],"class_list":{"0":"post-115457","1":"product","2":"type-product","3":"status-publish","4":"has-post-thumbnail","6":"product_cat-bebek-setleri","7":"product_cat-cocuklar","8":"product_cat-yenidogan-0-12-ay","9":"product_tag-cizgili","10":"product_tag-ekru","11":"pa_brand-lcw-baby","12":"pa_color-ekru","13":"pa_size-1-3-ay","14":"pa_size-12-18-ay","15":"pa_size-18-24-ay","16":"pa_size-2-3-yas","17":"pa_size-3-4-yas","18":"pa_size-3-6-ay","19":"pa_size-6-9-ay","20":"pa_size-9-12-ay","22":"first","23":"instock","24":"sale","25":"shipping-taxable","26":"purchasable","27":"product-type-variable"},"_links":{"self":[{"href":"https:\/\/mod.wisdar.net\/tr\/wp-json\/wp\/v2\/product\/115457","targetHints":{"allow":["GET"]}}],"collection":[{"href":"https:\/\/mod.wisdar.net\/tr\/wp-json\/wp\/v2\/product"}],"about":[{"href":"https:\/\/mod.wisdar.net\/tr\/wp-json\/wp\/v2\/types\/product"}],"replies":[{"embeddable":true,"href":"https:\/\/mod.wisdar.net\/tr\/wp-json\/wp\/v2\/comments?post=115457"}],"wp:featuredmedia":[{"embeddable":true,"href":"https:\/\/mod.wisdar.net\/tr\/wp-json\/wp\/v2\/media\/115449"}],"wp:attachment":[{"href":"https:\/\/mod.wisdar.net\/tr\/wp-json\/wp\/v2\/media?parent=115457"}],"wp:term":[{"taxonomy":"product_brand","embeddable":true,"href":"https:\/\/mod.wisdar.net\/tr\/wp-json\/wp\/v2\/product_brand?post=115457"},{"taxonomy":"product_cat","embeddable":true,"href":"https:\/\/mod.wisdar.net\/tr\/wp-json\/wp\/v2\/product_cat?post=115457"},{"taxonomy":"product_tag","embeddable":true,"href":"https:\/\/mod.wisdar.net\/tr\/wp-json\/wp\/v2\/product_tag?post=115457"}],"curies":[{"name":"wp","href":"https:\/\/api.w.org\/{rel}","templated":true}]}}