{"id":11573,"date":"2025-11-07T20:16:06","date_gmt":"2025-11-01T21:12:12","guid":{"rendered":"https:\/\/modesthanim.com\/product\/bol-paca-pantolon-siyah\/"},"modified":"2026-02-19T02:15:11","modified_gmt":"2026-02-19T02:15:11","slug":"bol-paca-pantolon-siyah","status":"publish","type":"product","link":"https:\/\/mod.wisdar.net\/tr\/urun\/bol-paca-pantolon-siyah\/","title":{"rendered":"Bol Pa\u00e7a Pantolon \u2013 Siyah"},"content":{"rendered":"<p>Hem g\u00fcnl\u00fck hem de \u015f\u0131k kombinlerinizde kullanabilece\u011finiz bu pantolon, stilinizi tamamlayacak vazge\u00e7ilmez bir par\u00e7ad\u0131r!<\/p>\n<p>Kuma\u015f \u0130\u00e7eri\u011fi: %100 Polyester<br \/>\nDesen: D\u00fcz<br \/>\nBel Tipi: Normal Bel<br \/>\nPa\u00e7a Tipi: Bol Pa\u00e7a<br \/>\nCep: Yan Cep<br \/>\nAstar: Astars\u0131z<br \/>\n\u00dcr\u00fcn Boyu: 110 cm<br \/>\nKal\u0131p Tipi: Normal Kal\u0131p<br \/>\nMankenin Giydi\u011fi Beden: 38<br \/>\nManken \u00d6l\u00e7\u00fcleri: Boy: 176 cm, G\u00f6\u011f\u00fcs: 82 cm, Bel: 61 cm, Basen: 88 cm<\/p>\n","protected":false},"excerpt":{"rendered":"<p>Hem g\u00fcnl\u00fck hem de \u015f\u0131k kombinlerinizde kullanabilece\u011finiz bu pantolon, stilinizi tamamlayacak vazge\u00e7ilmez bir par\u00e7ad\u0131r! Kuma\u015f \u0130\u00e7eri\u011fi: %100 Polyester Desen: D\u00fcz Bel Tipi: Normal Bel Pa\u00e7a Tipi: Bol Pa\u00e7a Cep: Yan Cep Astar: Astars\u0131z \u00dcr\u00fcn Boyu: 110 cm Kal\u0131p Tipi: Normal Kal\u0131p Mankenin Giydi\u011fi Beden: 38 Manken \u00d6l\u00e7\u00fcleri: Boy: 176 cm, G\u00f6\u011f\u00fcs: 82 cm, Bel: 61 [&hellip;]<\/p>\n","protected":false},"featured_media":0,"comment_status":"open","ping_status":"closed","template":"","meta":[],"product_brand":[],"product_cat":[1882],"product_tag":[],"class_list":{"0":"post-11573","1":"product","2":"type-product","3":"status-publish","5":"product_cat-alt-giyim","6":"pa_color-siyah","7":"pa_size-4706","8":"pa_size-4711","9":"pa_size-4713","10":"pa_size-4751","11":"pa_size-4749","12":"pa_size-4747","14":"first","15":"instock","16":"sale","17":"shipping-taxable","18":"purchasable","19":"product-type-variable"},"_links":{"self":[{"href":"https:\/\/mod.wisdar.net\/tr\/wp-json\/wp\/v2\/product\/11573","targetHints":{"allow":["GET"]}}],"collection":[{"href":"https:\/\/mod.wisdar.net\/tr\/wp-json\/wp\/v2\/product"}],"about":[{"href":"https:\/\/mod.wisdar.net\/tr\/wp-json\/wp\/v2\/types\/product"}],"replies":[{"embeddable":true,"href":"https:\/\/mod.wisdar.net\/tr\/wp-json\/wp\/v2\/comments?post=11573"}],"wp:attachment":[{"href":"https:\/\/mod.wisdar.net\/tr\/wp-json\/wp\/v2\/media?parent=11573"}],"wp:term":[{"taxonomy":"product_brand","embeddable":true,"href":"https:\/\/mod.wisdar.net\/tr\/wp-json\/wp\/v2\/product_brand?post=11573"},{"taxonomy":"product_cat","embeddable":true,"href":"https:\/\/mod.wisdar.net\/tr\/wp-json\/wp\/v2\/product_cat?post=11573"},{"taxonomy":"product_tag","embeddable":true,"href":"https:\/\/mod.wisdar.net\/tr\/wp-json\/wp\/v2\/product_tag?post=11573"}],"curies":[{"name":"wp","href":"https:\/\/api.w.org\/{rel}","templated":true}]}}