{"id":115867,"date":"2026-02-17T10:23:35","date_gmt":"2026-02-17T10:23:35","guid":{"rendered":"https:\/\/modesthanim.com\/product\/wide-leg-standart-paca-pantolon-kiz-bebek\/"},"modified":"2026-03-20T10:42:04","modified_gmt":"2026-03-20T10:42:04","slug":"wide-leg-standart-paca-pantolon-kiz-bebek","status":"publish","type":"product","link":"https:\/\/mod.wisdar.net\/tr\/urun\/wide-leg-standart-paca-pantolon-kiz-bebek\/","title":{"rendered":"W\u0131de Leg Standart Pa\u00e7a Pantolon K\u0131z Bebek"},"content":{"rendered":"<p>Arad\u0131\u011f\u0131n Mavi K\u0131z Bebek W\u0131de Leg Standart Pa\u00e7a Pantolon K\u0131z Bebek en uygun fiyatla DeFacto&#8217;da! Yeni sezon Mavi K\u0131z Bebek W\u0131de Leg Standart Pa\u00e7a Pantolon K\u0131z Bebek i\u00e7in hemen DeFacto&#8217;ya t\u0131kla!<\/p>\n","protected":false},"excerpt":{"rendered":"<p>Arad\u0131\u011f\u0131n Mavi K\u0131z Bebek W\u0131de Leg Standart Pa\u00e7a Pantolon K\u0131z Bebek en uygun fiyatla DeFacto&#8217;da! Yeni sezon Mavi K\u0131z Bebek<\/p>\n","protected":false},"featured_media":115862,"comment_status":"open","ping_status":"closed","template":"","meta":[],"product_brand":[],"product_cat":[12977],"product_tag":[],"class_list":{"0":"post-115867","1":"product","2":"type-product","3":"status-publish","4":"has-post-thumbnail","6":"product_cat-accessories-men","8":"first","9":"instock","10":"sale","11":"shipping-taxable","12":"purchasable","13":"product-type-variable"},"_links":{"self":[{"href":"https:\/\/mod.wisdar.net\/tr\/wp-json\/wp\/v2\/product\/115867","targetHints":{"allow":["GET"]}}],"collection":[{"href":"https:\/\/mod.wisdar.net\/tr\/wp-json\/wp\/v2\/product"}],"about":[{"href":"https:\/\/mod.wisdar.net\/tr\/wp-json\/wp\/v2\/types\/product"}],"replies":[{"embeddable":true,"href":"https:\/\/mod.wisdar.net\/tr\/wp-json\/wp\/v2\/comments?post=115867"}],"version-history":[{"count":0,"href":"https:\/\/mod.wisdar.net\/tr\/wp-json\/wp\/v2\/product\/115867\/revisions"}],"wp:featuredmedia":[{"embeddable":true,"href":"https:\/\/mod.wisdar.net\/tr\/wp-json\/wp\/v2\/media\/115862"}],"wp:attachment":[{"href":"https:\/\/mod.wisdar.net\/tr\/wp-json\/wp\/v2\/media?parent=115867"}],"wp:term":[{"taxonomy":"product_brand","embeddable":true,"href":"https:\/\/mod.wisdar.net\/tr\/wp-json\/wp\/v2\/product_brand?post=115867"},{"taxonomy":"product_cat","embeddable":true,"href":"https:\/\/mod.wisdar.net\/tr\/wp-json\/wp\/v2\/product_cat?post=115867"},{"taxonomy":"product_tag","embeddable":true,"href":"https:\/\/mod.wisdar.net\/tr\/wp-json\/wp\/v2\/product_tag?post=115867"}],"curies":[{"name":"wp","href":"https:\/\/api.w.org\/{rel}","templated":true}]}}