{"id":115877,"date":"2026-02-17T10:23:39","date_gmt":"2026-02-17T10:23:39","guid":{"rendered":"https:\/\/modesthanim.com\/product\/flare-fit-ispanyol-paca-gabardin-pantolon-kiz-bebek\/"},"modified":"2026-04-01T06:04:33","modified_gmt":"2026-04-01T06:04:33","slug":"flare-fit-ispanyol-paca-gabardin-pantolon-kiz-bebek","status":"publish","type":"product","link":"https:\/\/mod.wisdar.net\/tr\/urun\/flare-fit-ispanyol-paca-gabardin-pantolon-kiz-bebek\/","title":{"rendered":"Flare Fit \u0130spanyol Pa\u00e7a Gabardin Pantolon K\u0131z Bebek"},"content":{"rendered":"<p>K\u0131z bebekler i\u00e7in Flare Fit \u0130spanyol Pa\u00e7a Gabardin Pantolon, \u015f\u0131k flare pa\u00e7a kesimi ve dayan\u0131kl\u0131 gabardin kuma\u015f\u0131yla rahatl\u0131k ve tarz sunar. Hem hareket \u00f6zg\u00fcrl\u00fc\u011f\u00fc sa\u011flar hem de \u015f\u0131k bir g\u00f6r\u00fcn\u00fcm olu\u015fturur, bebeklerin g\u00fcnl\u00fck \u015f\u0131kl\u0131\u011f\u0131na katk\u0131 sa\u011flar.<\/p>\n","protected":false},"excerpt":{"rendered":"<p>K\u0131z bebekler i\u00e7in Flare Fit \u0130spanyol Pa\u00e7a Gabardin Pantolon, \u015f\u0131k flare pa\u00e7a kesimi ve dayan\u0131kl\u0131 gabardin kuma\u015f\u0131yla rahatl\u0131k ve tarz sunar. Hem hareket \u00f6zg\u00fcrl\u00fc\u011f\u00fc sa\u011flar hem de \u015f\u0131k bir g\u00f6r\u00fcn\u00fcm olu\u015fturur, bebeklerin g\u00fcnl\u00fck \u015f\u0131kl\u0131\u011f\u0131na katk\u0131 sa\u011flar.<\/p>\n","protected":false},"featured_media":115864,"comment_status":"open","ping_status":"closed","template":"","meta":[],"product_brand":[],"product_cat":[8715,8694,8727],"product_tag":[7294,7467,6765],"class_list":{"0":"post-115877","1":"product","2":"type-product","3":"status-publish","4":"has-post-thumbnail","6":"product_cat-kiz-cocuklari-2-14-yas","7":"product_cat-cocuklar","8":"product_cat-pantolon","9":"product_tag-beyaz","10":"product_tag-ispanyol-paca","11":"product_tag-lastikli-bel","12":"pa_brand-defacto","13":"pa_color-beyaz","14":"pa_size-12-18-ay-86cm","15":"pa_size-18-24-ay-92cm","16":"pa_size-24-36-ay-98-cm","17":"pa_size-3-4-yas-104-cm","18":"pa_size-4-5-yas-110cm","19":"pa_size-5-6-yas-116cm","20":"pa_size-9-12-ay-80cm","22":"first","23":"instock","24":"sale","25":"shipping-taxable","26":"purchasable","27":"product-type-variable"},"_links":{"self":[{"href":"https:\/\/mod.wisdar.net\/tr\/wp-json\/wp\/v2\/product\/115877","targetHints":{"allow":["GET"]}}],"collection":[{"href":"https:\/\/mod.wisdar.net\/tr\/wp-json\/wp\/v2\/product"}],"about":[{"href":"https:\/\/mod.wisdar.net\/tr\/wp-json\/wp\/v2\/types\/product"}],"replies":[{"embeddable":true,"href":"https:\/\/mod.wisdar.net\/tr\/wp-json\/wp\/v2\/comments?post=115877"}],"wp:featuredmedia":[{"embeddable":true,"href":"https:\/\/mod.wisdar.net\/tr\/wp-json\/wp\/v2\/media\/115864"}],"wp:attachment":[{"href":"https:\/\/mod.wisdar.net\/tr\/wp-json\/wp\/v2\/media?parent=115877"}],"wp:term":[{"taxonomy":"product_brand","embeddable":true,"href":"https:\/\/mod.wisdar.net\/tr\/wp-json\/wp\/v2\/product_brand?post=115877"},{"taxonomy":"product_cat","embeddable":true,"href":"https:\/\/mod.wisdar.net\/tr\/wp-json\/wp\/v2\/product_cat?post=115877"},{"taxonomy":"product_tag","embeddable":true,"href":"https:\/\/mod.wisdar.net\/tr\/wp-json\/wp\/v2\/product_tag?post=115877"}],"curies":[{"name":"wp","href":"https:\/\/api.w.org\/{rel}","templated":true}]}}