{"id":115948,"date":"2026-02-17T10:24:35","date_gmt":"2026-02-17T10:24:35","guid":{"rendered":"https:\/\/modesthanim.com\/product\/mom-fit-jean-pantolon-kiz-bebek\/"},"modified":"2026-03-03T11:51:51","modified_gmt":"2026-03-03T11:51:51","slug":"mom-fit-jean-pantolon-kiz-bebek","status":"publish","type":"product","link":"https:\/\/mod.wisdar.net\/tr\/urun\/mom-fit-jean-pantolon-kiz-bebek\/","title":{"rendered":"Mom Fit Jean Pantolon K\u0131z Bebek"},"content":{"rendered":"<p>K\u0131z bebekler i\u00e7in tasarlanan mom fit jean pantolon, rahat kesimi ve esnek kuma\u015f\u0131yla miniklere g\u00fcn boyu konfor sunar. \u015e\u0131k tasar\u0131m\u0131yla hem g\u00fcnl\u00fck hem de \u00f6zel kombinlerde kolayca tercih edilebilir.<\/p>\n","protected":false},"excerpt":{"rendered":"<p>K\u0131z bebekler i\u00e7in tasarlanan mom fit jean pantolon, rahat kesimi ve esnek kuma\u015f\u0131yla miniklere g\u00fcn boyu konfor sunar. \u015e\u0131k tasar\u0131m\u0131yla hem g\u00fcnl\u00fck hem de \u00f6zel kombinlerde kolayca tercih edilebilir.<\/p>\n","protected":false},"featured_media":115944,"comment_status":"open","ping_status":"closed","template":"","meta":[],"product_brand":[],"product_cat":[8715,8694,8727,8697,8700],"product_tag":[],"class_list":{"0":"post-115948","1":"product","2":"type-product","3":"status-publish","4":"has-post-thumbnail","6":"product_cat-kiz-cocuklari-2-14-yas","7":"product_cat-cocuklar","8":"product_cat-pantolon","9":"product_cat-yenidogan-0-12-ay","10":"product_cat-yenidogan-giyim","11":"pa_brand-defacto","12":"pa_color-mavi","13":"pa_size-12-18-ay-86cm","14":"pa_size-18-24-ay-92cm","15":"pa_size-2-3-yas-98cm","16":"pa_size-3-4-yas-104-cm","17":"pa_size-4-5-yas-110cm","18":"pa_size-5-6-yas-116cm","19":"pa_size-9-12-ay-80cm","21":"first","22":"instock","23":"sale","24":"shipping-taxable","25":"purchasable","26":"product-type-variable"},"_links":{"self":[{"href":"https:\/\/mod.wisdar.net\/tr\/wp-json\/wp\/v2\/product\/115948","targetHints":{"allow":["GET"]}}],"collection":[{"href":"https:\/\/mod.wisdar.net\/tr\/wp-json\/wp\/v2\/product"}],"about":[{"href":"https:\/\/mod.wisdar.net\/tr\/wp-json\/wp\/v2\/types\/product"}],"replies":[{"embeddable":true,"href":"https:\/\/mod.wisdar.net\/tr\/wp-json\/wp\/v2\/comments?post=115948"}],"wp:featuredmedia":[{"embeddable":true,"href":"https:\/\/mod.wisdar.net\/tr\/wp-json\/wp\/v2\/media\/115944"}],"wp:attachment":[{"href":"https:\/\/mod.wisdar.net\/tr\/wp-json\/wp\/v2\/media?parent=115948"}],"wp:term":[{"taxonomy":"product_brand","embeddable":true,"href":"https:\/\/mod.wisdar.net\/tr\/wp-json\/wp\/v2\/product_brand?post=115948"},{"taxonomy":"product_cat","embeddable":true,"href":"https:\/\/mod.wisdar.net\/tr\/wp-json\/wp\/v2\/product_cat?post=115948"},{"taxonomy":"product_tag","embeddable":true,"href":"https:\/\/mod.wisdar.net\/tr\/wp-json\/wp\/v2\/product_tag?post=115948"}],"curies":[{"name":"wp","href":"https:\/\/api.w.org\/{rel}","templated":true}]}}