{"id":11604,"date":"2025-11-07T20:16:06","date_gmt":"2025-11-01T21:13:05","guid":{"rendered":"https:\/\/modesthanim.com\/product\/bol-paca-pantolon-bej\/"},"modified":"2026-04-10T16:20:51","modified_gmt":"2026-04-10T16:20:51","slug":"bol-paca-pantolon-bej","status":"publish","type":"product","link":"https:\/\/mod.wisdar.net\/tr\/urun\/bol-paca-pantolon-bej\/","title":{"rendered":"Bol Pa\u00e7a Pantolon \u2013 Bej"},"content":{"rendered":"<p>Geni\u015f pa\u00e7a tasar\u0131m\u0131 ile bacaklar\u0131 \u00f6zg\u00fcrce sarar ve rahat\u00e7a saran bel k\u0131sm\u0131 her bedene uyum sa\u011flar. G\u00fcnl\u00fck kullan\u0131m\u0131n yan\u0131 s\u0131ra \u015f\u0131k kombinler i\u00e7in de ideal olan bu pantolon, \u00f6zg\u00fcr bir hareket alan\u0131 sunar.<\/p>\n<p>\u2014 Teknik Detaylar \u2014<br \/>\nDesen: D\u00fcz<br \/>\nBel Tipi: Y\u00fcksek Bel<br \/>\nPa\u00e7a Tipi: Bol Pa\u00e7a<br \/>\nCep: Yan Cep<br \/>\nAstar: Astars\u0131z<br \/>\n\u00dcr\u00fcn Boyu: 105 cm<br \/>\nKal\u0131p Tipi: Normal Kal\u0131p<br \/>\nMankenin Giydi\u011fi Beden: 38<br \/>\nManken \u00d6l\u00e7\u00fcleri: Boy: 175 cm, G\u00f6\u011f\u00fcs: 82 cm, Bel: 60 cm, Basen: 90 cm<\/p>\n","protected":false},"excerpt":{"rendered":"<p>Geni\u015f pa\u00e7a tasar\u0131m\u0131 ile bacaklar\u0131 \u00f6zg\u00fcrce sarar ve rahat\u00e7a saran bel k\u0131sm\u0131 her bedene uyum sa\u011flar. G\u00fcnl\u00fck kullan\u0131m\u0131n yan\u0131 s\u0131ra \u015f\u0131k kombinler i\u00e7in de ideal olan bu pantolon, \u00f6zg\u00fcr bir hareket alan\u0131 sunar. \u2014 Teknik Detaylar \u2014 Desen: D\u00fcz Bel Tipi: Y\u00fcksek Bel Pa\u00e7a Tipi: Bol Pa\u00e7a Cep: Yan Cep Astar: Astars\u0131z \u00dcr\u00fcn Boyu: 105 [&hellip;]<\/p>\n","protected":false},"featured_media":0,"comment_status":"open","ping_status":"closed","template":"","meta":[],"product_brand":[],"product_cat":[1882],"product_tag":[],"class_list":{"0":"post-11604","1":"product","2":"type-product","3":"status-publish","5":"product_cat-alt-giyim","6":"pa_brand-tugba","7":"pa_color-beige","8":"pa_size-4706","9":"pa_size-4711","10":"pa_size-4713","11":"pa_size-4751","13":"first","14":"instock","15":"sale","16":"shipping-taxable","17":"purchasable","18":"product-type-variable"},"_links":{"self":[{"href":"https:\/\/mod.wisdar.net\/tr\/wp-json\/wp\/v2\/product\/11604","targetHints":{"allow":["GET"]}}],"collection":[{"href":"https:\/\/mod.wisdar.net\/tr\/wp-json\/wp\/v2\/product"}],"about":[{"href":"https:\/\/mod.wisdar.net\/tr\/wp-json\/wp\/v2\/types\/product"}],"replies":[{"embeddable":true,"href":"https:\/\/mod.wisdar.net\/tr\/wp-json\/wp\/v2\/comments?post=11604"}],"wp:attachment":[{"href":"https:\/\/mod.wisdar.net\/tr\/wp-json\/wp\/v2\/media?parent=11604"}],"wp:term":[{"taxonomy":"product_brand","embeddable":true,"href":"https:\/\/mod.wisdar.net\/tr\/wp-json\/wp\/v2\/product_brand?post=11604"},{"taxonomy":"product_cat","embeddable":true,"href":"https:\/\/mod.wisdar.net\/tr\/wp-json\/wp\/v2\/product_cat?post=11604"},{"taxonomy":"product_tag","embeddable":true,"href":"https:\/\/mod.wisdar.net\/tr\/wp-json\/wp\/v2\/product_tag?post=11604"}],"curies":[{"name":"wp","href":"https:\/\/api.w.org\/{rel}","templated":true}]}}