{"id":116121,"date":"2026-02-17T10:27:33","date_gmt":"2026-02-17T10:27:33","guid":{"rendered":"https:\/\/modesthanim.com\/product\/oversize-nakisli-sweatshirt-kiz-bebek\/"},"modified":"2026-04-09T06:32:34","modified_gmt":"2026-04-09T06:32:34","slug":"oversize-nakisli-sweatshirt-kiz-bebek","status":"publish","type":"product","link":"https:\/\/mod.wisdar.net\/tr\/urun\/oversize-nakisli-sweatshirt-kiz-bebek\/","title":{"rendered":"Overs\u0131ze Nak\u0131\u015fl\u0131 Sweatsh\u0131rt K\u0131z Bebek"},"content":{"rendered":"<p>Oversize kesimi ve nak\u0131\u015f detaylar\u0131yla sevimli bir tasar\u0131m sunan sweatshirt, k\u0131z bebekler i\u00e7in yumu\u015fak ve rahat bir kullan\u0131m sa\u011flar. G\u00fcnl\u00fck kombinlerde \u015f\u0131k ve konforlu bir tercih olu\u015fturur.<\/p>\n<p>\u2014 Technical Details \u2014<br \/>\nDesen: Floral<br \/>\nCinsiyet: K\u0131z Bebek<br \/>\nKal\u0131p: Overs\u0131ze<br \/>\nKol Boyu: Uzun Kollu<br \/>\n\u00dcr\u00fcn Tipi: Sweatshirt<br \/>\nRenk: Ekru<br \/>\nMen\u015fei: TR<\/p>\n","protected":false},"excerpt":{"rendered":"<p>Oversize kesimi ve nak\u0131\u015f detaylar\u0131yla sevimli bir tasar\u0131m sunan sweatshirt, k\u0131z bebekler i\u00e7in yumu\u015fak ve rahat bir kullan\u0131m sa\u011flar. G\u00fcnl\u00fck kombinlerde \u015f\u0131k ve konforlu bir tercih olu\u015fturur. \u2014 Technical Details \u2014 Desen: Floral Cinsiyet: K\u0131z Bebek Kal\u0131p: Overs\u0131ze Kol Boyu: Uzun Kollu \u00dcr\u00fcn Tipi: Sweatshirt Renk: Ekru Men\u015fei: TR<\/p>\n","protected":false},"featured_media":116117,"comment_status":"open","ping_status":"closed","template":"","meta":[],"product_brand":[],"product_cat":[8715,8694,8724],"product_tag":[7508,6757,7423,7422,6768],"class_list":{"0":"post-116121","1":"product","2":"type-product","3":"status-publish","4":"has-post-thumbnail","6":"product_cat-kiz-cocuklari-2-14-yas","7":"product_cat-cocuklar","8":"product_cat-tisortler-bluzlar","9":"product_tag-cicekli","10":"product_tag-ekru","11":"product_tag-oversize-2","12":"product_tag-sweatshirt","13":"product_tag-uzun-kol","14":"pa_brand-defacto","15":"pa_color-ekru","16":"pa_size-12-18-ay-86cm","17":"pa_size-18-24-ay-92cm","18":"pa_size-2-3-yas-98cm","19":"pa_size-3-4-yas-104-cm","20":"pa_size-4-5-yas-110cm","21":"pa_size-5-6-yas-116cm","23":"first","24":"instock","25":"sale","26":"shipping-taxable","27":"purchasable","28":"product-type-variable"},"_links":{"self":[{"href":"https:\/\/mod.wisdar.net\/tr\/wp-json\/wp\/v2\/product\/116121","targetHints":{"allow":["GET"]}}],"collection":[{"href":"https:\/\/mod.wisdar.net\/tr\/wp-json\/wp\/v2\/product"}],"about":[{"href":"https:\/\/mod.wisdar.net\/tr\/wp-json\/wp\/v2\/types\/product"}],"replies":[{"embeddable":true,"href":"https:\/\/mod.wisdar.net\/tr\/wp-json\/wp\/v2\/comments?post=116121"}],"wp:featuredmedia":[{"embeddable":true,"href":"https:\/\/mod.wisdar.net\/tr\/wp-json\/wp\/v2\/media\/116117"}],"wp:attachment":[{"href":"https:\/\/mod.wisdar.net\/tr\/wp-json\/wp\/v2\/media?parent=116121"}],"wp:term":[{"taxonomy":"product_brand","embeddable":true,"href":"https:\/\/mod.wisdar.net\/tr\/wp-json\/wp\/v2\/product_brand?post=116121"},{"taxonomy":"product_cat","embeddable":true,"href":"https:\/\/mod.wisdar.net\/tr\/wp-json\/wp\/v2\/product_cat?post=116121"},{"taxonomy":"product_tag","embeddable":true,"href":"https:\/\/mod.wisdar.net\/tr\/wp-json\/wp\/v2\/product_tag?post=116121"}],"curies":[{"name":"wp","href":"https:\/\/api.w.org\/{rel}","templated":true}]}}