{"id":116132,"date":"2026-02-17T10:27:38","date_gmt":"2026-02-17T10:27:38","guid":{"rendered":"https:\/\/modesthanim.com\/product\/bisiklet-yaka-cizgili-uzun-kollu-tisort-kiz-bebek\/"},"modified":"2026-04-01T04:31:54","modified_gmt":"2026-04-01T04:31:54","slug":"bisiklet-yaka-cizgili-uzun-kollu-tisort-kiz-bebek","status":"publish","type":"product","link":"https:\/\/mod.wisdar.net\/tr\/urun\/bisiklet-yaka-cizgili-uzun-kollu-tisort-kiz-bebek\/","title":{"rendered":"Bisiklet Yaka \u00c7izgili Uzun Kollu Ti\u015f\u00f6rt K\u0131z Bebek"},"content":{"rendered":"<p>K\u0131z Bebek Bisiklet Yaka \u00c7izgili Uzun Kollu Ti\u015f\u00f6rt, yumu\u015fak ve nefes alabilen kuma\u015f\u0131yla g\u00fcn boyu konfor sa\u011flar. \u015e\u0131k \u00e7izgili deseni ve bisiklet yaka tasar\u0131m\u0131yla sevimli bir g\u00f6r\u00fcn\u00fcm sunar.<\/p>\n<p>\u2014 Technical Details \u2014<br \/>\nDesen: \u00c7izgili<br \/>\nCinsiyet: K\u0131z Bebek<br \/>\nKol Boyu: Uzun Kollu<br \/>\nKal\u0131p: Regular Fit<br \/>\nModel \u00d6l\u00e7\u00fcleri: 12-18 Ay (86cm) Beden \u2013 1,00cm \u2013 31\/25\/20<br \/>\nNumune Bedeni: 12-18 Ay (86cm)<br \/>\nMarka: Defacto<br \/>\nMen\u015fei: TR<br \/>\n\u00dcr\u00fcn Grubu: K\u0131z Bebek Ti\u015f\u00f6rt<br \/>\n\u00dcr\u00fcn Uzunluk \u00d6l\u00e7\u00fcleri: Omuzdan Arka Boy: 12-18 Ay (86cm)-36 cm, 18-24 Ay (92cm)-38 cm, 2\/3 Ya\u015f (98cm)-39 cm, 3\/4 Ya\u015f (104 Cm)-41 cm, 4\/5 Ya\u015f (110cm)-42 cm, 5\/6 Ya\u015f (116cm)-44 cm<\/p>\n","protected":false},"excerpt":{"rendered":"<p>K\u0131z Bebek Bisiklet Yaka \u00c7izgili Uzun Kollu Ti\u015f\u00f6rt, yumu\u015fak ve nefes alabilen kuma\u015f\u0131yla g\u00fcn boyu konfor sa\u011flar. \u015e\u0131k \u00e7izgili deseni ve bisiklet yaka tasar\u0131m\u0131yla sevimli bir g\u00f6r\u00fcn\u00fcm sunar. \u2014 Technical Details \u2014 Desen: \u00c7izgili Cinsiyet: K\u0131z Bebek Kol Boyu: Uzun Kollu Kal\u0131p: Regular Fit Model \u00d6l\u00e7\u00fcleri: 12-18 Ay (86cm) Beden \u2013 1,00cm \u2013 31\/25\/20 Numune [&hellip;]<\/p>\n","protected":false},"featured_media":116120,"comment_status":"open","ping_status":"closed","template":"","meta":[],"product_brand":[],"product_cat":[8715,8694,8724],"product_tag":[7912,7744,6768],"class_list":{"0":"post-116132","1":"product","2":"type-product","3":"status-publish","4":"has-post-thumbnail","6":"product_cat-kiz-cocuklari-2-14-yas","7":"product_cat-cocuklar","8":"product_cat-tisortler-bluzlar","9":"product_tag-cizgili","10":"product_tag-pembe","11":"product_tag-uzun-kol","12":"pa_brand-defacto","13":"pa_color-pembe","14":"pa_size-12-18-ay-86cm","15":"pa_size-18-24-ay-92cm","16":"pa_size-2-3-yas-98cm","17":"pa_size-3-4-yas-104-cm","18":"pa_size-4-5-yas-110cm","19":"pa_size-5-6-yas-116cm","21":"first","22":"outofstock","23":"shipping-taxable","24":"product-type-variable"},"_links":{"self":[{"href":"https:\/\/mod.wisdar.net\/tr\/wp-json\/wp\/v2\/product\/116132","targetHints":{"allow":["GET"]}}],"collection":[{"href":"https:\/\/mod.wisdar.net\/tr\/wp-json\/wp\/v2\/product"}],"about":[{"href":"https:\/\/mod.wisdar.net\/tr\/wp-json\/wp\/v2\/types\/product"}],"replies":[{"embeddable":true,"href":"https:\/\/mod.wisdar.net\/tr\/wp-json\/wp\/v2\/comments?post=116132"}],"wp:featuredmedia":[{"embeddable":true,"href":"https:\/\/mod.wisdar.net\/tr\/wp-json\/wp\/v2\/media\/116120"}],"wp:attachment":[{"href":"https:\/\/mod.wisdar.net\/tr\/wp-json\/wp\/v2\/media?parent=116132"}],"wp:term":[{"taxonomy":"product_brand","embeddable":true,"href":"https:\/\/mod.wisdar.net\/tr\/wp-json\/wp\/v2\/product_brand?post=116132"},{"taxonomy":"product_cat","embeddable":true,"href":"https:\/\/mod.wisdar.net\/tr\/wp-json\/wp\/v2\/product_cat?post=116132"},{"taxonomy":"product_tag","embeddable":true,"href":"https:\/\/mod.wisdar.net\/tr\/wp-json\/wp\/v2\/product_tag?post=116132"}],"curies":[{"name":"wp","href":"https:\/\/api.w.org\/{rel}","templated":true}]}}