{"id":116245,"date":"2026-02-17T11:58:42","date_gmt":"2026-02-17T11:58:42","guid":{"rendered":"https:\/\/modesthanim.com\/product\/ekru-kisa-kollu-gomlek-ve-pantolon-erkek-bebek-takimi\/"},"modified":"2026-04-14T01:33:00","modified_gmt":"2026-04-14T01:33:00","slug":"ekru-kisa-kollu-gomlek-ve-pantolon-erkek-bebek-takimi","status":"publish","type":"product","link":"https:\/\/mod.wisdar.net\/tr\/urun\/ekru-kisa-kollu-gomlek-ve-pantolon-erkek-bebek-takimi\/","title":{"rendered":"Ekru K\u0131sa Kollu G\u00f6mlek ve Pantolon Erkek Bebek Tak\u0131m\u0131"},"content":{"rendered":"<p>LCW baby Ekru K\u0131sa Kollu G\u00f6mlek ve Pantolon Erkek Bebek Tak\u0131m\u0131 size \u00f6zel indirim, taksit ve kap\u0131da \u00f6deme avantajlar\u0131yla LCW&#8217;de! Hemen online al\u0131\u015fveri\u015f yap, \u00fcr\u00fcn kap\u0131na gelsin! \u2013 S6BB52Z1-LFC<\/p>\n<p>\u2014 Technical Details \u2014<br \/>\nSat\u0131c\u0131: LC Waikiki<br \/>\nMarka: LCW baby<br \/>\n\u00dcr\u00fcn Tipi: Tak\u0131m<br \/>\nCinsiyet: Erkek Bebek<br \/>\nKuma\u015f: Arm\u00fcrl\u00fc<br \/>\nBel Fiti: Beli Lastikli<br \/>\nDesen: \u00c7izgili<br \/>\nYaka: Resort Yaka<br \/>\nPa\u00e7a Fiti: D\u00fcz Pa\u00e7a<br \/>\nKal\u0131nl\u0131k: \u0130nce<br \/>\nKol Boyu: K\u0131sa Kollu<br \/>\nMalzeme: %100 Pamuk<br \/>\nPar\u00e7a Say\u0131s\u0131: 2 Par\u00e7a<\/p>\n","protected":false},"excerpt":{"rendered":"<p>LCW baby Ekru K\u0131sa Kollu G\u00f6mlek ve Pantolon Erkek Bebek Tak\u0131m\u0131 size \u00f6zel indirim, taksit ve kap\u0131da \u00f6deme avantajlar\u0131yla LCW&#8217;de! Hemen online al\u0131\u015fveri\u015f yap, \u00fcr\u00fcn kap\u0131na gelsin! \u2013 S6BB52Z1-LFC \u2014 Technical Details \u2014 Sat\u0131c\u0131: LC Waikiki Marka: LCW baby \u00dcr\u00fcn Tipi: Tak\u0131m Cinsiyet: Erkek Bebek Kuma\u015f: Arm\u00fcrl\u00fc Bel Fiti: Beli Lastikli Desen: \u00c7izgili Yaka: Resort [&hellip;]<\/p>\n","protected":false},"featured_media":116236,"comment_status":"open","ping_status":"closed","template":"","meta":[],"product_brand":[],"product_cat":[8703,8745,8739,8694,8697],"product_tag":[6765,7700,7603],"class_list":{"0":"post-116245","1":"product","2":"type-product","3":"status-publish","4":"has-post-thumbnail","6":"product_cat-bebek-setleri","7":"product_cat-erkek-cocuk-takimlari","8":"product_cat-erkek-cocuklar-2-14-yas","9":"product_cat-cocuklar","10":"product_cat-yenidogan-0-12-ay","11":"product_tag-lastikli-bel","12":"product_tag-lc-waikiki","13":"product_tag-online-alisveris","14":"pa_brand-lcw-baby","15":"pa_color-ekru","16":"pa_size-12-18-ay","17":"pa_size-18-24-ay","18":"pa_size-2-3-yas","19":"pa_size-3-4-yas","20":"pa_size-6-9-ay","21":"pa_size-9-12-ay","23":"first","24":"instock","25":"sale","26":"shipping-taxable","27":"purchasable","28":"product-type-variable"},"_links":{"self":[{"href":"https:\/\/mod.wisdar.net\/tr\/wp-json\/wp\/v2\/product\/116245","targetHints":{"allow":["GET"]}}],"collection":[{"href":"https:\/\/mod.wisdar.net\/tr\/wp-json\/wp\/v2\/product"}],"about":[{"href":"https:\/\/mod.wisdar.net\/tr\/wp-json\/wp\/v2\/types\/product"}],"replies":[{"embeddable":true,"href":"https:\/\/mod.wisdar.net\/tr\/wp-json\/wp\/v2\/comments?post=116245"}],"wp:featuredmedia":[{"embeddable":true,"href":"https:\/\/mod.wisdar.net\/tr\/wp-json\/wp\/v2\/media\/116236"}],"wp:attachment":[{"href":"https:\/\/mod.wisdar.net\/tr\/wp-json\/wp\/v2\/media?parent=116245"}],"wp:term":[{"taxonomy":"product_brand","embeddable":true,"href":"https:\/\/mod.wisdar.net\/tr\/wp-json\/wp\/v2\/product_brand?post=116245"},{"taxonomy":"product_cat","embeddable":true,"href":"https:\/\/mod.wisdar.net\/tr\/wp-json\/wp\/v2\/product_cat?post=116245"},{"taxonomy":"product_tag","embeddable":true,"href":"https:\/\/mod.wisdar.net\/tr\/wp-json\/wp\/v2\/product_tag?post=116245"}],"curies":[{"name":"wp","href":"https:\/\/api.w.org\/{rel}","templated":true}]}}