{"id":116412,"date":"2026-02-17T12:01:23","date_gmt":"2026-02-17T12:01:23","guid":{"rendered":"https:\/\/modesthanim.com\/product\/pembe-bisiklet-yaka-minnie-mouse-baskili-kiz-bebek-tulum\/"},"modified":"2026-04-14T01:41:29","modified_gmt":"2026-04-14T01:41:29","slug":"pembe-bisiklet-yaka-minnie-mouse-baskili-kiz-bebek-tulum","status":"publish","type":"product","link":"https:\/\/mod.wisdar.net\/tr\/urun\/pembe-bisiklet-yaka-minnie-mouse-baskili-kiz-bebek-tulum\/","title":{"rendered":"Pembe Bisiklet Yaka Minnie Mouse Bask\u0131l\u0131 K\u0131z Bebek Tulum"},"content":{"rendered":"<p>LCW baby Pembe Bisiklet Yaka Minnie Mouse Bask\u0131l\u0131 K\u0131z Bebek Tulum size \u00f6zel indirim, taksit ve kap\u0131da \u00f6deme avantajlar\u0131yla LCW&#8217;de! Hemen online al\u0131\u015fveri\u015f yap, \u00fcr\u00fcn kap\u0131na gelsin! \u2013 S64821Z1-FHR<\/p>\n<p>\u2014 Technical Details \u2014<br \/>\n\u00dcr\u00fcn Tipi: Tulum<br \/>\nCinsiyet: K\u0131z Bebek<br \/>\nKal\u0131p: Standart &amp; Regular<br \/>\nKuma\u015f: 2 \u0130plik<br \/>\nDesen: Bask\u0131l\u0131<br \/>\nYaka: Bisiklet Yaka<br \/>\nKal\u0131nl\u0131k: Orta Kal\u0131nl\u0131k<br \/>\nKol Boyu: Uzun Kollu<br \/>\nLisans: Minnie Mouse<br \/>\nPatik \u00d6zelli\u011fi: Patiksiz<br \/>\nMalzeme: Y\u00fcksek Pamuk \u0130\u00e7erir<br \/>\nKoleksiyon: Yenido\u011fan<\/p>\n","protected":false},"excerpt":{"rendered":"<p>LCW baby Pembe Bisiklet Yaka Minnie Mouse Bask\u0131l\u0131 K\u0131z Bebek Tulum size \u00f6zel indirim, taksit ve kap\u0131da \u00f6deme avantajlar\u0131yla LCW&#8217;de! Hemen online al\u0131\u015fveri\u015f yap, \u00fcr\u00fcn kap\u0131na gelsin! \u2013 S64821Z1-FHR \u2014 Technical Details \u2014 \u00dcr\u00fcn Tipi: Tulum Cinsiyet: K\u0131z Bebek Kal\u0131p: Standart &amp; Regular Kuma\u015f: 2 \u0130plik Desen: Bask\u0131l\u0131 Yaka: Bisiklet Yaka Kal\u0131nl\u0131k: Orta Kal\u0131nl\u0131k Kol [&hellip;]<\/p>\n","protected":false},"featured_media":116408,"comment_status":"open","ping_status":"closed","template":"","meta":[],"product_brand":[],"product_cat":[8694,8706,8697],"product_tag":[8022,8023],"class_list":{"0":"post-116412","1":"product","2":"type-product","3":"status-publish","4":"has-post-thumbnail","6":"product_cat-cocuklar","7":"product_cat-tulum","8":"product_cat-yenidogan-0-12-ay","9":"product_tag-baskili-2","10":"product_tag-bisiklet-yaka","11":"pa_brand-lcw-baby","12":"pa_color-acik-gulkurusu","13":"pa_size-1-3-ay","14":"pa_size-12-18-ay","15":"pa_size-3-6-ay","16":"pa_size-6-9-ay","17":"pa_size-9-12-ay","19":"first","20":"instock","21":"sale","22":"shipping-taxable","23":"purchasable","24":"product-type-variable"},"_links":{"self":[{"href":"https:\/\/mod.wisdar.net\/tr\/wp-json\/wp\/v2\/product\/116412","targetHints":{"allow":["GET"]}}],"collection":[{"href":"https:\/\/mod.wisdar.net\/tr\/wp-json\/wp\/v2\/product"}],"about":[{"href":"https:\/\/mod.wisdar.net\/tr\/wp-json\/wp\/v2\/types\/product"}],"replies":[{"embeddable":true,"href":"https:\/\/mod.wisdar.net\/tr\/wp-json\/wp\/v2\/comments?post=116412"}],"wp:featuredmedia":[{"embeddable":true,"href":"https:\/\/mod.wisdar.net\/tr\/wp-json\/wp\/v2\/media\/116408"}],"wp:attachment":[{"href":"https:\/\/mod.wisdar.net\/tr\/wp-json\/wp\/v2\/media?parent=116412"}],"wp:term":[{"taxonomy":"product_brand","embeddable":true,"href":"https:\/\/mod.wisdar.net\/tr\/wp-json\/wp\/v2\/product_brand?post=116412"},{"taxonomy":"product_cat","embeddable":true,"href":"https:\/\/mod.wisdar.net\/tr\/wp-json\/wp\/v2\/product_cat?post=116412"},{"taxonomy":"product_tag","embeddable":true,"href":"https:\/\/mod.wisdar.net\/tr\/wp-json\/wp\/v2\/product_tag?post=116412"}],"curies":[{"name":"wp","href":"https:\/\/api.w.org\/{rel}","templated":true}]}}