{"id":11673,"date":"2025-11-01T21:14:19","date_gmt":"2025-11-01T21:14:19","guid":{"rendered":"https:\/\/modesthanim.com\/product\/bol-paca-cepli-pantolon-murdum\/"},"modified":"2026-04-10T16:14:45","modified_gmt":"2026-04-10T16:14:45","slug":"bol-paca-cepli-pantolon-murdum","status":"publish","type":"product","link":"https:\/\/mod.wisdar.net\/tr\/urun\/bol-paca-cepli-pantolon-murdum\/","title":{"rendered":"Bol Pa\u00e7a Cepli Pantolon \u2013 M\u00fcrd\u00fcm"},"content":{"rendered":"<p>Rahatl\u0131k ve \u015f\u0131kl\u0131\u011f\u0131 bir arada sunan bol pa\u00e7a cepli pantolon, modern kesimi ve konforlu yap\u0131s\u0131yla g\u00fcnl\u00fck stilinizi tamaml\u0131yor. Yan cepler detay\u0131na zarif bir dokunu\u015f katarken, bol pa\u00e7a tasar\u0131m\u0131 hareket \u00f6zg\u00fcrl\u00fc\u011f\u00fc ve rahatl\u0131k sa\u011fl\u0131yor.<\/p>\n<p>Kuma\u015f \u0130\u00e7eri\u011fi: %100 Polyester<br \/>\nDesen: D\u00fcz<br \/>\nBel Tipi: Y\u00fcksek Bel \u2013 Beli Lastikli Tasar\u0131m<br \/>\nPa\u00e7a Tipi: Bol Pa\u00e7a<br \/>\nCep: Yan Cep<br \/>\nAstar: Astars\u0131z<br \/>\n\u00dcr\u00fcn Boyu: 107 cm<br \/>\nKal\u0131p Tipi: Rahat Kal\u0131p<br \/>\nMankenin Giydi\u011fi Beden: 38<br \/>\nManken \u00d6l\u00e7\u00fcleri: Boy: 175 cm, G\u00f6\u011f\u00fcs: 82 cm, Bel: 60 cm, Basen: 90 cm<\/p>\n<p>\u2014 Technical Details \u2014<br \/>\nDesen: D\u00fcz<br \/>\nBel Tipi: Y\u00fcksek Bel \u2013 Beli Lastikli Tasar\u0131m<br \/>\nPa\u00e7a Tipi: Bol Pa\u00e7a<br \/>\nCep: Yan Cep<br \/>\nAstar: Astars\u0131z<br \/>\n\u00dcr\u00fcn Boyu: 107 cm<br \/>\nKal\u0131p Tipi: Rahat Kal\u0131p<br \/>\nMankenin Giydi\u011fi Beden: 38<br \/>\nManken \u00d6l\u00e7\u00fcleri: Boy: 175 cm, G\u00f6\u011f\u00fcs: 82 cm, Bel: 60 cm, Basen: 90 cm<\/p>\n","protected":false},"excerpt":{"rendered":"<p>Rahatl\u0131k ve \u015f\u0131kl\u0131\u011f\u0131 bir arada sunan bol pa\u00e7a cepli pantolon, modern kesimi ve konforlu yap\u0131s\u0131yla g\u00fcnl\u00fck stilinizi tamaml\u0131yor. Yan cepler detay\u0131na zarif bir dokunu\u015f katarken, bol pa\u00e7a tasar\u0131m\u0131 hareket \u00f6zg\u00fcrl\u00fc\u011f\u00fc ve rahatl\u0131k sa\u011fl\u0131yor. Kuma\u015f \u0130\u00e7eri\u011fi: %100 Polyester Desen: D\u00fcz Bel Tipi: Y\u00fcksek Bel \u2013 Beli Lastikli Tasar\u0131m Pa\u00e7a Tipi: Bol Pa\u00e7a Cep: Yan Cep Astar: [&hellip;]<\/p>\n","protected":false},"featured_media":0,"comment_status":"open","ping_status":"closed","template":"","meta":[],"product_brand":[],"product_cat":[1882],"product_tag":[6761,6759,5013,6749],"class_list":{"0":"post-11673","1":"product","2":"type-product","3":"status-publish","5":"product_cat-alt-giyim","6":"product_tag-bol-paca","7":"product_tag-konfor","8":"product_tag-modern","9":"product_tag-pantolon","10":"pa_brand-tugba","11":"pa_color-plum","12":"pa_size-4706","13":"pa_size-4711","14":"pa_size-4713","15":"pa_size-4751","16":"pa_size-4749","17":"pa_size-4747","19":"first","20":"instock","21":"sale","22":"shipping-taxable","23":"purchasable","24":"product-type-variable"},"_links":{"self":[{"href":"https:\/\/mod.wisdar.net\/tr\/wp-json\/wp\/v2\/product\/11673","targetHints":{"allow":["GET"]}}],"collection":[{"href":"https:\/\/mod.wisdar.net\/tr\/wp-json\/wp\/v2\/product"}],"about":[{"href":"https:\/\/mod.wisdar.net\/tr\/wp-json\/wp\/v2\/types\/product"}],"replies":[{"embeddable":true,"href":"https:\/\/mod.wisdar.net\/tr\/wp-json\/wp\/v2\/comments?post=11673"}],"wp:attachment":[{"href":"https:\/\/mod.wisdar.net\/tr\/wp-json\/wp\/v2\/media?parent=11673"}],"wp:term":[{"taxonomy":"product_brand","embeddable":true,"href":"https:\/\/mod.wisdar.net\/tr\/wp-json\/wp\/v2\/product_brand?post=11673"},{"taxonomy":"product_cat","embeddable":true,"href":"https:\/\/mod.wisdar.net\/tr\/wp-json\/wp\/v2\/product_cat?post=11673"},{"taxonomy":"product_tag","embeddable":true,"href":"https:\/\/mod.wisdar.net\/tr\/wp-json\/wp\/v2\/product_tag?post=11673"}],"curies":[{"name":"wp","href":"https:\/\/api.w.org\/{rel}","templated":true}]}}