{"id":116973,"date":"2026-02-17T12:13:00","date_gmt":"2026-02-17T12:13:00","guid":{"rendered":"https:\/\/modesthanim.com\/product\/bej-erkek-bebek-hayvan-figurlu-yurume-oncesi-ayakkabi\/"},"modified":"2026-04-14T02:10:46","modified_gmt":"2026-04-14T02:10:46","slug":"bej-erkek-bebek-hayvan-figurlu-yurume-oncesi-ayakkabi","status":"publish","type":"product","link":"https:\/\/mod.wisdar.net\/tr\/urun\/bej-erkek-bebek-hayvan-figurlu-yurume-oncesi-ayakkabi\/","title":{"rendered":"Bej Erkek Bebek Hayvan Fig\u00fcrl\u00fc Y\u00fcr\u00fcme \u00d6ncesi Ayakkab\u0131"},"content":{"rendered":"<p>LCW STEPS Bej Erkek Bebek Hayvan Fig\u00fcrl\u00fc Y\u00fcr\u00fcme \u00d6ncesi Ayakkab\u0131 size \u00f6zel indirim, taksit ve kap\u0131da \u00f6deme avantajlar\u0131yla LCW&#8217;de! Hemen online al\u0131\u015fveri\u015f yap, \u00fcr\u00fcn kap\u0131na gelsin! \u2013 S6GV51Z1-Z6T<\/p>\n<p>\u2014 Technical Details \u2014<br \/>\nDesen: Bask\u0131l\u0131<br \/>\nBurun \u015eekli: Yuvarlak Burun<br \/>\nAyakkab\u0131 Kapanma \u015eekli: C\u0131rt C\u0131rt<\/p>\n","protected":false},"excerpt":{"rendered":"<p>LCW STEPS Bej Erkek Bebek Hayvan Fig\u00fcrl\u00fc Y\u00fcr\u00fcme \u00d6ncesi Ayakkab\u0131 size \u00f6zel indirim, taksit ve kap\u0131da \u00f6deme avantajlar\u0131yla LCW&#8217;de! Hemen online al\u0131\u015fveri\u015f yap, \u00fcr\u00fcn kap\u0131na gelsin! \u2013 S6GV51Z1-Z6T \u2014 Technical Details \u2014 Desen: Bask\u0131l\u0131 Burun \u015eekli: Yuvarlak Burun Ayakkab\u0131 Kapanma \u015eekli: C\u0131rt C\u0131rt<\/p>\n","protected":false},"featured_media":116965,"comment_status":"open","ping_status":"closed","template":"","meta":[],"product_brand":[],"product_cat":[8694,8697,8700],"product_tag":[],"class_list":{"0":"post-116973","1":"product","2":"type-product","3":"status-publish","4":"has-post-thumbnail","6":"product_cat-cocuklar","7":"product_cat-yenidogan-0-12-ay","8":"product_cat-yenidogan-giyim","9":"pa_brand-lcw-steps","10":"pa_color-bej","11":"pa_size-16-0-3-ay","12":"pa_size-17-3-6-ay","13":"pa_size-18-6-9-ay","14":"pa_size-19-9-12-ay","15":"pa_size-20-12-15-ay","16":"pa_size-21-15-18-ay","18":"first","19":"instock","20":"sale","21":"shipping-taxable","22":"purchasable","23":"product-type-variable"},"_links":{"self":[{"href":"https:\/\/mod.wisdar.net\/tr\/wp-json\/wp\/v2\/product\/116973","targetHints":{"allow":["GET"]}}],"collection":[{"href":"https:\/\/mod.wisdar.net\/tr\/wp-json\/wp\/v2\/product"}],"about":[{"href":"https:\/\/mod.wisdar.net\/tr\/wp-json\/wp\/v2\/types\/product"}],"replies":[{"embeddable":true,"href":"https:\/\/mod.wisdar.net\/tr\/wp-json\/wp\/v2\/comments?post=116973"}],"wp:featuredmedia":[{"embeddable":true,"href":"https:\/\/mod.wisdar.net\/tr\/wp-json\/wp\/v2\/media\/116965"}],"wp:attachment":[{"href":"https:\/\/mod.wisdar.net\/tr\/wp-json\/wp\/v2\/media?parent=116973"}],"wp:term":[{"taxonomy":"product_brand","embeddable":true,"href":"https:\/\/mod.wisdar.net\/tr\/wp-json\/wp\/v2\/product_brand?post=116973"},{"taxonomy":"product_cat","embeddable":true,"href":"https:\/\/mod.wisdar.net\/tr\/wp-json\/wp\/v2\/product_cat?post=116973"},{"taxonomy":"product_tag","embeddable":true,"href":"https:\/\/mod.wisdar.net\/tr\/wp-json\/wp\/v2\/product_tag?post=116973"}],"curies":[{"name":"wp","href":"https:\/\/api.w.org\/{rel}","templated":true}]}}