{"id":117009,"date":"2026-02-17T12:13:14","date_gmt":"2026-02-17T12:13:14","guid":{"rendered":"https:\/\/modesthanim.com\/product\/antrasit-suet-gorunumlu-erkek-bebek-yurume-oncesi-spor-ayakkabi\/"},"modified":"2026-04-14T02:11:36","modified_gmt":"2026-04-14T02:11:36","slug":"antrasit-suet-gorunumlu-erkek-bebek-yurume-oncesi-spor-ayakkabi","status":"publish","type":"product","link":"https:\/\/mod.wisdar.net\/tr\/urun\/antrasit-suet-gorunumlu-erkek-bebek-yurume-oncesi-spor-ayakkabi\/","title":{"rendered":"Antrasit S\u00fcet G\u00f6r\u00fcn\u00fcml\u00fc Erkek Bebek Y\u00fcr\u00fcme \u00d6ncesi Spor Ayakkab\u0131"},"content":{"rendered":"<p>LCW STEPS Antrasit S\u00fcet G\u00f6r\u00fcn\u00fcml\u00fc Erkek Bebek Y\u00fcr\u00fcme \u00d6ncesi Spor Ayakkab\u0131 size \u00f6zel indirim, taksit ve kap\u0131da \u00f6deme avantajlar\u0131yla LCW&#8217;de! Hemen online al\u0131\u015fveri\u015f yap, \u00fcr\u00fcn kap\u0131na gelsin! \u2013 S6NC86Z1-17V<\/p>\n<p>\u2014 Technical Details \u2014<br \/>\nDesen: D\u00fcz<br \/>\nBurun \u015eekli: Yuvarlak Burun<br \/>\nAyakkab\u0131 Kapanma \u015eekli: Ba\u011fc\u0131k<\/p>\n","protected":false},"excerpt":{"rendered":"<p>LCW STEPS Antrasit S\u00fcet G\u00f6r\u00fcn\u00fcml\u00fc Erkek Bebek Y\u00fcr\u00fcme \u00d6ncesi Spor Ayakkab\u0131 size \u00f6zel indirim, taksit ve kap\u0131da \u00f6deme avantajlar\u0131yla LCW&#8217;de! Hemen online al\u0131\u015fveri\u015f yap, \u00fcr\u00fcn kap\u0131na gelsin! \u2013 S6NC86Z1-17V \u2014 Technical Details \u2014 Desen: D\u00fcz Burun \u015eekli: Yuvarlak Burun Ayakkab\u0131 Kapanma \u015eekli: Ba\u011fc\u0131k<\/p>\n","protected":false},"featured_media":117004,"comment_status":"open","ping_status":"closed","template":"","meta":[],"product_brand":[],"product_cat":[8694,8697,8700],"product_tag":[6777],"class_list":{"0":"post-117009","1":"product","2":"type-product","3":"status-publish","4":"has-post-thumbnail","6":"product_cat-cocuklar","7":"product_cat-yenidogan-0-12-ay","8":"product_cat-yenidogan-giyim","9":"product_tag-antrasit","10":"pa_brand-lcw-steps","11":"pa_color-antrasit","12":"pa_size-16-0-3-ay","13":"pa_size-17-3-6-ay","14":"pa_size-18-6-9-ay","15":"pa_size-19-9-12-ay","16":"pa_size-20-12-15-ay","17":"pa_size-21-15-18-ay","19":"first","20":"instock","21":"sale","22":"shipping-taxable","23":"purchasable","24":"product-type-variable"},"_links":{"self":[{"href":"https:\/\/mod.wisdar.net\/tr\/wp-json\/wp\/v2\/product\/117009","targetHints":{"allow":["GET"]}}],"collection":[{"href":"https:\/\/mod.wisdar.net\/tr\/wp-json\/wp\/v2\/product"}],"about":[{"href":"https:\/\/mod.wisdar.net\/tr\/wp-json\/wp\/v2\/types\/product"}],"replies":[{"embeddable":true,"href":"https:\/\/mod.wisdar.net\/tr\/wp-json\/wp\/v2\/comments?post=117009"}],"wp:featuredmedia":[{"embeddable":true,"href":"https:\/\/mod.wisdar.net\/tr\/wp-json\/wp\/v2\/media\/117004"}],"wp:attachment":[{"href":"https:\/\/mod.wisdar.net\/tr\/wp-json\/wp\/v2\/media?parent=117009"}],"wp:term":[{"taxonomy":"product_brand","embeddable":true,"href":"https:\/\/mod.wisdar.net\/tr\/wp-json\/wp\/v2\/product_brand?post=117009"},{"taxonomy":"product_cat","embeddable":true,"href":"https:\/\/mod.wisdar.net\/tr\/wp-json\/wp\/v2\/product_cat?post=117009"},{"taxonomy":"product_tag","embeddable":true,"href":"https:\/\/mod.wisdar.net\/tr\/wp-json\/wp\/v2\/product_tag?post=117009"}],"curies":[{"name":"wp","href":"https:\/\/api.w.org\/{rel}","templated":true}]}}