{"id":117073,"date":"2026-02-17T12:14:07","date_gmt":"2026-02-17T12:14:07","guid":{"rendered":"https:\/\/modesthanim.com\/product\/bej-cirt-cirtli-kiz-bebek-ilk-adim-ayakkabisi\/"},"modified":"2026-04-07T02:00:57","modified_gmt":"2026-04-07T02:00:57","slug":"bej-cirt-cirtli-kiz-bebek-ilk-adim-ayakkabisi","status":"publish","type":"product","link":"https:\/\/mod.wisdar.net\/tr\/urun\/bej-cirt-cirtli-kiz-bebek-ilk-adim-ayakkabisi\/","title":{"rendered":"Bej C\u0131rt C\u0131rtl\u0131 K\u0131z Bebek \u0130lk Ad\u0131m Ayakkab\u0131s\u0131"},"content":{"rendered":"<p>LCW STEPS Bej C\u0131rt C\u0131rtl\u0131 K\u0131z Bebek ilk Ad\u0131m Ayakkab\u0131s\u0131 size \u00f6zel indirim, taksit ve kap\u0131da \u00f6deme avantajlar\u0131yla LCW&#8217;de! Hemen online al\u0131\u015fveri\u015f yap, \u00fcr\u00fcn kap\u0131na gelsin! \u2013 S6KT19Z1-LQA<\/p>\n<p>\u2014 Technical Details \u2014<br \/>\nDesen: Bask\u0131l\u0131<br \/>\nBurun \u015eekli: Yuvarlak Burun<br \/>\nAyakkab\u0131 Kapanma \u015eekli: C\u0131rt C\u0131rt<br \/>\nCinsiyet: K\u0131z Bebek<br \/>\n\u00dcr\u00fcn Tipi: \u0130lk Ad\u0131m Ayakkab\u0131s\u0131<\/p>\n","protected":false},"excerpt":{"rendered":"<p>LCW STEPS Bej C\u0131rt C\u0131rtl\u0131 K\u0131z Bebek ilk Ad\u0131m Ayakkab\u0131s\u0131 size \u00f6zel indirim, taksit ve kap\u0131da \u00f6deme avantajlar\u0131yla LCW&#8217;de! Hemen online al\u0131\u015fveri\u015f yap, \u00fcr\u00fcn kap\u0131na gelsin! \u2013 S6KT19Z1-LQA \u2014 Technical Details \u2014 Desen: Bask\u0131l\u0131 Burun \u015eekli: Yuvarlak Burun Ayakkab\u0131 Kapanma \u015eekli: C\u0131rt C\u0131rt Cinsiyet: K\u0131z Bebek \u00dcr\u00fcn Tipi: \u0130lk Ad\u0131m Ayakkab\u0131s\u0131<\/p>\n","protected":false},"featured_media":117065,"comment_status":"open","ping_status":"closed","template":"","meta":[],"product_brand":[],"product_cat":[8694,8697,8700],"product_tag":[9498,9501,9499,9500,9503,9504],"class_list":{"0":"post-117073","1":"product","2":"type-product","3":"status-publish","4":"has-post-thumbnail","6":"product_cat-cocuklar","7":"product_cat-yenidogan-0-12-ay","8":"product_cat-yenidogan-giyim","9":"product_tag-baby-girl-shoes","10":"product_tag-beige-shoes","11":"product_tag-first-walkers","12":"product_tag-hook-and-loop-shoes","13":"product_tag-infant-footwear","14":"product_tag-soft-sole","15":"pa_brand-lcw-steps","16":"pa_color-bej","17":"pa_size-16-0-3-ay","18":"pa_size-17-3-6-ay","19":"pa_size-18-6-9-ay","20":"pa_size-19-9-12-ay","21":"pa_size-20-12-15-ay","22":"pa_size-21-15-18-ay","24":"first","25":"instock","26":"sale","27":"shipping-taxable","28":"purchasable","29":"product-type-variable"},"_links":{"self":[{"href":"https:\/\/mod.wisdar.net\/tr\/wp-json\/wp\/v2\/product\/117073","targetHints":{"allow":["GET"]}}],"collection":[{"href":"https:\/\/mod.wisdar.net\/tr\/wp-json\/wp\/v2\/product"}],"about":[{"href":"https:\/\/mod.wisdar.net\/tr\/wp-json\/wp\/v2\/types\/product"}],"replies":[{"embeddable":true,"href":"https:\/\/mod.wisdar.net\/tr\/wp-json\/wp\/v2\/comments?post=117073"}],"wp:featuredmedia":[{"embeddable":true,"href":"https:\/\/mod.wisdar.net\/tr\/wp-json\/wp\/v2\/media\/117065"}],"wp:attachment":[{"href":"https:\/\/mod.wisdar.net\/tr\/wp-json\/wp\/v2\/media?parent=117073"}],"wp:term":[{"taxonomy":"product_brand","embeddable":true,"href":"https:\/\/mod.wisdar.net\/tr\/wp-json\/wp\/v2\/product_brand?post=117073"},{"taxonomy":"product_cat","embeddable":true,"href":"https:\/\/mod.wisdar.net\/tr\/wp-json\/wp\/v2\/product_cat?post=117073"},{"taxonomy":"product_tag","embeddable":true,"href":"https:\/\/mod.wisdar.net\/tr\/wp-json\/wp\/v2\/product_tag?post=117073"}],"curies":[{"name":"wp","href":"https:\/\/api.w.org\/{rel}","templated":true}]}}