{"id":117170,"date":"2026-02-17T12:15:04","date_gmt":"2026-02-17T12:15:04","guid":{"rendered":"https:\/\/modesthanim.com\/product\/ekru-hayvan-figurlu-kiz-bebek-panduf\/"},"modified":"2026-04-14T02:20:43","modified_gmt":"2026-04-14T02:20:43","slug":"ekru-hayvan-figurlu-kiz-bebek-panduf","status":"publish","type":"product","link":"https:\/\/mod.wisdar.net\/tr\/urun\/ekru-hayvan-figurlu-kiz-bebek-panduf\/","title":{"rendered":"Ekru Hayvan Fig\u00fcrl\u00fc K\u0131z Bebek Panduf"},"content":{"rendered":"<p>LCW STEPS Ekru Hayvan Fig\u00fcrl\u00fc K\u0131z Bebek Panduf size \u00f6zel indirim, taksit ve kap\u0131da \u00f6deme avantajlar\u0131yla LCW&#8217;de! Hemen online al\u0131\u015fveri\u015f yap, \u00fcr\u00fcn kap\u0131na gelsin! \u2013 W5OJ57Z1-FDU<\/p>\n<p>\u2014 Technical Details \u2014<br \/>\nMen\u015fei: Turk\u0131ye<br \/>\nSat\u0131c\u0131: LC Waikiki<br \/>\nMarka: LCW STEPS<br \/>\n\u00dcr\u00fcn Tipi: Y\u00fcr\u00fcme \u00d6ncesi Ayakkab\u0131<br \/>\nCinsiyet: K\u0131z Bebek<br \/>\nKuma\u015f: Pel\u00fc\u015f<br \/>\nDesen: 3 Boyutlu<br \/>\nBurun \u015eekli: Yuvarlak Burun<\/p>\n","protected":false},"excerpt":{"rendered":"<p>LCW STEPS Ekru Hayvan Fig\u00fcrl\u00fc K\u0131z Bebek Panduf size \u00f6zel indirim, taksit ve kap\u0131da \u00f6deme avantajlar\u0131yla LCW&#8217;de! Hemen online al\u0131\u015fveri\u015f yap, \u00fcr\u00fcn kap\u0131na gelsin! \u2013 W5OJ57Z1-FDU \u2014 Technical Details \u2014 Men\u015fei: Turk\u0131ye Sat\u0131c\u0131: LC Waikiki Marka: LCW STEPS \u00dcr\u00fcn Tipi: Y\u00fcr\u00fcme \u00d6ncesi Ayakkab\u0131 Cinsiyet: K\u0131z Bebek Kuma\u015f: Pel\u00fc\u015f Desen: 3 Boyutlu Burun \u015eekli: Yuvarlak Burun<\/p>\n","protected":false},"featured_media":117158,"comment_status":"open","ping_status":"closed","template":"","meta":[],"product_brand":[],"product_cat":[8694,8697,8700],"product_tag":[6753],"class_list":{"0":"post-117170","1":"product","2":"type-product","3":"status-publish","4":"has-post-thumbnail","6":"product_cat-cocuklar","7":"product_cat-yenidogan-0-12-ay","8":"product_cat-yenidogan-giyim","9":"product_tag-bej","10":"pa_brand-lcw-steps","11":"pa_color-ekru","12":"pa_size-16-0-3-ay","13":"pa_size-17-3-6-ay","14":"pa_size-18-6-9-ay","15":"pa_size-19-9-12-ay","16":"pa_size-20-12-15-ay","17":"pa_size-21-15-18-ay","19":"first","20":"outofstock","21":"shipping-taxable","22":"product-type-variable"},"_links":{"self":[{"href":"https:\/\/mod.wisdar.net\/tr\/wp-json\/wp\/v2\/product\/117170","targetHints":{"allow":["GET"]}}],"collection":[{"href":"https:\/\/mod.wisdar.net\/tr\/wp-json\/wp\/v2\/product"}],"about":[{"href":"https:\/\/mod.wisdar.net\/tr\/wp-json\/wp\/v2\/types\/product"}],"replies":[{"embeddable":true,"href":"https:\/\/mod.wisdar.net\/tr\/wp-json\/wp\/v2\/comments?post=117170"}],"wp:featuredmedia":[{"embeddable":true,"href":"https:\/\/mod.wisdar.net\/tr\/wp-json\/wp\/v2\/media\/117158"}],"wp:attachment":[{"href":"https:\/\/mod.wisdar.net\/tr\/wp-json\/wp\/v2\/media?parent=117170"}],"wp:term":[{"taxonomy":"product_brand","embeddable":true,"href":"https:\/\/mod.wisdar.net\/tr\/wp-json\/wp\/v2\/product_brand?post=117170"},{"taxonomy":"product_cat","embeddable":true,"href":"https:\/\/mod.wisdar.net\/tr\/wp-json\/wp\/v2\/product_cat?post=117170"},{"taxonomy":"product_tag","embeddable":true,"href":"https:\/\/mod.wisdar.net\/tr\/wp-json\/wp\/v2\/product_tag?post=117170"}],"curies":[{"name":"wp","href":"https:\/\/api.w.org\/{rel}","templated":true}]}}