{"id":117239,"date":"2026-02-17T12:17:02","date_gmt":"2026-02-17T12:17:02","guid":{"rendered":"https:\/\/modesthanim.com\/product\/yesil-erkek-bebek-havlu-soket-corap-4lu\/"},"modified":"2026-04-14T02:21:05","modified_gmt":"2026-04-14T02:21:05","slug":"yesil-erkek-bebek-havlu-soket-corap-4lu","status":"publish","type":"product","link":"https:\/\/mod.wisdar.net\/tr\/urun\/yesil-erkek-bebek-havlu-soket-corap-4lu\/","title":{"rendered":"Ye\u015fil Erkek Bebek Havlu Soket \u00c7orap 4&#8217;l\u00fc"},"content":{"rendered":"<p>LCW baby Ye\u015fil Erkek Bebek Havlu Soket \u00c7orap 4&#8217;l\u00fc size \u00f6zel indirim, taksit ve kap\u0131da \u00f6deme avantajlar\u0131yla LCW&#8217;de! Hemen online al\u0131\u015fveri\u015f yap, \u00fcr\u00fcn kap\u0131na gelsin! \u2013 W58610Z1-K7Z<\/p>\n<p>\u2014 Technical Details \u2014<br \/>\nMen\u015fei: \u00c7in,Turk\u0131ye<br \/>\nSat\u0131c\u0131: LC Waikiki<br \/>\nMarka: LCW baby<br \/>\n\u00dcr\u00fcn Tipi: Soket \u00c7orap<br \/>\nCinsiyet: Erkek Bebek<br \/>\nKuma\u015f: Havlu Kuma\u015f<br \/>\nDesen: Bask\u0131l\u0131<br \/>\nKal\u0131nl\u0131k: Kal\u0131n<br \/>\nPaket \u0130\u00e7eri\u011fi: 4&#8217;l\u00fc Paket<br \/>\nMalzeme: Y\u00fcksek Pamuk \u0130\u00e7erir<br \/>\nPar\u00e7a Say\u0131s\u0131: 4 Par\u00e7a<\/p>\n","protected":false},"excerpt":{"rendered":"<p>LCW baby Ye\u015fil Erkek Bebek Havlu Soket \u00c7orap 4&#8217;l\u00fc size \u00f6zel indirim, taksit ve kap\u0131da \u00f6deme avantajlar\u0131yla LCW&#8217;de! Hemen online al\u0131\u015fveri\u015f yap, \u00fcr\u00fcn kap\u0131na gelsin! \u2013 W58610Z1-K7Z \u2014 Technical Details \u2014 Men\u015fei: \u00c7in,Turk\u0131ye Sat\u0131c\u0131: LC Waikiki Marka: LCW baby \u00dcr\u00fcn Tipi: Soket \u00c7orap Cinsiyet: Erkek Bebek Kuma\u015f: Havlu Kuma\u015f Desen: Bask\u0131l\u0131 Kal\u0131nl\u0131k: Kal\u0131n Paket \u0130\u00e7eri\u011fi: [&hellip;]<\/p>\n","protected":false},"featured_media":117236,"comment_status":"open","ping_status":"closed","template":"","meta":[],"product_brand":[],"product_cat":[8739,8757,8694,8697,8700],"product_tag":[4994,4995,4996],"class_list":{"0":"post-117239","1":"product","2":"type-product","3":"status-publish","4":"has-post-thumbnail","6":"product_cat-erkek-cocuklar-2-14-yas","7":"product_cat-ic-giyim","8":"product_cat-cocuklar","9":"product_cat-yenidogan-0-12-ay","10":"product_cat-yenidogan-giyim","11":"product_tag-keyword1","12":"product_tag-keyword2","13":"product_tag-keyword3","14":"pa_brand-lcw-baby","15":"pa_color-koyu-yesil","16":"pa_size-14-16-0-6-ay","17":"pa_size-17-18-6-12-ay","18":"pa_size-19-22-12-24-ay","19":"pa_size-22-24-24-36-ay","20":"pa_size-23-26-3-4-yas","21":"pa_size-5-6-yas","23":"first","24":"instock","25":"sale","26":"shipping-taxable","27":"purchasable","28":"product-type-variable"},"_links":{"self":[{"href":"https:\/\/mod.wisdar.net\/tr\/wp-json\/wp\/v2\/product\/117239","targetHints":{"allow":["GET"]}}],"collection":[{"href":"https:\/\/mod.wisdar.net\/tr\/wp-json\/wp\/v2\/product"}],"about":[{"href":"https:\/\/mod.wisdar.net\/tr\/wp-json\/wp\/v2\/types\/product"}],"replies":[{"embeddable":true,"href":"https:\/\/mod.wisdar.net\/tr\/wp-json\/wp\/v2\/comments?post=117239"}],"wp:featuredmedia":[{"embeddable":true,"href":"https:\/\/mod.wisdar.net\/tr\/wp-json\/wp\/v2\/media\/117236"}],"wp:attachment":[{"href":"https:\/\/mod.wisdar.net\/tr\/wp-json\/wp\/v2\/media?parent=117239"}],"wp:term":[{"taxonomy":"product_brand","embeddable":true,"href":"https:\/\/mod.wisdar.net\/tr\/wp-json\/wp\/v2\/product_brand?post=117239"},{"taxonomy":"product_cat","embeddable":true,"href":"https:\/\/mod.wisdar.net\/tr\/wp-json\/wp\/v2\/product_cat?post=117239"},{"taxonomy":"product_tag","embeddable":true,"href":"https:\/\/mod.wisdar.net\/tr\/wp-json\/wp\/v2\/product_tag?post=117239"}],"curies":[{"name":"wp","href":"https:\/\/api.w.org\/{rel}","templated":true}]}}