{"id":117251,"date":"2026-02-17T12:17:07","date_gmt":"2026-02-17T12:17:07","guid":{"rendered":"https:\/\/modesthanim.com\/product\/beyaz-cirt-cirtli-kiz-bebek-yurume-oncesi-ayakkabi\/"},"modified":"2026-03-19T07:53:34","modified_gmt":"2026-03-19T07:53:34","slug":"beyaz-cirt-cirtli-kiz-bebek-yurume-oncesi-ayakkabi","status":"publish","type":"product","link":"https:\/\/mod.wisdar.net\/tr\/urun\/beyaz-cirt-cirtli-kiz-bebek-yurume-oncesi-ayakkabi\/","title":{"rendered":"Beyaz C\u0131rt C\u0131rtl\u0131 K\u0131z Bebek Y\u00fcr\u00fcme \u00d6ncesi Ayakkab\u0131"},"content":{"rendered":"<p>LCW STEPS Beyaz C\u0131rt C\u0131rtl\u0131 K\u0131z Bebek Y\u00fcr\u00fcme \u00d6ncesi Ayakkab\u0131 size \u00f6zel indirim, taksit ve kap\u0131da \u00f6deme avantajlar\u0131yla LCW&#8217;de! Hemen online al\u0131\u015fveri\u015f yap, \u00fcr\u00fcn kap\u0131na gelsin! \u2013 W5MC25Z1-LU7<\/p>\n<p>\u2014 Technical Details \u2014<br \/>\nDesen: Bask\u0131l\u0131<br \/>\nBurun \u015eekli: Yuvarlak Burun<br \/>\nAyakkab\u0131 Kapanma \u015eekli: C\u0131rt C\u0131rt<br \/>\nMen\u015fei: Turk\u0131ye<br \/>\n\u00dcr\u00fcn Tipi: Y\u00fcr\u00fcme \u00d6ncesi Ayakkab\u0131<br \/>\nCinsiyet: K\u0131z Bebek<\/p>\n","protected":false},"excerpt":{"rendered":"<p>LCW STEPS Beyaz C\u0131rt C\u0131rtl\u0131 K\u0131z Bebek Y\u00fcr\u00fcme \u00d6ncesi Ayakkab\u0131 size \u00f6zel indirim, taksit ve kap\u0131da \u00f6deme avantajlar\u0131yla LCW&#8217;de! Hemen<\/p>\n","protected":false},"featured_media":117246,"comment_status":"open","ping_status":"closed","template":"","meta":[],"product_brand":[],"product_cat":[8694,8697,8700],"product_tag":[],"class_list":{"0":"post-117251","1":"product","2":"type-product","3":"status-publish","4":"has-post-thumbnail","6":"product_cat-cocuklar","7":"product_cat-yenidogan-0-12-ay","8":"product_cat-yenidogan-giyim","9":"pa_color-beyaz","10":"pa_size-16-0-3-ay","11":"pa_size-17-3-6-ay","12":"pa_size-18-6-9-ay","13":"pa_size-19-9-12-ay","14":"pa_size-20-12-15-ay","15":"pa_size-21-15-18-ay","17":"first","18":"outofstock","19":"shipping-taxable","20":"product-type-variable"},"_links":{"self":[{"href":"https:\/\/mod.wisdar.net\/tr\/wp-json\/wp\/v2\/product\/117251","targetHints":{"allow":["GET"]}}],"collection":[{"href":"https:\/\/mod.wisdar.net\/tr\/wp-json\/wp\/v2\/product"}],"about":[{"href":"https:\/\/mod.wisdar.net\/tr\/wp-json\/wp\/v2\/types\/product"}],"replies":[{"embeddable":true,"href":"https:\/\/mod.wisdar.net\/tr\/wp-json\/wp\/v2\/comments?post=117251"}],"version-history":[{"count":0,"href":"https:\/\/mod.wisdar.net\/tr\/wp-json\/wp\/v2\/product\/117251\/revisions"}],"wp:featuredmedia":[{"embeddable":true,"href":"https:\/\/mod.wisdar.net\/tr\/wp-json\/wp\/v2\/media\/117246"}],"wp:attachment":[{"href":"https:\/\/mod.wisdar.net\/tr\/wp-json\/wp\/v2\/media?parent=117251"}],"wp:term":[{"taxonomy":"product_brand","embeddable":true,"href":"https:\/\/mod.wisdar.net\/tr\/wp-json\/wp\/v2\/product_brand?post=117251"},{"taxonomy":"product_cat","embeddable":true,"href":"https:\/\/mod.wisdar.net\/tr\/wp-json\/wp\/v2\/product_cat?post=117251"},{"taxonomy":"product_tag","embeddable":true,"href":"https:\/\/mod.wisdar.net\/tr\/wp-json\/wp\/v2\/product_tag?post=117251"}],"curies":[{"name":"wp","href":"https:\/\/api.w.org\/{rel}","templated":true}]}}