{"id":11726,"date":"2025-11-01T21:15:25","date_gmt":"2025-11-01T21:15:25","guid":{"rendered":"https:\/\/modesthanim.com\/product\/pile-detayli-pantolon-lacivert\/"},"modified":"2026-01-15T08:37:11","modified_gmt":"2026-01-15T08:37:11","slug":"pile-detayli-pantolon-lacivert","status":"publish","type":"product","link":"https:\/\/mod.wisdar.net\/tr\/urun\/pile-detayli-pantolon-lacivert\/","title":{"rendered":"Pile Detayl\u0131 Pantolon \u2013 Lacivert"},"content":{"rendered":"<p>Modern ve \u015f\u0131k tasar\u0131m\u0131yla pile detayl\u0131 pantolon, zarif ve rahat bir g\u00f6r\u00fcn\u00fcm sunarak stilinizi bir ad\u0131m \u00f6teye ta\u015f\u0131r. Pile detay\u0131, pantolona hareket kazand\u0131r\u0131rken ayn\u0131 zamanda v\u00fccuda ho\u015f bir form verir.<\/p>\n<p>Kuma\u015f \u0130\u00e7eri\u011fi: %97 Pamuklu, %3 Elastan<br \/>\nDesen: D\u00fcz<br \/>\nBel Tipi: Y\u00fcksek Bel<br \/>\nPa\u00e7a Tipi: Bol Pa\u00e7a<br \/>\nCep: Yan Cep<br \/>\nAstar: Astars\u0131z<br \/>\n\u00dcr\u00fcn Boyu: 107 cm<br \/>\nKal\u0131p Tipi: Normal Kal\u0131p<br \/>\nMankenin Giydi\u011fi Beden: 36<br \/>\nManken \u00d6l\u00e7\u00fcleri: Boy: 174 cm G\u00f6\u011f\u00fcs: 83 cm Bel: 57 cm Basen: 88 cm<\/p>\n<p>\u2014 Technical Details \u2014<br \/>\nDesen: D\u00fcz<br \/>\nBel Tipi: Y\u00fcksek Bel<br \/>\nPa\u00e7a Tipi: Bol Pa\u00e7a<br \/>\nCep: Yan Cep<br \/>\nAstar: Astars\u0131z<br \/>\n\u00dcr\u00fcn Boyu: 107 cm<br \/>\nKal\u0131p Tipi: Normal Kal\u0131p<br \/>\nMankenin Giydi\u011fi Beden: 36<br \/>\nManken \u00d6l\u00e7\u00fcleri: Boy: 174 cm, G\u00f6\u011f\u00fcs: 83 cm, Bel: 57 cm, Basen: 88 cm<\/p>\n","protected":false},"excerpt":{"rendered":"<p>Modern ve \u015f\u0131k tasar\u0131m\u0131yla pile detayl\u0131 pantolon, zarif ve rahat bir g\u00f6r\u00fcn\u00fcm sunarak stilinizi bir ad\u0131m \u00f6teye ta\u015f\u0131r. Pile detay\u0131, pantolona hareket kazand\u0131r\u0131rken ayn\u0131 zamanda v\u00fccuda ho\u015f bir form verir. Kuma\u015f \u0130\u00e7eri\u011fi: %97 Pamuklu, %3 Elastan Desen: D\u00fcz Bel Tipi: Y\u00fcksek Bel Pa\u00e7a Tipi: Bol Pa\u00e7a Cep: Yan Cep Astar: Astars\u0131z \u00dcr\u00fcn Boyu: 107 cm [&hellip;]<\/p>\n","protected":false},"featured_media":0,"comment_status":"open","ping_status":"closed","template":"","meta":[],"product_brand":[],"product_cat":[1882],"product_tag":[5012,8282,6749,6747,6751],"class_list":{"0":"post-11726","1":"product","2":"type-product","3":"status-publish","5":"product_cat-alt-giyim","6":"product_tag-elegant","7":"product_tag-lacivert-2","8":"product_tag-pantolon","9":"product_tag-pile-detayli","10":"product_tag-rahat","11":"pa_color-lacivert","12":"pa_size-4701","13":"pa_size-4706","14":"pa_size-4711","15":"pa_size-4713","16":"pa_size-4751","18":"first","19":"instock","20":"sale","21":"shipping-taxable","22":"purchasable","23":"product-type-variable"},"_links":{"self":[{"href":"https:\/\/mod.wisdar.net\/tr\/wp-json\/wp\/v2\/product\/11726","targetHints":{"allow":["GET"]}}],"collection":[{"href":"https:\/\/mod.wisdar.net\/tr\/wp-json\/wp\/v2\/product"}],"about":[{"href":"https:\/\/mod.wisdar.net\/tr\/wp-json\/wp\/v2\/types\/product"}],"replies":[{"embeddable":true,"href":"https:\/\/mod.wisdar.net\/tr\/wp-json\/wp\/v2\/comments?post=11726"}],"wp:attachment":[{"href":"https:\/\/mod.wisdar.net\/tr\/wp-json\/wp\/v2\/media?parent=11726"}],"wp:term":[{"taxonomy":"product_brand","embeddable":true,"href":"https:\/\/mod.wisdar.net\/tr\/wp-json\/wp\/v2\/product_brand?post=11726"},{"taxonomy":"product_cat","embeddable":true,"href":"https:\/\/mod.wisdar.net\/tr\/wp-json\/wp\/v2\/product_cat?post=11726"},{"taxonomy":"product_tag","embeddable":true,"href":"https:\/\/mod.wisdar.net\/tr\/wp-json\/wp\/v2\/product_tag?post=11726"}],"curies":[{"name":"wp","href":"https:\/\/api.w.org\/{rel}","templated":true}]}}