{"id":117336,"date":"2026-02-17T12:18:47","date_gmt":"2026-02-17T12:18:47","guid":{"rendered":"https:\/\/modesthanim.com\/product\/ekru-cizgili-erkek-bebek-patik-corap-10lu\/"},"modified":"2026-03-31T02:12:28","modified_gmt":"2026-03-31T02:12:28","slug":"ekru-cizgili-erkek-bebek-patik-corap-10lu","status":"publish","type":"product","link":"https:\/\/mod.wisdar.net\/tr\/urun\/ekru-cizgili-erkek-bebek-patik-corap-10lu\/","title":{"rendered":"Ekru \u00c7izgili Erkek Bebek Patik \u00c7orap 10&#8217;lu"},"content":{"rendered":"<p>LCW baby Ekru \u00c7izgili Erkek Bebek Patik \u00c7orap 10&#8217;lu size \u00f6zel indirim, taksit ve kap\u0131da \u00f6deme avantajlar\u0131yla LCW&#8217;de! Hemen online al\u0131\u015fveri\u015f yap, \u00fcr\u00fcn kap\u0131na gelsin! \u2013 S5KV97Z1-D5H<\/p>\n<p>\u2014 Technical Details \u2014<br \/>\nMen\u015fei: Turk\u0131ye<br \/>\nSat\u0131c\u0131: LC Waikiki<br \/>\nMarka: LCW baby<br \/>\n\u00dcr\u00fcn Tipi: Patik \u00c7orap<br \/>\nCinsiyet: Erkek Bebek<br \/>\nDesen: Bask\u0131l\u0131<br \/>\nPaket \u0130\u00e7eri\u011fi: 10&#8217;lu Paket<br \/>\nMalzeme: Y\u00fcksek Pamuk \u0130\u00e7erir<br \/>\nPar\u00e7a Say\u0131s\u0131: 10 Par\u00e7a<\/p>\n","protected":false},"excerpt":{"rendered":"<p>LCW baby Ekru \u00c7izgili Erkek Bebek Patik \u00c7orap 10&#8217;lu size \u00f6zel indirim, taksit ve kap\u0131da \u00f6deme avantajlar\u0131yla LCW&#8217;de! Hemen online al\u0131\u015fveri\u015f yap, \u00fcr\u00fcn kap\u0131na gelsin! \u2013 S5KV97Z1-D5H \u2014 Technical Details \u2014 Men\u015fei: Turk\u0131ye Sat\u0131c\u0131: LC Waikiki Marka: LCW baby \u00dcr\u00fcn Tipi: Patik \u00c7orap Cinsiyet: Erkek Bebek Desen: Bask\u0131l\u0131 Paket \u0130\u00e7eri\u011fi: 10&#8217;lu Paket Malzeme: Y\u00fcksek Pamuk [&hellip;]<\/p>\n","protected":false},"featured_media":117333,"comment_status":"open","ping_status":"closed","template":"","meta":[],"product_brand":[],"product_cat":[8739,8757,8694,8697,8700],"product_tag":[6753,7912],"class_list":{"0":"post-117336","1":"product","2":"type-product","3":"status-publish","4":"has-post-thumbnail","6":"product_cat-erkek-cocuklar-2-14-yas","7":"product_cat-ic-giyim","8":"product_cat-cocuklar","9":"product_cat-yenidogan-0-12-ay","10":"product_cat-yenidogan-giyim","11":"product_tag-bej","12":"product_tag-cizgili","13":"pa_brand-lcw-baby","14":"pa_color-ekru","15":"pa_size-14-16-1-6-ay","16":"pa_size-17-18-6-12-ay","17":"pa_size-19-22-12-24-ay","18":"pa_size-22-24-24-36-ay","19":"pa_size-23-26-3-4-yas","20":"pa_size-5-6-yas","22":"first","23":"outofstock","24":"shipping-taxable","25":"product-type-variable"},"_links":{"self":[{"href":"https:\/\/mod.wisdar.net\/tr\/wp-json\/wp\/v2\/product\/117336","targetHints":{"allow":["GET"]}}],"collection":[{"href":"https:\/\/mod.wisdar.net\/tr\/wp-json\/wp\/v2\/product"}],"about":[{"href":"https:\/\/mod.wisdar.net\/tr\/wp-json\/wp\/v2\/types\/product"}],"replies":[{"embeddable":true,"href":"https:\/\/mod.wisdar.net\/tr\/wp-json\/wp\/v2\/comments?post=117336"}],"wp:featuredmedia":[{"embeddable":true,"href":"https:\/\/mod.wisdar.net\/tr\/wp-json\/wp\/v2\/media\/117333"}],"wp:attachment":[{"href":"https:\/\/mod.wisdar.net\/tr\/wp-json\/wp\/v2\/media?parent=117336"}],"wp:term":[{"taxonomy":"product_brand","embeddable":true,"href":"https:\/\/mod.wisdar.net\/tr\/wp-json\/wp\/v2\/product_brand?post=117336"},{"taxonomy":"product_cat","embeddable":true,"href":"https:\/\/mod.wisdar.net\/tr\/wp-json\/wp\/v2\/product_cat?post=117336"},{"taxonomy":"product_tag","embeddable":true,"href":"https:\/\/mod.wisdar.net\/tr\/wp-json\/wp\/v2\/product_tag?post=117336"}],"curies":[{"name":"wp","href":"https:\/\/api.w.org\/{rel}","templated":true}]}}