{"id":117368,"date":"2026-02-17T12:19:02","date_gmt":"2026-02-17T12:19:02","guid":{"rendered":"https:\/\/modesthanim.com\/product\/ekru-desenli-kiz-bebek-soket-corap-3lu\/"},"modified":"2026-04-07T02:11:41","modified_gmt":"2026-04-07T02:11:41","slug":"ekru-desenli-kiz-bebek-soket-corap-3lu","status":"publish","type":"product","link":"https:\/\/mod.wisdar.net\/tr\/urun\/ekru-desenli-kiz-bebek-soket-corap-3lu\/","title":{"rendered":"Ekru Desenli K\u0131z Bebek Soket \u00c7orap 3&#8217;l\u00fc"},"content":{"rendered":"<p>LCW baby Ekru Desenli K\u0131z Bebek Soket \u00c7orap 3&#8217;l\u00fc size \u00f6zel indirim, taksit ve kap\u0131da \u00f6deme avantajlar\u0131yla LCW&#8217;de! Hemen online al\u0131\u015fveri\u015f yap, \u00fcr\u00fcn kap\u0131na gelsin! \u2013 S61899Z1-FDL<\/p>\n<p>\u2014 Technical Details \u2014<br \/>\nMen\u015fei: \u00c7in,Turk\u0131ye<br \/>\nSat\u0131c\u0131: LC Waikiki<br \/>\nMarka: LCW baby<br \/>\n\u00dcr\u00fcn Tipi: Soket \u00c7orap<br \/>\nCinsiyet: K\u0131z Bebek<br \/>\nDesen: Desenli<br \/>\nKal\u0131nl\u0131k: Orta Kal\u0131nl\u0131k<br \/>\nPaket \u0130\u00e7eri\u011fi: 3&#8217;l\u00fc Paket<br \/>\nFonksiyonel \u00d6zellik: Kayd\u0131rmaz Taban<br \/>\nMalzeme: Y\u00fcksek Pamuk \u0130\u00e7erir<br \/>\nPar\u00e7a Say\u0131s\u0131: 3 Par\u00e7a<\/p>\n","protected":false},"excerpt":{"rendered":"<p>LCW baby Ekru Desenli K\u0131z Bebek Soket \u00c7orap 3&#8217;l\u00fc size \u00f6zel indirim, taksit ve kap\u0131da \u00f6deme avantajlar\u0131yla LCW&#8217;de! Hemen online al\u0131\u015fveri\u015f yap, \u00fcr\u00fcn kap\u0131na gelsin! \u2013 S61899Z1-FDL \u2014 Technical Details \u2014 Men\u015fei: \u00c7in,Turk\u0131ye Sat\u0131c\u0131: LC Waikiki Marka: LCW baby \u00dcr\u00fcn Tipi: Soket \u00c7orap Cinsiyet: K\u0131z Bebek Desen: Desenli Kal\u0131nl\u0131k: Orta Kal\u0131nl\u0131k Paket \u0130\u00e7eri\u011fi: 3&#8217;l\u00fc Paket [&hellip;]<\/p>\n","protected":false},"featured_media":117365,"comment_status":"open","ping_status":"closed","template":"","meta":[],"product_brand":[],"product_cat":[8733,8715,8694,8697,8700],"product_tag":[6769,7914,7811],"class_list":{"0":"post-117368","1":"product","2":"type-product","3":"status-publish","4":"has-post-thumbnail","6":"product_cat-ic-giyim","7":"product_cat-kiz-cocuklari-2-14-yas","8":"product_cat-cocuklar","9":"product_cat-yenidogan-0-12-ay","10":"product_cat-yenidogan-giyim","11":"product_tag-desenli","12":"product_tag-orta-kalinlik","13":"product_tag-yuksek-pamuk-icerigi","14":"pa_brand-lcw-baby","15":"pa_color-ekru","16":"pa_size-14-16-0-6-ay","17":"pa_size-17-18-6-12-ay","18":"pa_size-19-22-12-24-ay","19":"pa_size-22-24-24-36-ay","20":"pa_size-23-26-3-4-yas","21":"pa_size-5-6-yas","23":"first","24":"instock","25":"sale","26":"shipping-taxable","27":"purchasable","28":"product-type-variable"},"_links":{"self":[{"href":"https:\/\/mod.wisdar.net\/tr\/wp-json\/wp\/v2\/product\/117368","targetHints":{"allow":["GET"]}}],"collection":[{"href":"https:\/\/mod.wisdar.net\/tr\/wp-json\/wp\/v2\/product"}],"about":[{"href":"https:\/\/mod.wisdar.net\/tr\/wp-json\/wp\/v2\/types\/product"}],"replies":[{"embeddable":true,"href":"https:\/\/mod.wisdar.net\/tr\/wp-json\/wp\/v2\/comments?post=117368"}],"wp:featuredmedia":[{"embeddable":true,"href":"https:\/\/mod.wisdar.net\/tr\/wp-json\/wp\/v2\/media\/117365"}],"wp:attachment":[{"href":"https:\/\/mod.wisdar.net\/tr\/wp-json\/wp\/v2\/media?parent=117368"}],"wp:term":[{"taxonomy":"product_brand","embeddable":true,"href":"https:\/\/mod.wisdar.net\/tr\/wp-json\/wp\/v2\/product_brand?post=117368"},{"taxonomy":"product_cat","embeddable":true,"href":"https:\/\/mod.wisdar.net\/tr\/wp-json\/wp\/v2\/product_cat?post=117368"},{"taxonomy":"product_tag","embeddable":true,"href":"https:\/\/mod.wisdar.net\/tr\/wp-json\/wp\/v2\/product_tag?post=117368"}],"curies":[{"name":"wp","href":"https:\/\/api.w.org\/{rel}","templated":true}]}}