{"id":11758,"date":"2025-11-07T20:16:06","date_gmt":"2025-11-01T21:16:06","guid":{"rendered":"https:\/\/modesthanim.com\/product\/cepli-bol-paca-pantolon-mercan\/"},"modified":"2026-01-15T08:37:47","modified_gmt":"2026-01-15T08:37:47","slug":"cepli-bol-paca-pantolon-mercan","status":"publish","type":"product","link":"https:\/\/mod.wisdar.net\/tr\/urun\/cepli-bol-paca-pantolon-mercan\/","title":{"rendered":"Cepli Bol Pa\u00e7a Pantolon \u2013 Mercan"},"content":{"rendered":"<p>Hafif ve ak\u0131\u015fkan kuma\u015f\u0131 sayesinde her mevsim kullan\u0131ma uygundur. \u0130ster basit ti\u015f\u00f6rtlerle sade bir g\u00fcnl\u00fck kombin olu\u015fturun, ister topuklu ayakkab\u0131larla sofistike bir \u015f\u0131kl\u0131k yakalay\u0131n.<\/p>\n<p>\u2014 Teknik Detaylar \u2014<br \/>\nDesen: D\u00fcz<br \/>\nBel Tipi: Y\u00fcksek Bel<br \/>\nPa\u00e7a Tipi: Bol Pa\u00e7a<br \/>\nCep: Yan Cep<br \/>\nAstar: Astars\u0131z<br \/>\n\u00dcr\u00fcn Boyu: 109 cm<br \/>\nKal\u0131p Tipi: Normal Kal\u0131p<br \/>\nMankenin Giydi\u011fi Beden: 38<br \/>\nManken \u00d6l\u00e7\u00fcleri: Boy: 179 cm, G\u00f6\u011f\u00fcs: 84 cm, Bel: 62 cm, Basen: 90 cm<\/p>\n","protected":false},"excerpt":{"rendered":"<p>Hafif ve ak\u0131\u015fkan kuma\u015f\u0131 sayesinde her mevsim kullan\u0131ma uygundur. \u0130ster basit ti\u015f\u00f6rtlerle sade bir g\u00fcnl\u00fck kombin olu\u015fturun, ister topuklu ayakkab\u0131larla sofistike bir \u015f\u0131kl\u0131k yakalay\u0131n. \u2014 Teknik Detaylar \u2014 Desen: D\u00fcz Bel Tipi: Y\u00fcksek Bel Pa\u00e7a Tipi: Bol Pa\u00e7a Cep: Yan Cep Astar: Astars\u0131z \u00dcr\u00fcn Boyu: 109 cm Kal\u0131p Tipi: Normal Kal\u0131p Mankenin Giydi\u011fi Beden: 38 [&hellip;]<\/p>\n","protected":false},"featured_media":0,"comment_status":"open","ping_status":"closed","template":"","meta":[],"product_brand":[],"product_cat":[1882],"product_tag":[],"class_list":{"0":"post-11758","1":"product","2":"type-product","3":"status-publish","5":"product_cat-alt-giyim","6":"pa_color-mercan","7":"pa_size-4706","8":"pa_size-4711","9":"pa_size-4713","10":"pa_size-4751","12":"first","13":"instock","14":"sale","15":"shipping-taxable","16":"purchasable","17":"product-type-variable"},"_links":{"self":[{"href":"https:\/\/mod.wisdar.net\/tr\/wp-json\/wp\/v2\/product\/11758","targetHints":{"allow":["GET"]}}],"collection":[{"href":"https:\/\/mod.wisdar.net\/tr\/wp-json\/wp\/v2\/product"}],"about":[{"href":"https:\/\/mod.wisdar.net\/tr\/wp-json\/wp\/v2\/types\/product"}],"replies":[{"embeddable":true,"href":"https:\/\/mod.wisdar.net\/tr\/wp-json\/wp\/v2\/comments?post=11758"}],"wp:attachment":[{"href":"https:\/\/mod.wisdar.net\/tr\/wp-json\/wp\/v2\/media?parent=11758"}],"wp:term":[{"taxonomy":"product_brand","embeddable":true,"href":"https:\/\/mod.wisdar.net\/tr\/wp-json\/wp\/v2\/product_brand?post=11758"},{"taxonomy":"product_cat","embeddable":true,"href":"https:\/\/mod.wisdar.net\/tr\/wp-json\/wp\/v2\/product_cat?post=11758"},{"taxonomy":"product_tag","embeddable":true,"href":"https:\/\/mod.wisdar.net\/tr\/wp-json\/wp\/v2\/product_tag?post=11758"}],"curies":[{"name":"wp","href":"https:\/\/api.w.org\/{rel}","templated":true}]}}