{"id":117633,"date":"2026-02-17T18:03:26","date_gmt":"2026-02-17T18:03:26","guid":{"rendered":"https:\/\/modesthanim.com\/product\/bordo-orme-kapusonlu-kadin-hamile-alt-ust-takimi\/"},"modified":"2026-04-02T21:27:29","modified_gmt":"2026-04-02T21:27:29","slug":"bordo-orme-kapusonlu-kadin-hamile-alt-ust-takimi","status":"publish","type":"product","link":"https:\/\/mod.wisdar.net\/tr\/urun\/bordo-orme-kapusonlu-kadin-hamile-alt-ust-takimi\/","title":{"rendered":"Bordo \u00d6rme Kap\u00fc\u015fonlu Kad\u0131n Hamile Alt \u00dcst Tak\u0131m\u0131"},"content":{"rendered":"<p>\u00b7Ana Kuma\u015f: %100 polyester den \u00fcretilmi\u015ftir ve kuma\u015f i\u00e7i \u015fardonludur.<\/p>\n<p>\u00b7Pijama tak\u0131m\u0131m\u0131z\u0131n alt pantolonunun belinde lastikte bulunan ilik d\u00fc\u011fme ile istedi\u011finiz \u015fekilde bel \u00f6l\u00e7\u00fcs\u00fcn\u00fc ayarlayabilir hamilelik lohusa ve emzirme d\u00f6nemlerinizde rahat\u00e7a kullanabilirsiniz.<\/p>\n<p>\u00b7Yumu\u015fak kuma\u015f dokusu ile rahat bir kal\u0131ba sahiptir.<\/p>\n<p>\u00b7Beden se\u00e7iminiz i\u00e7in; boyunuz a\u011f\u0131rl\u0131\u011f\u0131n\u0131z ve ka\u00e7\u0131nc\u0131 ayda oldu\u011funuza ba\u011fl\u0131 olarak de\u011fi\u015fkenlik g\u00f6sterece\u011finden tam bedeninizi alman\u0131z tavsiye edilir fakat ara bedenseniz bir b\u00fcy\u00fck beden alman\u0131z tavsiye edilir.<\/p>\n","protected":false},"excerpt":{"rendered":"<p>\u00b7Ana Kuma\u015f: %100 polyester den \u00fcretilmi\u015ftir ve kuma\u015f i\u00e7i \u015fardonludur. \u00b7Pijama tak\u0131m\u0131m\u0131z\u0131n alt pantolonunun belinde lastikte bulunan ilik d\u00fc\u011fme ile istedi\u011finiz \u015fekilde bel \u00f6l\u00e7\u00fcs\u00fcn\u00fc ayarlayabilir hamilelik lohusa ve emzirme d\u00f6nemlerinizde rahat\u00e7a kullanabilirsiniz. \u00b7Yumu\u015fak kuma\u015f dokusu ile rahat bir kal\u0131ba sahiptir. \u00b7Beden se\u00e7iminiz i\u00e7in; boyunuz a\u011f\u0131rl\u0131\u011f\u0131n\u0131z ve ka\u00e7\u0131nc\u0131 ayda oldu\u011funuza ba\u011fl\u0131 olarak de\u011fi\u015fkenlik g\u00f6sterece\u011finden tam bedeninizi [&hellip;]<\/p>\n","protected":false},"featured_media":117628,"comment_status":"open","ping_status":"closed","template":"","meta":[],"product_brand":[],"product_cat":[8769,8763],"product_tag":[7724],"class_list":{"0":"post-117633","1":"product","2":"type-product","3":"status-publish","4":"has-post-thumbnail","6":"product_cat-hamile-pantolonlari-ve-taytlari","7":"product_cat-hamilelik-urunleri","8":"product_tag-ev-giyimi","9":"pa_brand-luvmabelly","10":"pa_color-bordo","11":"pa_color-ekru","12":"pa_color-pembe","13":"pa_color-siyah","14":"pa_size-2xl","15":"pa_size-l","16":"pa_size-m","17":"pa_size-s","18":"pa_size-xl","20":"first","21":"outofstock","22":"shipping-taxable","23":"product-type-variable"},"_links":{"self":[{"href":"https:\/\/mod.wisdar.net\/tr\/wp-json\/wp\/v2\/product\/117633","targetHints":{"allow":["GET"]}}],"collection":[{"href":"https:\/\/mod.wisdar.net\/tr\/wp-json\/wp\/v2\/product"}],"about":[{"href":"https:\/\/mod.wisdar.net\/tr\/wp-json\/wp\/v2\/types\/product"}],"replies":[{"embeddable":true,"href":"https:\/\/mod.wisdar.net\/tr\/wp-json\/wp\/v2\/comments?post=117633"}],"wp:featuredmedia":[{"embeddable":true,"href":"https:\/\/mod.wisdar.net\/tr\/wp-json\/wp\/v2\/media\/117628"}],"wp:attachment":[{"href":"https:\/\/mod.wisdar.net\/tr\/wp-json\/wp\/v2\/media?parent=117633"}],"wp:term":[{"taxonomy":"product_brand","embeddable":true,"href":"https:\/\/mod.wisdar.net\/tr\/wp-json\/wp\/v2\/product_brand?post=117633"},{"taxonomy":"product_cat","embeddable":true,"href":"https:\/\/mod.wisdar.net\/tr\/wp-json\/wp\/v2\/product_cat?post=117633"},{"taxonomy":"product_tag","embeddable":true,"href":"https:\/\/mod.wisdar.net\/tr\/wp-json\/wp\/v2\/product_tag?post=117633"}],"curies":[{"name":"wp","href":"https:\/\/api.w.org\/{rel}","templated":true}]}}