{"id":117692,"date":"2026-02-17T18:04:10","date_gmt":"2026-02-17T18:04:10","guid":{"rendered":"https:\/\/modesthanim.com\/product\/siyah-bisiklet-yaka-kisa-kollu-kadin-hamile-tisort\/"},"modified":"2026-03-18T00:03:55","modified_gmt":"2026-03-18T00:03:55","slug":"siyah-bisiklet-yaka-kisa-kollu-kadin-hamile-tisort","status":"publish","type":"product","link":"https:\/\/mod.wisdar.net\/tr\/urun\/siyah-bisiklet-yaka-kisa-kollu-kadin-hamile-tisort\/","title":{"rendered":"Siyah Bisiklet Yaka K\u0131sa Kollu Kad\u0131n Hamile Ti\u015f\u00f6rt"},"content":{"rendered":"<p>\u00b7Ana kuma\u015f: %95 Pamuk %5 Elastan dan \u00fcretilmi\u015ftir.<br \/>\n\u00b7\u00dcr\u00fcn\u00fcm\u00fcz\u00fcn g\u00f6bek b\u00f6lgesi yanlar\u0131nda bulunan b\u00fczg\u00fcleri sayesinde hamilelik ve lohusa d\u00f6neminiz boyunca rahat\u00e7a kullanabilir, sonras\u0131nda ise g\u00fcnl\u00fck hayat\u0131n\u0131z i\u00e7inde kullanabilirsiniz.<br \/>\n\u00b7Yumu\u015fak kuma\u015f dokusu ile rahat bir kal\u0131ba sahiptir.<br \/>\n\u00b7Beden se\u00e7iminiz i\u00e7in; boyunuz a\u011f\u0131rl\u0131\u011f\u0131n\u0131z ve ka\u00e7\u0131nc\u0131 ayda oldu\u011funuza ba\u011fl\u0131 olarak de\u011fi\u015fkenlik g\u00f6sterece\u011finden tam bedeninizi alman\u0131z tavsiye edilir fakat ara bedenseniz bir b\u00fcy\u00fck beden alman\u0131z tavsiye edilir.<\/p>\n","protected":false},"excerpt":{"rendered":"<p>\u00b7Ana kuma\u015f: %95 Pamuk %5 Elastan dan \u00fcretilmi\u015ftir. \u00b7\u00dcr\u00fcn\u00fcm\u00fcz\u00fcn g\u00f6bek b\u00f6lgesi yanlar\u0131nda bulunan b\u00fczg\u00fcleri sayesinde hamilelik ve lohusa d\u00f6neminiz boyunca rahat\u00e7a kullanabilir, sonras\u0131nda ise g\u00fcnl\u00fck hayat\u0131n\u0131z i\u00e7inde kullanabilirsiniz. \u00b7Yumu\u015fak kuma\u015f dokusu ile rahat bir kal\u0131ba sahiptir. \u00b7Beden se\u00e7iminiz i\u00e7in; boyunuz a\u011f\u0131rl\u0131\u011f\u0131n\u0131z ve ka\u00e7\u0131nc\u0131 ayda oldu\u011funuza ba\u011fl\u0131 olarak de\u011fi\u015fkenlik g\u00f6sterece\u011finden tam bedeninizi alman\u0131z tavsiye edilir fakat [&hellip;]<\/p>\n","protected":false},"featured_media":117689,"comment_status":"open","ping_status":"closed","template":"","meta":[],"product_brand":[],"product_cat":[8763,8772],"product_tag":[6744],"class_list":{"0":"post-117692","1":"product","2":"type-product","3":"status-publish","4":"has-post-thumbnail","6":"product_cat-hamilelik-urunleri","7":"product_cat-pijama-takimlari","8":"product_tag-kadin-modasi","9":"pa_color-beyaz","10":"pa_color-beyaz-baskili","11":"pa_color-siyah","12":"pa_size-l","13":"pa_size-m","14":"pa_size-s","15":"pa_size-xl","17":"first","18":"outofstock","19":"shipping-taxable","20":"product-type-variable"},"_links":{"self":[{"href":"https:\/\/mod.wisdar.net\/tr\/wp-json\/wp\/v2\/product\/117692","targetHints":{"allow":["GET"]}}],"collection":[{"href":"https:\/\/mod.wisdar.net\/tr\/wp-json\/wp\/v2\/product"}],"about":[{"href":"https:\/\/mod.wisdar.net\/tr\/wp-json\/wp\/v2\/types\/product"}],"replies":[{"embeddable":true,"href":"https:\/\/mod.wisdar.net\/tr\/wp-json\/wp\/v2\/comments?post=117692"}],"wp:featuredmedia":[{"embeddable":true,"href":"https:\/\/mod.wisdar.net\/tr\/wp-json\/wp\/v2\/media\/117689"}],"wp:attachment":[{"href":"https:\/\/mod.wisdar.net\/tr\/wp-json\/wp\/v2\/media?parent=117692"}],"wp:term":[{"taxonomy":"product_brand","embeddable":true,"href":"https:\/\/mod.wisdar.net\/tr\/wp-json\/wp\/v2\/product_brand?post=117692"},{"taxonomy":"product_cat","embeddable":true,"href":"https:\/\/mod.wisdar.net\/tr\/wp-json\/wp\/v2\/product_cat?post=117692"},{"taxonomy":"product_tag","embeddable":true,"href":"https:\/\/mod.wisdar.net\/tr\/wp-json\/wp\/v2\/product_tag?post=117692"}],"curies":[{"name":"wp","href":"https:\/\/api.w.org\/{rel}","templated":true}]}}