{"id":117796,"date":"2026-02-17T18:06:20","date_gmt":"2026-02-17T18:06:20","guid":{"rendered":"https:\/\/modesthanim.com\/product\/anne-giyim-hamile-kapusonlu-sweatshirt-interlok-emzirme-ozellikli-bisiklet-yaka-uzun-kol-siyah\/"},"modified":"2026-02-17T18:06:45","modified_gmt":"2026-02-17T18:06:45","slug":"anne-giyim-hamile-kapusonlu-sweatshirt-interlok-emzirme-ozellikli-bisiklet-yaka-uzun-kol-siyah","status":"publish","type":"product","link":"https:\/\/mod.wisdar.net\/tr\/urun\/anne-giyim-hamile-kapusonlu-sweatshirt-interlok-emzirme-ozellikli-bisiklet-yaka-uzun-kol-siyah\/","title":{"rendered":"Anne Giyim Hamile Kap\u00fc\u015fonlu Sweatshirt \u0130nterlok Emzirme \u00d6zellikli Bisiklet Yaka Uzun Kol Siyah"},"content":{"rendered":"<p>\u00dcr\u00fcn Grubu: Bebek Sweatshirt<br \/>\nYaka Tipi: Bisiklet Yaka<br \/>\nKol Boyu: Uzun Kol<br \/>\nSezon: Sonbahar-K\u0131\u015f<br \/>\nKullan\u0131m Tipi: G\u00fcnl\u00fck Kullan\u0131m<br \/>\nKal\u0131p: Normal Kal\u0131p<br \/>\nKuma\u015f: %51 Viskon, %44 Polyester, %5 Elastan<br \/>\nYumu\u015fak kuma\u015f dokusu ve rahat kal\u0131ba sahiptir.<br \/>\n30 derecede y\u0131kanabilir.<br \/>\nG\u00dcVENLE G\u0130YD\u0130R\u0130N! ebebek tekstil \u00fcr\u00fcnleri bebe\u011finizin g\u00fcvenli\u011fi i\u00e7in kimyasal i\u00e7eriklere kar\u015f\u0131 test edilmi\u015ftir. Bebe\u011finiz i\u00e7in risk olu\u015fturabilecek yutulabilir k\u00fc\u00e7\u00fck par\u00e7alar ve keskin kenarl\u0131 materyaller kullan\u0131lmamaktad\u0131r. Kullan\u0131m s\u0131ras\u0131nda tehlikeli olabilecek uzunlukta ba\u011fc\u0131k ve kordonlar kullan\u0131lmamaktad\u0131r.<\/p>\n<p>\u2014 Technical Details \u2014<br \/>\npattern: Hamile \u00dcst Giyim<br \/>\ngender: A<br \/>\norigin: T\u00fcrkiye<br \/>\nproduct_group: HMS-Hamile Sweatshirt<\/p>\n","protected":false},"excerpt":{"rendered":"<p>\u00dcr\u00fcn Grubu: Bebek Sweatshirt Yaka Tipi: Bisiklet Yaka Kol Boyu: Uzun Kol Sezon: Sonbahar-K\u0131\u015f Kullan\u0131m Tipi: G\u00fcnl\u00fck Kullan\u0131m Kal\u0131p: Normal Kal\u0131p Kuma\u015f: %51 Viskon, %44 Polyester, %5 Elastan Yumu\u015fak kuma\u015f dokusu ve rahat kal\u0131ba sahiptir. 30 derecede y\u0131kanabilir. G\u00dcVENLE G\u0130YD\u0130R\u0130N! ebebek tekstil \u00fcr\u00fcnleri bebe\u011finizin g\u00fcvenli\u011fi i\u00e7in kimyasal i\u00e7eriklere kar\u015f\u0131 test edilmi\u015ftir. Bebe\u011finiz i\u00e7in risk olu\u015fturabilecek [&hellip;]<\/p>\n","protected":false},"featured_media":117781,"comment_status":"open","ping_status":"closed","template":"","meta":[],"product_brand":[],"product_cat":[8763,8772],"product_tag":[7354,7469,7429,6876,6768],"class_list":{"0":"post-117796","1":"product","2":"type-product","3":"status-publish","4":"has-post-thumbnail","6":"product_cat-hamilelik-urunleri","7":"product_cat-pijama-takimlari","8":"product_tag-gunluk-giyim-2","9":"product_tag-interlock-kumas","10":"product_tag-kapusonlu-sweatshirt","11":"product_tag-rahat-kesim","12":"product_tag-uzun-kol","13":"pa_color-siyah","14":"pa_size-2xl","15":"pa_size-l","16":"pa_size-m","17":"pa_size-s","18":"pa_size-xl","20":"first","21":"instock","22":"shipping-taxable","23":"purchasable","24":"product-type-variable"},"_links":{"self":[{"href":"https:\/\/mod.wisdar.net\/tr\/wp-json\/wp\/v2\/product\/117796","targetHints":{"allow":["GET"]}}],"collection":[{"href":"https:\/\/mod.wisdar.net\/tr\/wp-json\/wp\/v2\/product"}],"about":[{"href":"https:\/\/mod.wisdar.net\/tr\/wp-json\/wp\/v2\/types\/product"}],"replies":[{"embeddable":true,"href":"https:\/\/mod.wisdar.net\/tr\/wp-json\/wp\/v2\/comments?post=117796"}],"wp:featuredmedia":[{"embeddable":true,"href":"https:\/\/mod.wisdar.net\/tr\/wp-json\/wp\/v2\/media\/117781"}],"wp:attachment":[{"href":"https:\/\/mod.wisdar.net\/tr\/wp-json\/wp\/v2\/media?parent=117796"}],"wp:term":[{"taxonomy":"product_brand","embeddable":true,"href":"https:\/\/mod.wisdar.net\/tr\/wp-json\/wp\/v2\/product_brand?post=117796"},{"taxonomy":"product_cat","embeddable":true,"href":"https:\/\/mod.wisdar.net\/tr\/wp-json\/wp\/v2\/product_cat?post=117796"},{"taxonomy":"product_tag","embeddable":true,"href":"https:\/\/mod.wisdar.net\/tr\/wp-json\/wp\/v2\/product_tag?post=117796"}],"curies":[{"name":"wp","href":"https:\/\/api.w.org\/{rel}","templated":true}]}}