{"id":117953,"date":"2026-02-17T18:09:00","date_gmt":"2026-02-17T18:09:00","guid":{"rendered":"https:\/\/modesthanim.com\/product\/baby-mom-anne-hamile-elbise-bisiklet-yaka-uzun-paca-kisa-kol\/"},"modified":"2026-02-17T18:09:35","modified_gmt":"2026-02-17T18:09:35","slug":"baby-mom-anne-hamile-elbise-bisiklet-yaka-uzun-paca-kisa-kol","status":"publish","type":"product","link":"https:\/\/mod.wisdar.net\/tr\/urun\/baby-mom-anne-hamile-elbise-bisiklet-yaka-uzun-paca-kisa-kol\/","title":{"rendered":"Baby Mom, Anne, Hamile Elbise, Bisiklet Yaka, Uzun Pa\u00e7a, K\u0131sa Kol"},"content":{"rendered":"<p>Baby Mom Hamile Elbise, anne adaylar\u0131n\u0131n hamilelik s\u00fcrecinde hem rahat hem de \u015f\u0131k hissetmeleri i\u00e7in tasarlanm\u0131\u015ft\u0131r. G\u00fcnl\u00fck kullan\u0131ma uygun bu k\u0131sa kollu hamile elbisesi, hareket \u00f6zg\u00fcrl\u00fc\u011f\u00fc sunan yumu\u015fak viskon kuma\u015f\u0131 ile \u00f6ne \u00e7\u0131kar. %99 pamuk ve %1 elastan i\u00e7eri\u011fi sayesinde nefes alabilir, hafif esnek yap\u0131ya sahiptir. Normal kal\u0131p tasar\u0131m\u0131 ile v\u00fccuda oturur ancak rahats\u0131zl\u0131k vermez, b\u00fcy\u00fcyen kar\u0131n yap\u0131s\u0131na uyum sa\u011flar.<\/p>\n<p>\u2014 Technical Details \u2014<br \/>\n\u00dcr\u00fcn Grubu: HME-Hamile Elbise<br \/>\nCinsiyet: A<br \/>\nTak\u0131m \/ Tekil: Tekil<br \/>\nFit: Standart<br \/>\nMalzeme T\u00fcr\u00fc: \u00d6rme<br \/>\nYaka Tipi: Bisiklet Yaka<br \/>\nMen\u015fei: T\u00fcrkiye<\/p>\n","protected":false},"excerpt":{"rendered":"<p>Baby Mom Hamile Elbise, anne adaylar\u0131n\u0131n hamilelik s\u00fcrecinde hem rahat hem de \u015f\u0131k hissetmeleri i\u00e7in tasarlanm\u0131\u015ft\u0131r. G\u00fcnl\u00fck kullan\u0131ma uygun bu k\u0131sa kollu hamile elbisesi, hareket \u00f6zg\u00fcrl\u00fc\u011f\u00fc sunan yumu\u015fak viskon kuma\u015f\u0131 ile \u00f6ne \u00e7\u0131kar. %99 pamuk ve %1 elastan i\u00e7eri\u011fi sayesinde nefes alabilir, hafif esnek yap\u0131ya sahiptir. Normal kal\u0131p tasar\u0131m\u0131 ile v\u00fccuda oturur ancak rahats\u0131zl\u0131k vermez, [&hellip;]<\/p>\n","protected":false},"featured_media":117937,"comment_status":"open","ping_status":"closed","template":"","meta":[],"product_brand":[],"product_cat":[8766,8763],"product_tag":[7354,7488,6751,8107,7963],"class_list":{"0":"post-117953","1":"product","2":"type-product","3":"status-publish","4":"has-post-thumbnail","6":"product_cat-hamile-elbiseleri","7":"product_cat-hamilelik-urunleri","8":"product_tag-gunluk-giyim-2","9":"product_tag-pamuk","10":"product_tag-rahat","11":"product_tag-sik","12":"product_tag-turk-modasi","13":"pa_color-pudra","14":"pa_size-2xl","15":"pa_size-l","16":"pa_size-m","17":"pa_size-s","18":"pa_size-xl","20":"first","21":"instock","22":"shipping-taxable","23":"purchasable","24":"product-type-variable"},"_links":{"self":[{"href":"https:\/\/mod.wisdar.net\/tr\/wp-json\/wp\/v2\/product\/117953","targetHints":{"allow":["GET"]}}],"collection":[{"href":"https:\/\/mod.wisdar.net\/tr\/wp-json\/wp\/v2\/product"}],"about":[{"href":"https:\/\/mod.wisdar.net\/tr\/wp-json\/wp\/v2\/types\/product"}],"replies":[{"embeddable":true,"href":"https:\/\/mod.wisdar.net\/tr\/wp-json\/wp\/v2\/comments?post=117953"}],"wp:featuredmedia":[{"embeddable":true,"href":"https:\/\/mod.wisdar.net\/tr\/wp-json\/wp\/v2\/media\/117937"}],"wp:attachment":[{"href":"https:\/\/mod.wisdar.net\/tr\/wp-json\/wp\/v2\/media?parent=117953"}],"wp:term":[{"taxonomy":"product_brand","embeddable":true,"href":"https:\/\/mod.wisdar.net\/tr\/wp-json\/wp\/v2\/product_brand?post=117953"},{"taxonomy":"product_cat","embeddable":true,"href":"https:\/\/mod.wisdar.net\/tr\/wp-json\/wp\/v2\/product_cat?post=117953"},{"taxonomy":"product_tag","embeddable":true,"href":"https:\/\/mod.wisdar.net\/tr\/wp-json\/wp\/v2\/product_tag?post=117953"}],"curies":[{"name":"wp","href":"https:\/\/api.w.org\/{rel}","templated":true}]}}