{"id":118013,"date":"2026-02-17T18:10:39","date_gmt":"2026-02-17T18:10:39","guid":{"rendered":"https:\/\/modesthanim.com\/product\/senem-kahverengi-kazak-2\/"},"modified":"2026-02-19T23:11:49","modified_gmt":"2026-02-19T23:11:49","slug":"senem-kahverengi-kazak-2","status":"publish","type":"product","link":"https:\/\/mod.wisdar.net\/tr\/urun\/senem-kahverengi-kazak-2\/","title":{"rendered":"Senem Kahverengi Kazak"},"content":{"rendered":"<p>Bu kazak, birinci s\u0131n\u0131f triko kuma\u015ftan \u00fcretilmi\u015ftir.<br \/>\nD\u00fc\u015f\u00fck omuz tasar\u0131m\u0131na sahiptir.<br \/>\nGeni\u015f kollu yap\u0131s\u0131yla konfor sa\u011flar.<br \/>\nBoy: 50 cm<\/p>\n","protected":false},"excerpt":{"rendered":"<p>Bu kazak, birinci s\u0131n\u0131f triko kuma\u015ftan \u00fcretilmi\u015ftir. D\u00fc\u015f\u00fck omuz tasar\u0131m\u0131na sahiptir. Geni\u015f kollu yap\u0131s\u0131yla konfor sa\u011flar. Boy: 50 cm<\/p>\n","protected":false},"featured_media":118011,"comment_status":"open","ping_status":"closed","template":"","meta":[],"product_brand":[],"product_cat":[1927],"product_tag":[],"class_list":{"0":"post-118013","1":"product","2":"type-product","3":"status-publish","4":"has-post-thumbnail","6":"product_cat-hoodies-sweatshirtler","7":"pa_brand-butikkolik","8":"pa_color-kahverengi","9":"pa_size-std-38-44","11":"first","12":"instock","13":"shipping-taxable","14":"purchasable","15":"product-type-variable"},"_links":{"self":[{"href":"https:\/\/mod.wisdar.net\/tr\/wp-json\/wp\/v2\/product\/118013","targetHints":{"allow":["GET"]}}],"collection":[{"href":"https:\/\/mod.wisdar.net\/tr\/wp-json\/wp\/v2\/product"}],"about":[{"href":"https:\/\/mod.wisdar.net\/tr\/wp-json\/wp\/v2\/types\/product"}],"replies":[{"embeddable":true,"href":"https:\/\/mod.wisdar.net\/tr\/wp-json\/wp\/v2\/comments?post=118013"}],"wp:featuredmedia":[{"embeddable":true,"href":"https:\/\/mod.wisdar.net\/tr\/wp-json\/wp\/v2\/media\/118011"}],"wp:attachment":[{"href":"https:\/\/mod.wisdar.net\/tr\/wp-json\/wp\/v2\/media?parent=118013"}],"wp:term":[{"taxonomy":"product_brand","embeddable":true,"href":"https:\/\/mod.wisdar.net\/tr\/wp-json\/wp\/v2\/product_brand?post=118013"},{"taxonomy":"product_cat","embeddable":true,"href":"https:\/\/mod.wisdar.net\/tr\/wp-json\/wp\/v2\/product_cat?post=118013"},{"taxonomy":"product_tag","embeddable":true,"href":"https:\/\/mod.wisdar.net\/tr\/wp-json\/wp\/v2\/product_tag?post=118013"}],"curies":[{"name":"wp","href":"https:\/\/api.w.org\/{rel}","templated":true}]}}