{"id":118095,"date":"2026-02-17T18:12:00","date_gmt":"2026-02-17T18:12:00","guid":{"rendered":"https:\/\/modesthanim.com\/product\/mavi-v-yaka-kadin-denim-elbise\/"},"modified":"2026-02-24T13:32:59","modified_gmt":"2026-02-24T13:32:59","slug":"mavi-v-yaka-kadin-denim-elbise","status":"publish","type":"product","link":"https:\/\/mod.wisdar.net\/tr\/urun\/mavi-v-yaka-kadin-denim-elbise\/","title":{"rendered":"Mavi V Yaka Kad\u0131n Denim Elbise"},"content":{"rendered":"<p>\u00b7Ana kuma\u015f: %100 Pamuk tan \u00fcretilmi\u015ftir.<br \/>\n\u00b7Spor ve \u015f\u0131k tasr\u0131ml\u0131 olan \u00fcr\u00fcn\u00fcm\u00fcz\u00fc bol kesim kal\u0131b\u0131 sayesinde hamilelik d\u00f6neminiz boyunca ve hamilelik d\u00f6nemi sonras\u0131 g\u00fcnl\u00fck hayat\u0131n\u0131z i\u00e7inde kullanabilirsiniz.<br \/>\n\u00b7Yumu\u015fak kuma\u015f dokusu ile rahat bir kal\u0131ba sahiptir.<br \/>\n\u00b7Beden se\u00e7iminiz i\u00e7in; boyunuz a\u011f\u0131rl\u0131\u011f\u0131n\u0131z ve ka\u00e7\u0131nc\u0131 ayda oldu\u011funuza ba\u011fl\u0131 olarak de\u011fi\u015fkenlik g\u00f6sterece\u011finden tam bedeninizi alman\u0131z tavsiye edilir fakat ara bedenseniz bir b\u00fcy\u00fck beden alman\u0131z tavsiye edilir.<\/p>\n","protected":false},"excerpt":{"rendered":"<p>\u00b7Ana kuma\u015f: %100 Pamuk tan \u00fcretilmi\u015ftir. \u00b7Spor ve \u015f\u0131k tasr\u0131ml\u0131 olan \u00fcr\u00fcn\u00fcm\u00fcz\u00fc bol kesim kal\u0131b\u0131 sayesinde hamilelik d\u00f6neminiz boyunca ve hamilelik d\u00f6nemi sonras\u0131 g\u00fcnl\u00fck hayat\u0131n\u0131z i\u00e7inde kullanabilirsiniz. \u00b7Yumu\u015fak kuma\u015f dokusu ile rahat bir kal\u0131ba sahiptir. \u00b7Beden se\u00e7iminiz i\u00e7in; boyunuz a\u011f\u0131rl\u0131\u011f\u0131n\u0131z ve ka\u00e7\u0131nc\u0131 ayda oldu\u011funuza ba\u011fl\u0131 olarak de\u011fi\u015fkenlik g\u00f6sterece\u011finden tam bedeninizi alman\u0131z tavsiye edilir fakat ara [&hellip;]<\/p>\n","protected":false},"featured_media":118088,"comment_status":"open","ping_status":"closed","template":"","meta":[],"product_brand":[],"product_cat":[8766,8763],"product_tag":[7326,7575,7669,7488],"class_list":{"0":"post-118095","1":"product","2":"type-product","3":"status-publish","4":"has-post-thumbnail","6":"product_cat-hamile-elbiseleri","7":"product_cat-hamilelik-urunleri","8":"product_tag-bol-kesim","9":"product_tag-gunluk-elbise","10":"product_tag-kot-elbise","11":"product_tag-pamuk","12":"pa_brand-luvmabelly","13":"pa_color-mavi","14":"pa_size-l","15":"pa_size-m","16":"pa_size-s","17":"pa_size-xl","19":"first","20":"instock","21":"sale","22":"shipping-taxable","23":"purchasable","24":"product-type-variable"},"_links":{"self":[{"href":"https:\/\/mod.wisdar.net\/tr\/wp-json\/wp\/v2\/product\/118095","targetHints":{"allow":["GET"]}}],"collection":[{"href":"https:\/\/mod.wisdar.net\/tr\/wp-json\/wp\/v2\/product"}],"about":[{"href":"https:\/\/mod.wisdar.net\/tr\/wp-json\/wp\/v2\/types\/product"}],"replies":[{"embeddable":true,"href":"https:\/\/mod.wisdar.net\/tr\/wp-json\/wp\/v2\/comments?post=118095"}],"wp:featuredmedia":[{"embeddable":true,"href":"https:\/\/mod.wisdar.net\/tr\/wp-json\/wp\/v2\/media\/118088"}],"wp:attachment":[{"href":"https:\/\/mod.wisdar.net\/tr\/wp-json\/wp\/v2\/media?parent=118095"}],"wp:term":[{"taxonomy":"product_brand","embeddable":true,"href":"https:\/\/mod.wisdar.net\/tr\/wp-json\/wp\/v2\/product_brand?post=118095"},{"taxonomy":"product_cat","embeddable":true,"href":"https:\/\/mod.wisdar.net\/tr\/wp-json\/wp\/v2\/product_cat?post=118095"},{"taxonomy":"product_tag","embeddable":true,"href":"https:\/\/mod.wisdar.net\/tr\/wp-json\/wp\/v2\/product_tag?post=118095"}],"curies":[{"name":"wp","href":"https:\/\/api.w.org\/{rel}","templated":true}]}}