{"id":118113,"date":"2026-02-17T18:12:17","date_gmt":"2026-02-17T18:12:17","guid":{"rendered":"https:\/\/modesthanim.com\/product\/senem-kazak-krem\/"},"modified":"2026-04-10T22:40:43","modified_gmt":"2026-04-10T22:40:43","slug":"senem-kazak-krem","status":"publish","type":"product","link":"https:\/\/mod.wisdar.net\/tr\/urun\/senem-kazak-krem\/","title":{"rendered":"Senem Kazak Krem"},"content":{"rendered":"<p>Kazak 1. S\u0131n\u0131f triko kuma\u015ftan \u00fcretilmi\u015ftir.<br \/>\nD\u00fc\u015f\u00fck omuzlu tasar\u0131m\u0131yla \u015f\u0131kl\u0131k katmaktad\u0131r.<br \/>\nGeni\u015f kollu yap\u0131s\u0131yla rahat bir kullan\u0131m sunar.<br \/>\nBoy: 50 cm<\/p>\n","protected":false},"excerpt":{"rendered":"<p>Kazak 1. S\u0131n\u0131f triko kuma\u015ftan \u00fcretilmi\u015ftir. D\u00fc\u015f\u00fck omuzlu tasar\u0131m\u0131yla \u015f\u0131kl\u0131k katmaktad\u0131r. Geni\u015f kollu yap\u0131s\u0131yla rahat bir kullan\u0131m sunar. Boy: 50 cm<\/p>\n","protected":false},"featured_media":118105,"comment_status":"open","ping_status":"closed","template":"","meta":[],"product_brand":[],"product_cat":[1927],"product_tag":[],"class_list":{"0":"post-118113","1":"product","2":"type-product","3":"status-publish","4":"has-post-thumbnail","6":"product_cat-hoodies-sweatshirtler","7":"pa_brand-butikkolik","8":"pa_color-krem","9":"pa_size-std-38-44","11":"first","12":"instock","13":"shipping-taxable","14":"purchasable","15":"product-type-variable"},"_links":{"self":[{"href":"https:\/\/mod.wisdar.net\/tr\/wp-json\/wp\/v2\/product\/118113","targetHints":{"allow":["GET"]}}],"collection":[{"href":"https:\/\/mod.wisdar.net\/tr\/wp-json\/wp\/v2\/product"}],"about":[{"href":"https:\/\/mod.wisdar.net\/tr\/wp-json\/wp\/v2\/types\/product"}],"replies":[{"embeddable":true,"href":"https:\/\/mod.wisdar.net\/tr\/wp-json\/wp\/v2\/comments?post=118113"}],"wp:featuredmedia":[{"embeddable":true,"href":"https:\/\/mod.wisdar.net\/tr\/wp-json\/wp\/v2\/media\/118105"}],"wp:attachment":[{"href":"https:\/\/mod.wisdar.net\/tr\/wp-json\/wp\/v2\/media?parent=118113"}],"wp:term":[{"taxonomy":"product_brand","embeddable":true,"href":"https:\/\/mod.wisdar.net\/tr\/wp-json\/wp\/v2\/product_brand?post=118113"},{"taxonomy":"product_cat","embeddable":true,"href":"https:\/\/mod.wisdar.net\/tr\/wp-json\/wp\/v2\/product_cat?post=118113"},{"taxonomy":"product_tag","embeddable":true,"href":"https:\/\/mod.wisdar.net\/tr\/wp-json\/wp\/v2\/product_tag?post=118113"}],"curies":[{"name":"wp","href":"https:\/\/api.w.org\/{rel}","templated":true}]}}