{"id":118335,"date":"2026-02-17T18:18:57","date_gmt":"2026-02-17T18:18:57","guid":{"rendered":"https:\/\/modesthanim.com\/product\/baby-mom-anne-hamile-denim-pantolon-dugmeli-uzun-paca\/"},"modified":"2026-03-27T03:31:35","modified_gmt":"2026-03-27T03:31:35","slug":"baby-mom-anne-hamile-denim-pantolon-dugmeli-uzun-paca","status":"publish","type":"product","link":"https:\/\/mod.wisdar.net\/tr\/urun\/baby-mom-anne-hamile-denim-pantolon-dugmeli-uzun-paca\/","title":{"rendered":"Baby Mom, Anne, Hamile Denim Pantolon, D\u00fc\u011fmeli, Uzun Pa\u00e7a"},"content":{"rendered":"<p>Baby Mom Anne Hamile Denim Pantolon, patiksiz pa\u00e7a tasar\u0131m\u0131 ve normal kal\u0131b\u0131yla g\u00fcnl\u00fck kullan\u0131m i\u00e7in konforlu bir se\u00e7enektir. %100 pamuk i\u00e7eren ana kuma\u015f\u0131 ve %96 pamuk, %4 elastan kar\u0131\u015f\u0131m\u0131ndan olu\u015fan ikinci kuma\u015f\u0131 sayesinde yumu\u015fakl\u0131k ve esneklik sunar. Geni\u015f bel yap\u0131s\u0131yla hamilelik s\u00fcrecinde kar\u0131n b\u00f6lgesini nazik\u00e7e sarar, hareket \u00f6zg\u00fcrl\u00fc\u011f\u00fc sa\u011flar. S bedenden 2XL bedene kadar geni\u015f beden aral\u0131\u011f\u0131yla sunulmakta olup, anne adaylar\u0131n\u0131n hem rahatl\u0131\u011f\u0131n\u0131 hem de \u015f\u0131kl\u0131\u011f\u0131n\u0131 destekler.<\/p>\n<p>\u2014 Technical Details \u2014<br \/>\n\u00dcr\u00fcn Grubu: HDP-Hamile Denim Pantolon<br \/>\nCinsiyet: A<br \/>\nTak\u0131m \/ Tekil: Tekil<br \/>\nFit: Standart<br \/>\nMalzeme T\u00fcr\u00fc: Dokuma<br \/>\nBa\u011flama Tipi: D\u00fc\u011fmeli<br \/>\nMen\u015fei: T\u00fcrkiye<\/p>\n","protected":false},"excerpt":{"rendered":"<p>Baby Mom Anne Hamile Denim Pantolon, patiksiz pa\u00e7a tasar\u0131m\u0131 ve normal kal\u0131b\u0131yla g\u00fcnl\u00fck kullan\u0131m i\u00e7in konforlu bir se\u00e7enektir. %100 pamuk i\u00e7eren ana kuma\u015f\u0131 ve %96 pamuk, %4 elastan kar\u0131\u015f\u0131m\u0131ndan olu\u015fan ikinci kuma\u015f\u0131 sayesinde yumu\u015fakl\u0131k ve esneklik sunar. Geni\u015f bel yap\u0131s\u0131yla hamilelik s\u00fcrecinde kar\u0131n b\u00f6lgesini nazik\u00e7e sarar, hareket \u00f6zg\u00fcrl\u00fc\u011f\u00fc sa\u011flar. S bedenden 2XL bedene kadar geni\u015f [&hellip;]<\/p>\n","protected":false},"featured_media":118328,"comment_status":"open","ping_status":"closed","template":"","meta":[],"product_brand":[],"product_cat":[8769,8763],"product_tag":[],"class_list":{"0":"post-118335","1":"product","2":"type-product","3":"status-publish","4":"has-post-thumbnail","6":"product_cat-hamile-pantolonlari-ve-taytlari","7":"product_cat-hamilelik-urunleri","8":"pa_color-mavi","9":"pa_size-2xl","10":"pa_size-l","11":"pa_size-m","12":"pa_size-s","13":"pa_size-xl","15":"first","16":"outofstock","17":"shipping-taxable","18":"product-type-variable"},"_links":{"self":[{"href":"https:\/\/mod.wisdar.net\/tr\/wp-json\/wp\/v2\/product\/118335","targetHints":{"allow":["GET"]}}],"collection":[{"href":"https:\/\/mod.wisdar.net\/tr\/wp-json\/wp\/v2\/product"}],"about":[{"href":"https:\/\/mod.wisdar.net\/tr\/wp-json\/wp\/v2\/types\/product"}],"replies":[{"embeddable":true,"href":"https:\/\/mod.wisdar.net\/tr\/wp-json\/wp\/v2\/comments?post=118335"}],"wp:featuredmedia":[{"embeddable":true,"href":"https:\/\/mod.wisdar.net\/tr\/wp-json\/wp\/v2\/media\/118328"}],"wp:attachment":[{"href":"https:\/\/mod.wisdar.net\/tr\/wp-json\/wp\/v2\/media?parent=118335"}],"wp:term":[{"taxonomy":"product_brand","embeddable":true,"href":"https:\/\/mod.wisdar.net\/tr\/wp-json\/wp\/v2\/product_brand?post=118335"},{"taxonomy":"product_cat","embeddable":true,"href":"https:\/\/mod.wisdar.net\/tr\/wp-json\/wp\/v2\/product_cat?post=118335"},{"taxonomy":"product_tag","embeddable":true,"href":"https:\/\/mod.wisdar.net\/tr\/wp-json\/wp\/v2\/product_tag?post=118335"}],"curies":[{"name":"wp","href":"https:\/\/api.w.org\/{rel}","templated":true}]}}