{"id":118379,"date":"2026-02-17T18:20:58","date_gmt":"2026-02-17T18:20:58","guid":{"rendered":"https:\/\/modesthanim.com\/product\/anne-giyim-hamile-sweatshirt-mini-me-bisiklet-yaka-kisa-kol-ekru\/"},"modified":"2026-04-15T21:41:43","modified_gmt":"2026-04-15T21:41:43","slug":"anne-giyim-hamile-sweatshirt-mini-me-bisiklet-yaka-kisa-kol-ekru","status":"publish","type":"product","link":"https:\/\/mod.wisdar.net\/tr\/urun\/anne-giyim-hamile-sweatshirt-mini-me-bisiklet-yaka-kisa-kol-ekru\/","title":{"rendered":"Anne Giyim Hamile Sweatshirt Mini Me Bisiklet Yaka K\u0131sa Kol Ekru"},"content":{"rendered":"<p>baby mom Sweatshirt, Ekru, S<br \/>\n\u00dcr\u00fcn Grubu: Hamile Ti\u015f\u00f6rt<br \/>\nYaka Tipi: Bisiklet Yaka<br \/>\nKol Boyu: K\u0131sa Kol<br \/>\nSezon: Sonbahar-K\u0131\u015f<br \/>\nKullan\u0131m Tipi: G\u00fcnl\u00fck Kullan\u0131m<br \/>\nKal\u0131p: Normal Kal\u0131p<br \/>\nKuma\u015f: %100 Pamuk<br \/>\nYumu\u015fak kuma\u015f dokusu ve rahat kal\u0131ba sahiptir.<br \/>\n30 derecede y\u0131kanabilir.<br \/>\nG\u00dcVENLE G\u0130YD\u0130R\u0130N! ebebek tekstil \u00fcr\u00fcnleri bebe\u011finizin g\u00fcvenli\u011fi i\u00e7in kimyasal i\u00e7eriklere kar\u015f\u0131 test edilmi\u015ftir. Bebe\u011finiz i\u00e7in risk olu\u015fturabilecek yutulabilir k\u00fc\u00e7\u00fck par\u00e7alar ve keskin kenarl\u0131 materyaller kullan\u0131lmamaktad\u0131r. Kullan\u0131m s\u0131ras\u0131nda tehlikeli olabilecek uzunlukta ba\u011fc\u0131k ve kordonlar kullan\u0131lmamaktad\u0131r.<br \/>\nTema: Mini Me<br \/>\n\u00dcr\u00fcn Grubu: HMS-Hamile Sweatshirt<br \/>\nCinsiyet: A<br \/>\nYaka Tipi: Bisiklet Yaka<br \/>\nMen\u015fei: T\u00fcrkiye<\/p>\n<p>\u2014 Technical Details \u2014<br \/>\npattern: Hamile \u00dcst Giyim<br \/>\ncinsiyet: A<br \/>\nmen\u015fei: T\u00fcrkiye<br \/>\ntema: Mini Me<br \/>\n\u00fcr\u00fcn_grubu: HMS-Hamile Sweatshirt<br \/>\nyaka_tipi: Bisiklet Yaka<br \/>\nkol_boyu: K\u0131sa Kol<br \/>\nsezon: Sonbahar-K\u0131\u015f<br \/>\nkullan\u0131m_tipi: G\u00fcnl\u00fck Kullan\u0131m<br \/>\nkal\u0131p: Normal Kal\u0131p<\/p>\n","protected":false},"excerpt":{"rendered":"<p>baby mom Sweatshirt, Ekru, S \u00dcr\u00fcn Grubu: Hamile Ti\u015f\u00f6rt Yaka Tipi: Bisiklet Yaka Kol Boyu: K\u0131sa Kol Sezon: Sonbahar-K\u0131\u015f Kullan\u0131m Tipi: G\u00fcnl\u00fck Kullan\u0131m Kal\u0131p: Normal Kal\u0131p Kuma\u015f: %100 Pamuk Yumu\u015fak kuma\u015f dokusu ve rahat kal\u0131ba sahiptir. 30 derecede y\u0131kanabilir. G\u00dcVENLE G\u0130YD\u0130R\u0130N! ebebek tekstil \u00fcr\u00fcnleri bebe\u011finizin g\u00fcvenli\u011fi i\u00e7in kimyasal i\u00e7eriklere kar\u015f\u0131 test edilmi\u015ftir. Bebe\u011finiz i\u00e7in risk [&hellip;]<\/p>\n","protected":false},"featured_media":118372,"comment_status":"open","ping_status":"closed","template":"","meta":[],"product_brand":[],"product_cat":[8763,8772],"product_tag":[8110,7354,7758,7488,6751,7422,7963],"class_list":{"0":"post-118379","1":"product","2":"type-product","3":"status-publish","4":"has-post-thumbnail","6":"product_cat-hamilelik-urunleri","7":"product_cat-pijama-takimlari","8":"product_tag-bisiklet-yaka-2","9":"product_tag-gunluk-giyim-2","10":"product_tag-kis-giyim","11":"product_tag-pamuk","12":"product_tag-rahat","13":"product_tag-sweatshirt","14":"product_tag-turk-modasi","15":"pa_brand-baby-mom","16":"pa_color-ekru","17":"pa_size-2xl","18":"pa_size-l","19":"pa_size-m","20":"pa_size-s","21":"pa_size-xl","23":"first","24":"instock","25":"shipping-taxable","26":"purchasable","27":"product-type-variable"},"_links":{"self":[{"href":"https:\/\/mod.wisdar.net\/tr\/wp-json\/wp\/v2\/product\/118379","targetHints":{"allow":["GET"]}}],"collection":[{"href":"https:\/\/mod.wisdar.net\/tr\/wp-json\/wp\/v2\/product"}],"about":[{"href":"https:\/\/mod.wisdar.net\/tr\/wp-json\/wp\/v2\/types\/product"}],"replies":[{"embeddable":true,"href":"https:\/\/mod.wisdar.net\/tr\/wp-json\/wp\/v2\/comments?post=118379"}],"wp:featuredmedia":[{"embeddable":true,"href":"https:\/\/mod.wisdar.net\/tr\/wp-json\/wp\/v2\/media\/118372"}],"wp:attachment":[{"href":"https:\/\/mod.wisdar.net\/tr\/wp-json\/wp\/v2\/media?parent=118379"}],"wp:term":[{"taxonomy":"product_brand","embeddable":true,"href":"https:\/\/mod.wisdar.net\/tr\/wp-json\/wp\/v2\/product_brand?post=118379"},{"taxonomy":"product_cat","embeddable":true,"href":"https:\/\/mod.wisdar.net\/tr\/wp-json\/wp\/v2\/product_cat?post=118379"},{"taxonomy":"product_tag","embeddable":true,"href":"https:\/\/mod.wisdar.net\/tr\/wp-json\/wp\/v2\/product_tag?post=118379"}],"curies":[{"name":"wp","href":"https:\/\/api.w.org\/{rel}","templated":true}]}}