{"id":118423,"date":"2026-02-17T18:23:19","date_gmt":"2026-02-17T18:23:19","guid":{"rendered":"https:\/\/modesthanim.com\/product\/siyah-beli-ayarlamali-lastikli-kadin-hamile-esofman\/"},"modified":"2026-03-27T03:34:01","modified_gmt":"2026-03-27T03:34:01","slug":"siyah-beli-ayarlamali-lastikli-kadin-hamile-esofman","status":"publish","type":"product","link":"https:\/\/mod.wisdar.net\/tr\/urun\/siyah-beli-ayarlamali-lastikli-kadin-hamile-esofman\/","title":{"rendered":"Siyah Beli Ayarlamal\u0131 Lastikli Kad\u0131n Hamile E\u015fofman"},"content":{"rendered":"<p>\u00b7Ana Kuma\u015f: %95 Pamuk %5 Elastan<\/p>\n<p>\u00b7\u015e\u0131k ve spor olarak tasarlanan \u00fcr\u00fcn\u00fcm\u00fcz\u00fcn belinde lastikte bulunan ilik d\u00fc\u011fme ile diledi\u011finiz gibi bel \u00f6l\u00e7\u00fcs\u00fcn\u00fc ayarlayabilir ve hamilelik d\u00f6neminiz boyunca rahat\u00e7a kullanabilirsiniz.<\/p>\n<p>\u00b7Yumu\u015fak kuma\u015f dokusu ile rahat bir kal\u0131ba sahiptir.<\/p>\n<p>\u00b7Beden se\u00e7iminiz i\u00e7in; boyunuz a\u011f\u0131rl\u0131\u011f\u0131n\u0131z ve ka\u00e7\u0131nc\u0131 ayda oldu\u011funuza ba\u011fl\u0131 olarak de\u011fi\u015fkenlik g\u00f6sterece\u011finden tam bedeninizi alman\u0131z tavsiye edilir fakat ara bedenseniz bir b\u00fcy\u00fck beden alman\u0131z tavsiye edilir.<\/p>\n","protected":false},"excerpt":{"rendered":"<p>\u00b7Ana Kuma\u015f: %95 Pamuk %5 Elastan \u00b7\u015e\u0131k ve spor olarak tasarlanan \u00fcr\u00fcn\u00fcm\u00fcz\u00fcn belinde lastikte bulunan ilik d\u00fc\u011fme ile diledi\u011finiz gibi bel \u00f6l\u00e7\u00fcs\u00fcn\u00fc ayarlayabilir ve hamilelik d\u00f6neminiz boyunca rahat\u00e7a kullanabilirsiniz. \u00b7Yumu\u015fak kuma\u015f dokusu ile rahat bir kal\u0131ba sahiptir. \u00b7Beden se\u00e7iminiz i\u00e7in; boyunuz a\u011f\u0131rl\u0131\u011f\u0131n\u0131z ve ka\u00e7\u0131nc\u0131 ayda oldu\u011funuza ba\u011fl\u0131 olarak de\u011fi\u015fkenlik g\u00f6sterece\u011finden tam bedeninizi alman\u0131z tavsiye edilir [&hellip;]<\/p>\n","protected":false},"featured_media":118416,"comment_status":"open","ping_status":"closed","template":"","meta":[],"product_brand":[],"product_cat":[8769,8763],"product_tag":[7651,7547,6751,7424],"class_list":{"0":"post-118423","1":"product","2":"type-product","3":"status-publish","4":"has-post-thumbnail","6":"product_cat-hamile-pantolonlari-ve-taytlari","7":"product_cat-hamilelik-urunleri","8":"product_tag-esofman-alti","9":"product_tag-kadin-giyim","10":"product_tag-rahat","11":"product_tag-spor-giyim","12":"pa_color-gri","13":"pa_color-siyah","14":"pa_size-2xl","15":"pa_size-3xl","16":"pa_size-l","17":"pa_size-m","18":"pa_size-s","19":"pa_size-xl","21":"first","22":"outofstock","23":"shipping-taxable","24":"product-type-variable"},"_links":{"self":[{"href":"https:\/\/mod.wisdar.net\/tr\/wp-json\/wp\/v2\/product\/118423","targetHints":{"allow":["GET"]}}],"collection":[{"href":"https:\/\/mod.wisdar.net\/tr\/wp-json\/wp\/v2\/product"}],"about":[{"href":"https:\/\/mod.wisdar.net\/tr\/wp-json\/wp\/v2\/types\/product"}],"replies":[{"embeddable":true,"href":"https:\/\/mod.wisdar.net\/tr\/wp-json\/wp\/v2\/comments?post=118423"}],"wp:featuredmedia":[{"embeddable":true,"href":"https:\/\/mod.wisdar.net\/tr\/wp-json\/wp\/v2\/media\/118416"}],"wp:attachment":[{"href":"https:\/\/mod.wisdar.net\/tr\/wp-json\/wp\/v2\/media?parent=118423"}],"wp:term":[{"taxonomy":"product_brand","embeddable":true,"href":"https:\/\/mod.wisdar.net\/tr\/wp-json\/wp\/v2\/product_brand?post=118423"},{"taxonomy":"product_cat","embeddable":true,"href":"https:\/\/mod.wisdar.net\/tr\/wp-json\/wp\/v2\/product_cat?post=118423"},{"taxonomy":"product_tag","embeddable":true,"href":"https:\/\/mod.wisdar.net\/tr\/wp-json\/wp\/v2\/product_tag?post=118423"}],"curies":[{"name":"wp","href":"https:\/\/api.w.org\/{rel}","templated":true}]}}